{"id":829,"date":"2020-11-27T17:15:33","date_gmt":"2020-11-27T16:15:33","guid":{"rendered":"https:\/\/siriuscrime.com\/powrot-anny\/?page_id=829"},"modified":"2021-07-01T12:33:21","modified_gmt":"2021-07-01T10:33:21","slug":"7-zlotych-pytan","status":"publish","type":"page","link":"https:\/\/siriuscrime.com\/powrot-anny\/7-zlotych-pytan\/","title":{"rendered":"7 Z\u0142otych Pyta\u0144"},"content":{"rendered":"\n<div class=\"wp-block-cover alignfull has-background-dim\"><img loading=\"lazy\" decoding=\"async\" width=\"1920\" height=\"1080\" sizes=\"auto, (max-width: 799px) 200vw, (max-width: 1920px) 100vw, 1920px\" class=\"wp-block-cover__image-background wp-image-737\" alt src=\"https:\/\/siriuscrime.com\/powrot-anny\/wp-content\/uploads\/sites\/2\/2020\/11\/Pa-dzien-x1.jpg\" style=\"object-position:50% 100%\" data-object-fit=\"cover\" data-object-position=\"50% 100%\" srcset=\"https:\/\/siriuscrime.com\/powrot-anny\/wp-content\/uploads\/sites\/2\/2020\/11\/Pa-dzien-x1.jpg 1920w, https:\/\/siriuscrime.com\/powrot-anny\/wp-content\/uploads\/sites\/2\/2020\/11\/Pa-dzien-x1-300x169.jpg 300w, https:\/\/siriuscrime.com\/powrot-anny\/wp-content\/uploads\/sites\/2\/2020\/11\/Pa-dzien-x1-1024x576.jpg 1024w, https:\/\/siriuscrime.com\/powrot-anny\/wp-content\/uploads\/sites\/2\/2020\/11\/Pa-dzien-x1-768x432.jpg 768w, https:\/\/siriuscrime.com\/powrot-anny\/wp-content\/uploads\/sites\/2\/2020\/11\/Pa-dzien-x1-1536x864.jpg 1536w, https:\/\/siriuscrime.com\/powrot-anny\/wp-content\/uploads\/sites\/2\/2020\/11\/Pa-dzien-x1-1200x675.jpg 1200w\"><div class=\"wp-block-cover__inner-container is-layout-flow wp-block-cover-is-layout-flow\">\n<h1 class=\"has-text-align-center wp-block-heading\">7 Z\u0142otych Pyta\u0144<\/h1>\n<\/div><\/div>\n\n\n\n<p>\u015aledz\u00adtwo zako\u0144czone.<\/p>\n\n\n\n<p>Przy\u00adnaj\u00admniej takie mam wra\u00ad\u017ce\u00adnie. Wiem ju\u017c chy\u00adba wszyst\u00adko. Wiem, kto pozba\u00adwi\u0142 \u017cycia Ber\u00adnar\u00adda Filip\u00adcza\u00adka, jak, kie\u00addy, dla\u00adcze\u00adgo to zro\u00adbi\u0142. Trze\u00adba to b\u0119dzie jesz\u00adcze udo\u00adwod\u00adni\u0107 przed s\u0105dem, ale tym zaj\u00admie si\u0119 prokurator.<\/p>\n\n\n\n<p>Dzi\u015b wycho\u00addz\u0119 z komi\u00adsa\u00adria\u00adtu nie\u00adco wcze\u00ad\u015bniej. Nie musz\u0119 ju\u017c sie\u00addzie\u0107 po nocach wpa\u00adtru\u00adj\u0105c si\u0119 w skraw\u00adki cudze\u00adgo \u017cycia. Min\u0119\u00ad\u0142y trzy tygo\u00addnie. Z cie\u00adp\u0142ej ko\u0144\u00adc\u00f3w\u00adki lata nagle zro\u00adbi\u00ad\u0142a si\u0119 jesie\u0144. Id\u0119 na pla\u00ad\u017c\u0119 miej\u00adsk\u0105, pod pach\u0105 trzy\u00admam swo\u00adje notat\u00adki. Zamie\u00adrzam przyj\u00adrze\u0107 im si\u0119 po raz ostat\u00adni zanim w ponie\u00addzia\u00ad\u0142ek po\u0142o\u00ad\u017c\u0119 goto\u00adwy raport na biur\u00adku \u017bywieckiego.<\/p>\n\n\n\n<p>Pierw\u00adszy raz widz\u0119 morze jesie\u00adni\u0105. Jest inne ni\u017c latem, ale te\u017c pi\u0119k\u00adne. Zro\u00adbi\u00ad\u0142o si\u0119 jakie\u015b moje. Nie wiem kie\u00addy to si\u0119 sta\u00ad\u0142o, ale w my\u015blach jestem ju\u017c z&nbsp;Gdyni.<\/p>\n\n\n\n<p>Nie potra\u00adfi\u0119 ode\u00adrwa\u0107 si\u0119 od tej spra\u00adwy, to moje pierw\u00adsze powa\u017c\u00adne \u015bledz\u00adtwo. Ostat\u00adni raz zamie\u00adrzam przej\u00adrze\u0107 doku\u00admen\u00adty. Chc\u0119 spoj\u00adrze\u0107 na nie z innej per\u00adspek\u00adty\u00adwy. Pomys\u0142 pod\u00adrzu\u00adci\u0142 mi Piotrzkowski.<\/p>\n\n\n\n<p>\u201c\u017bywiec\u00adki robi tak: zada\u00adje 7 pyta\u0144. Nazy\u00adwa je Z\u0142o\u00adty\u00admi Pyta\u00adnia\u00admi Kry\u00admi\u00adna\u00adli\u00adsty\u00adki. Jak to lecia\u00ad\u0142o\u2026 A! Ju\u017c&nbsp;wiem.<\/p>\n\n\n\n<ol class=\"wp-block-list\"><li>Co si\u0119&nbsp;sta\u0142o?<\/li><li>Kie\u00addy to si\u0119&nbsp;sta\u0142o?<\/li><li>Gdzie to si\u0119&nbsp;sta\u0142o?<\/li><li>Komu to si\u0119&nbsp;sta\u0142o?<\/li><li>Kto to zrobi\u0142?<\/li><li>Jak to zrobi\u0142?<\/li><li>Dla\u00adcze\u00adgo to zrobi\u0142?<\/li><\/ol>\n\n\n\n<p>\u017bywiec\u00adki m\u00f3wi, \u017ce jak zna si\u0119 odpo\u00adwied\u017a na ca\u0142\u0105 si\u00f3\u00addem\u00adk\u0119 to spra\u00adwa jest rozwi\u0105zana.\u201d<\/p>\n\n\n\n<p>Mam te 7 pyta\u0144 spi\u00adsa\u00adnych na kart\u00adce przed sob\u0105. Sprawd\u017a\u00admy po raz ostat\u00adni, czy na ka\u017c\u00adde z nich znam odpowied\u017a.<\/p>\n\n\n\n\u0141aduj\u0119\u2026&nbsp;","protected":false},"excerpt":{"rendered":"<p>\u015aledz\u00adtwo zako\u0144\u00adczo\u00adne. Przy\u00adnaj\u00admniej takie mam wra\u00ad\u017ce\u00adnie. Wiem ju\u017c chy\u00adba wszyst\u00adko. Wiem, kto pozba\u00adwi\u0142 \u017cycia Ber\u00adnar\u00adda Filip\u00adcza\u00adka, jak, kie\u00addy, dla\u00adcze\u00adgo to zro\u00adbi\u0142. Trze\u00adba to b\u0119dzie jesz\u00adcze udo\u00adwod\u00adni\u0107 przed s\u0105dem, ale tym zaj\u00admie si\u0119 pro\u00adku\u00adra\u00adtor. Dzi\u015b wycho\u00addz\u0119 z komi\u00adsa\u00adria\u00adtu nie\u00adco wcze\u00ad\u015bniej. Nie musz\u0119 ju\u017c sie\u00addzie\u0107 po nocach wpa\u00adtru\u00adj\u0105c si\u0119 w skraw\u00adki cudze\u00adgo \u017cycia. Min\u0119\u00ad\u0142y trzy tygo\u00addnie.&nbsp;Z\u2026<\/p>\n","protected":false},"author":1,"featured_media":0,"parent":0,"menu_order":0,"comment_status":"closed","ping_status":"closed","template":"tw-header-transparent.php","meta":{"wp_typography_post_enhancements_disabled":false,"_uag_custom_page_level_css":"","footnotes":""},"class_list":["post-829","page","type-page","status-publish","hentry"],"yoast_head":"<!-- This site is optimized with the Yoast SEO plugin v27.2 - https:\/\/yoast.com\/product\/yoast-seo-wordpress\/ -->\n<title>7 Z\u0142otych Pyta\u0144 - Powr\u00f3t Anny<\/title>\n<meta name=\"robots\" content=\"index, follow, max-snippet:-1, max-image-preview:large, max-video-preview:-1\" \/>\n<link rel=\"canonical\" href=\"https:\/\/siriuscrime.com\/powrot-anny\/7-zlotych-pytan\/\" \/>\n<meta property=\"og:locale\" content=\"pl_PL\" \/>\n<meta property=\"og:type\" content=\"article\" \/>\n<meta property=\"og:title\" content=\"7 Z\u0142otych Pyta\u0144 - Powr\u00f3t Anny\" \/>\n<meta property=\"og:description\" content=\"\u015aledz\u00adtwo zako\u0144czone. Przy\u00adnaj\u00admniej takie mam wra\u00ad\u017ce\u00adnie. Wiem ju\u017c chy\u00adba wszyst\u00adko. Wiem, kto pozba\u00adwi\u0142 \u017cycia Ber\u00adnar\u00adda Filip\u00adcza\u00adka, jak, kie\u00addy, dla\u00adcze\u00adgo to zro\u00adbi\u0142. Trze\u00adba to b\u0119dzie jesz\u00adcze udo\u00adwod\u00adni\u0107 przed s\u0105dem, ale tym zaj\u00admie si\u0119 prokurator. Dzi\u015b wycho\u00addz\u0119 z komi\u00adsa\u00adria\u00adtu nie\u00adco wcze\u00ad\u015bniej. Nie musz\u0119 ju\u017c sie\u00addzie\u0107 po nocach wpa\u00adtru\u00adj\u0105c si\u0119 w skraw\u00adki cudze\u00adgo \u017cycia. Min\u0119\u00ad\u0142y trzy tygo\u00addnie. Z&hellip;\" \/>\n<meta property=\"og:url\" content=\"https:\/\/siriuscrime.com\/powrot-anny\/7-zlotych-pytan\/\" \/>\n<meta property=\"og:site_name\" content=\"Powr\u00f3t Anny\" \/>\n<meta property=\"article:modified_time\" content=\"2021-07-01T10:33:21+00:00\" \/>\n<meta property=\"og:image\" content=\"https:\/\/siriuscrime.com\/powrot-anny\/wp-content\/uploads\/sites\/2\/2020\/11\/Pa-dzien-x1.jpg\" \/>\n<meta name=\"twitter:card\" content=\"summary_large_image\" \/>\n<meta name=\"twitter:label1\" content=\"Szacowany czas czytania\" \/>\n\t<meta name=\"twitter:data1\" content=\"2 minuty\" \/>\n<script type=\"application\/ld+json\" class=\"yoast-schema-graph\">{\"@context\":\"https:\/\/schema.org\",\"@graph\":[{\"@type\":\"WebPage\",\"@id\":\"https:\/\/siriuscrime.com\/powrot-anny\/7-zlotych-pytan\/\",\"url\":\"https:\/\/siriuscrime.com\/powrot-anny\/7-zlotych-pytan\/\",\"name\":\"7 Z\u0142otych Pyta\u0144 - Powr\u00f3t Anny\",\"isPartOf\":{\"@id\":\"https:\/\/siriuscrime.com\/powrot-anny\/#website\"},\"primaryImageOfPage\":{\"@id\":\"https:\/\/siriuscrime.com\/powrot-anny\/7-zlotych-pytan\/#primaryimage\"},\"image\":{\"@id\":\"https:\/\/siriuscrime.com\/powrot-anny\/7-zlotych-pytan\/#primaryimage\"},\"thumbnailUrl\":\"https:\/\/siriuscrime.com\/powrot-anny\/wp-content\/uploads\/sites\/2\/2020\/11\/Pa-dzien-x1.jpg\",\"datePublished\":\"2020-11-27T16:15:33+00:00\",\"dateModified\":\"2021-07-01T10:33:21+00:00\",\"breadcrumb\":{\"@id\":\"https:\/\/siriuscrime.com\/powrot-anny\/7-zlotych-pytan\/#breadcrumb\"},\"inLanguage\":\"pl-PL\",\"potentialAction\":[{\"@type\":\"ReadAction\",\"target\":[\"https:\/\/siriuscrime.com\/powrot-anny\/7-zlotych-pytan\/\"]}]},{\"@type\":\"ImageObject\",\"inLanguage\":\"pl-PL\",\"@id\":\"https:\/\/siriuscrime.com\/powrot-anny\/7-zlotych-pytan\/#primaryimage\",\"url\":\"https:\/\/siriuscrime.com\/powrot-anny\/wp-content\/uploads\/sites\/2\/2020\/11\/Pa-dzien-x1.jpg\",\"contentUrl\":\"https:\/\/siriuscrime.com\/powrot-anny\/wp-content\/uploads\/sites\/2\/2020\/11\/Pa-dzien-x1.jpg\",\"width\":1920,\"height\":1080},{\"@type\":\"BreadcrumbList\",\"@id\":\"https:\/\/siriuscrime.com\/powrot-anny\/7-zlotych-pytan\/#breadcrumb\",\"itemListElement\":[{\"@type\":\"ListItem\",\"position\":1,\"name\":\"Strona g\u0142\u00f3wna\",\"item\":\"https:\/\/siriuscrime.com\/powrot-anny\/\"},{\"@type\":\"ListItem\",\"position\":2,\"name\":\"7 Z\u0142otych Pyta\u0144\"}]},{\"@type\":\"WebSite\",\"@id\":\"https:\/\/siriuscrime.com\/powrot-anny\/#website\",\"url\":\"https:\/\/siriuscrime.com\/powrot-anny\/\",\"name\":\"Powr\u00f3t Anny\",\"description\":\"Gra detektywistyczna\",\"potentialAction\":[{\"@type\":\"SearchAction\",\"target\":{\"@type\":\"EntryPoint\",\"urlTemplate\":\"https:\/\/siriuscrime.com\/powrot-anny\/?s={search_term_string}\"},\"query-input\":{\"@type\":\"PropertyValueSpecification\",\"valueRequired\":true,\"valueName\":\"search_term_string\"}}],\"inLanguage\":\"pl-PL\"}]}<\/script>\n<!-- \/ Yoast SEO plugin. -->","yoast_head_json":{"title":"7 Z\u0142otych Pyta\u0144 - Powr\u00f3t Anny","robots":{"index":"index","follow":"follow","max-snippet":"max-snippet:-1","max-image-preview":"max-image-preview:large","max-video-preview":"max-video-preview:-1"},"canonical":"https:\/\/siriuscrime.com\/powrot-anny\/7-zlotych-pytan\/","og_locale":"pl_PL","og_type":"article","og_title":"7 Z\u0142otych Pyta\u0144 - Powr\u00f3t Anny","og_description":"\u015aledz\u00adtwo zako\u0144czone. Przy\u00adnaj\u00admniej takie mam wra\u00ad\u017ce\u00adnie. Wiem ju\u017c chy\u00adba wszyst\u00adko. Wiem, kto pozba\u00adwi\u0142 \u017cycia Ber\u00adnar\u00adda Filip\u00adcza\u00adka, jak, kie\u00addy, dla\u00adcze\u00adgo to zro\u00adbi\u0142. Trze\u00adba to b\u0119dzie jesz\u00adcze udo\u00adwod\u00adni\u0107 przed s\u0105dem, ale tym zaj\u00admie si\u0119 prokurator. Dzi\u015b wycho\u00addz\u0119 z komi\u00adsa\u00adria\u00adtu nie\u00adco wcze\u00ad\u015bniej. Nie musz\u0119 ju\u017c sie\u00addzie\u0107 po nocach wpa\u00adtru\u00adj\u0105c si\u0119 w skraw\u00adki cudze\u00adgo \u017cycia. Min\u0119\u00ad\u0142y trzy tygo\u00addnie. Z&hellip;","og_url":"https:\/\/siriuscrime.com\/powrot-anny\/7-zlotych-pytan\/","og_site_name":"Powr\u00f3t Anny","article_modified_time":"2021-07-01T10:33:21+00:00","og_image":[{"url":"https:\/\/siriuscrime.com\/powrot-anny\/wp-content\/uploads\/sites\/2\/2020\/11\/Pa-dzien-x1.jpg","type":"","width":"","height":""}],"twitter_card":"summary_large_image","twitter_misc":{"Szacowany czas czytania":"2 minuty"},"schema":{"@context":"https:\/\/schema.org","@graph":[{"@type":"WebPage","@id":"https:\/\/siriuscrime.com\/powrot-anny\/7-zlotych-pytan\/","url":"https:\/\/siriuscrime.com\/powrot-anny\/7-zlotych-pytan\/","name":"7 Z\u0142otych Pyta\u0144 - Powr\u00f3t Anny","isPartOf":{"@id":"https:\/\/siriuscrime.com\/powrot-anny\/#website"},"primaryImageOfPage":{"@id":"https:\/\/siriuscrime.com\/powrot-anny\/7-zlotych-pytan\/#primaryimage"},"image":{"@id":"https:\/\/siriuscrime.com\/powrot-anny\/7-zlotych-pytan\/#primaryimage"},"thumbnailUrl":"https:\/\/siriuscrime.com\/powrot-anny\/wp-content\/uploads\/sites\/2\/2020\/11\/Pa-dzien-x1.jpg","datePublished":"2020-11-27T16:15:33+00:00","dateModified":"2021-07-01T10:33:21+00:00","breadcrumb":{"@id":"https:\/\/siriuscrime.com\/powrot-anny\/7-zlotych-pytan\/#breadcrumb"},"inLanguage":"pl-PL","potentialAction":[{"@type":"ReadAction","target":["https:\/\/siriuscrime.com\/powrot-anny\/7-zlotych-pytan\/"]}]},{"@type":"ImageObject","inLanguage":"pl-PL","@id":"https:\/\/siriuscrime.com\/powrot-anny\/7-zlotych-pytan\/#primaryimage","url":"https:\/\/siriuscrime.com\/powrot-anny\/wp-content\/uploads\/sites\/2\/2020\/11\/Pa-dzien-x1.jpg","contentUrl":"https:\/\/siriuscrime.com\/powrot-anny\/wp-content\/uploads\/sites\/2\/2020\/11\/Pa-dzien-x1.jpg","width":1920,"height":1080},{"@type":"BreadcrumbList","@id":"https:\/\/siriuscrime.com\/powrot-anny\/7-zlotych-pytan\/#breadcrumb","itemListElement":[{"@type":"ListItem","position":1,"name":"Strona g\u0142\u00f3wna","item":"https:\/\/siriuscrime.com\/powrot-anny\/"},{"@type":"ListItem","position":2,"name":"7 Z\u0142otych Pyta\u0144"}]},{"@type":"WebSite","@id":"https:\/\/siriuscrime.com\/powrot-anny\/#website","url":"https:\/\/siriuscrime.com\/powrot-anny\/","name":"Powr\u00f3t Anny","description":"Gra detektywistyczna","potentialAction":[{"@type":"SearchAction","target":{"@type":"EntryPoint","urlTemplate":"https:\/\/siriuscrime.com\/powrot-anny\/?s={search_term_string}"},"query-input":{"@type":"PropertyValueSpecification","valueRequired":true,"valueName":"search_term_string"}}],"inLanguage":"pl-PL"}]}},"uagb_featured_image_src":{"full":false,"thumbnail":false,"medium":false,"medium_large":false,"large":false,"1536x1536":false,"2048x2048":false,"post-thumbnail":false,"twentytwenty-fullscreen":false},"uagb_author_info":{"display_name":"Piotr Budzisz","author_link":"https:\/\/siriuscrime.com\/powrot-anny\/blog\/author\/piotr-budzisz\/"},"uagb_comment_info":0,"uagb_excerpt":"\u015aledz\u00adtwo zako\u0144czone. Przy\u00adnaj\u00admniej takie mam wra\u00ad\u017ce\u00adnie. Wiem ju\u017c chy\u00adba wszyst\u00adko. Wiem, kto pozba\u00adwi\u0142 \u017cycia Ber\u00adnar\u00adda Filip\u00adcza\u00adka, jak, kie\u00addy, dla\u00adcze\u00adgo to zro\u00adbi\u0142. Trze\u00adba to b\u0119dzie jesz\u00adcze udo\u00adwod\u00adni\u0107 przed s\u0105dem, ale tym zaj\u00admie si\u0119 prokurator. Dzi\u015b wycho\u00addz\u0119 z komi\u00adsa\u00adria\u00adtu nie\u00adco wcze\u00ad\u015bniej. Nie musz\u0119 ju\u017c sie\u00addzie\u0107 po nocach wpa\u00adtru\u00adj\u0105c si\u0119 w skraw\u00adki cudze\u00adgo \u017cycia. Min\u0119\u00ad\u0142y trzy tygo\u00addnie. Z&hellip;","jetpack_sharing_enabled":true,"_links":{"self":[{"href":"https:\/\/siriuscrime.com\/powrot-anny\/wp-json\/wp\/v2\/pages\/829","targetHints":{"allow":["GET"]}}],"collection":[{"href":"https:\/\/siriuscrime.com\/powrot-anny\/wp-json\/wp\/v2\/pages"}],"about":[{"href":"https:\/\/siriuscrime.com\/powrot-anny\/wp-json\/wp\/v2\/types\/page"}],"author":[{"embeddable":true,"href":"https:\/\/siriuscrime.com\/powrot-anny\/wp-json\/wp\/v2\/users\/1"}],"replies":[{"embeddable":true,"href":"https:\/\/siriuscrime.com\/powrot-anny\/wp-json\/wp\/v2\/comments?post=829"}],"version-history":[{"count":1,"href":"https:\/\/siriuscrime.com\/powrot-anny\/wp-json\/wp\/v2\/pages\/829\/revisions"}],"predecessor-version":[{"id":1561,"href":"https:\/\/siriuscrime.com\/powrot-anny\/wp-json\/wp\/v2\/pages\/829\/revisions\/1561"}],"wp:attachment":[{"href":"https:\/\/siriuscrime.com\/powrot-anny\/wp-json\/wp\/v2\/media?parent=829"}],"curies":[{"name":"wp","href":"https:\/\/api.w.org\/{rel}","templated":true}]}}