{"id":797,"date":"2020-11-26T17:00:20","date_gmt":"2020-11-26T16:00:20","guid":{"rendered":"https:\/\/siriuscrime.com\/powrot-anny\/?page_id=797"},"modified":"2021-07-01T12:20:58","modified_gmt":"2021-07-01T10:20:58","slug":"raport-nr-7","status":"publish","type":"page","link":"https:\/\/siriuscrime.com\/powrot-anny\/pokoj-detektywa\/raport-nr-7\/","title":{"rendered":"Raport Nr&nbsp;7"},"content":{"rendered":"\n<div class=\"wp-block-cover alignfull has-background-dim\"><img loading=\"lazy\" decoding=\"async\" width=\"1920\" height=\"1080\" sizes=\"auto, (max-width: 799px) 200vw, (max-width: 1920px) 100vw, 1920px\" class=\"wp-block-cover__image-background wp-image-56\" alt src=\"https:\/\/siriuscrime.com\/powrot-anny\/wp-content\/uploads\/sites\/2\/2020\/11\/PA-kontakt.jpg\" data-object-fit=\"cover\" srcset=\"https:\/\/siriuscrime.com\/powrot-anny\/wp-content\/uploads\/sites\/2\/2020\/11\/PA-kontakt.jpg 1920w, https:\/\/siriuscrime.com\/powrot-anny\/wp-content\/uploads\/sites\/2\/2020\/11\/PA-kontakt-300x169.jpg 300w, https:\/\/siriuscrime.com\/powrot-anny\/wp-content\/uploads\/sites\/2\/2020\/11\/PA-kontakt-1024x576.jpg 1024w, https:\/\/siriuscrime.com\/powrot-anny\/wp-content\/uploads\/sites\/2\/2020\/11\/PA-kontakt-768x432.jpg 768w, https:\/\/siriuscrime.com\/powrot-anny\/wp-content\/uploads\/sites\/2\/2020\/11\/PA-kontakt-1536x864.jpg 1536w, https:\/\/siriuscrime.com\/powrot-anny\/wp-content\/uploads\/sites\/2\/2020\/11\/PA-kontakt-1200x675.jpg 1200w\"><div class=\"wp-block-cover__inner-container is-layout-flow wp-block-cover-is-layout-flow\">\n<h1 class=\"has-text-align-center wp-block-heading\">Raport Nr&nbsp;7<\/h1>\n<\/div><\/div>\n\n\n\n<ul class=\"is-style-tw-dash wp-block-list\"><li>O, to dla mnie? \u2013 z zasko\u00adcze\u00adniem ode\u00adzwa\u0142 si\u0119 \u017bywiec\u00adki, wyci\u0105\u00adga\u00adj\u0105c r\u0119k\u0119 w kie\u00adrun\u00adku czekoladek.<\/li><\/ul>\n\n\n\n<p>Nie wiem sk\u0105d ten pomys\u0142 z cze\u00adko\u00adlad\u00adka\u00admi. G\u0142u\u00adpio mi by\u0142o przy\u00adcho\u00addzi\u0107 z pusty\u00admi r\u0119ko\u00adma. To ostat\u00adni dzie\u0144, jak mog\u0119 liczy\u0107 na rady \u017bywiec\u00adkie\u00adgo. Nie\u00adunik\u00adnio\u00adne by\u0142o to, co za chwi\u00adl\u0119 zamie\u00adrza\u0142 powiedzie\u0107.<\/p>\n\n\n\n<ul class=\"is-style-tw-dash wp-block-list\"><li>Lubi\u0119 s\u0142o\u00addy\u00adcze, ale nie prze\u00adku\u00adpisz mnie, je\u015bli liczysz na dodat\u00adko\u00adwe dni \u015bledz\u00adtwa. Nie\u00adste\u00adty, to ju\u017c fak\u00adtycz\u00adnie ostat\u00adnia nasza roz\u00admo\u00adwa, zanim z\u0142o\u00ad\u017cysz mi raport. Wszyst\u00adko, co do tej pory uda\u00ad\u0142o Ci si\u0119 zdo\u00adby\u0107, trze\u00adba zebra\u0107 i posk\u0142a\u00adda\u0107 w ca\u0142o\u015b\u0107. To naj\u00adtrud\u00adniej\u00adsze zada\u00adnie, dobrze o tym wiem, ale two\u00adje wyni\u00adki prze\u00adkro\u00adczy\u00ad\u0142y moje pocz\u0105t\u00adko\u00adwe oczekiwania.&nbsp;<\/li><\/ul>\n\n\n\n<p>Na biur\u00adku po\u0142o\u00ad\u017cy\u00ad\u0142em naj\u00adnow\u00adsze doku\u00admen\u00adty. \u017bywiec\u00adki od razu zabra\u0142 z biur\u00adka czer\u00adwo\u00adny d\u0142u\u00adgo\u00adpis, aby zakre\u00ad\u015bli\u0107 swo\u00adje cen\u00adne uwa\u00adgi. Spoj\u00adrza\u0142 na mnie zza doku\u00admen\u00adt\u00f3w, dodaj\u0105c:<\/p>\n\n\n\n<ul class=\"is-style-tw-dash wp-block-list\"><li>To ostat\u00adni raz, pami\u0119\u00adtaj! Daj sobie week\u00adend na prze\u00admy\u00ad\u015ble\u00adnie i w ponie\u00addzia\u00ad\u0142ek b\u0119d\u0119 cze\u00adka\u0142 na tw\u00f3j ko\u0144\u00adco\u00adwy raport.<\/li><\/ul>\n\n\n\n<h2 class=\"wp-block-heading\">Prawda czy&nbsp;Fa\u0142sz?<\/h2>\n\n\n\n<ol class=\"wp-block-list\"><li>Gabry\u00adsia jest uko\u00adcha\u00adn\u0105 Bernarda.<\/li><li>Anna lubi s\u0142odycze.<\/li><li>Fry\u00adde\u00adry\u00adka nie by\u0142o przy umie\u00adra\u00adj\u0105\u00adcym&nbsp;ojcu.<\/li><\/ol>\n\n\n\n<p>Znasz odpo\u00adwied\u017a na pyta\u00adnia \u017bywiec\u00adkie\u00adgo? W takim razie klik\u00adnij przy\u00adcisk poni\u00ad\u017cej \u201eZnam ju\u017c odpo\u00adwied\u017a\u201d i podaj has\u0142o do stro\u00adny z nagrodami.<\/p>\n\n\n\n<p>Has\u0142o to kom\u00adbi\u00adna\u00adcja <strong>du\u017cych<\/strong> liter <strong>P<\/strong> i <strong>F<\/strong> poda\u00adna w takiej samej kolej\u00adno\u00ad\u015bci, w jakiej opu\u00adbli\u00adko\u00adwa\u00adno powy\u00ad\u017cej zdania.<\/p>\n\n\n\n<div class=\"wp-block-buttons is-content-justification-center is-layout-flex wp-block-buttons-is-layout-flex\">\n<div class=\"wp-block-button\"><a class=\"wp-block-button__link\" href=\"https:\/\/siriuscrime.com\/powrot-anny\/pokoj-detektywa\/uwagi-komisarza-zywieckiego-nr-7\">Znam odpo\u00adwied\u017a<\/a><\/div>\n<\/div>\n","protected":false},"excerpt":{"rendered":"<p>O, to dla mnie? \u2013 z zasko\u00adcze\u00adniem ode\u00adzwa\u0142 si\u0119 \u017bywiec\u00adki, wyci\u0105\u00adga\u00adj\u0105c r\u0119k\u0119 w kie\u00adrun\u00adku cze\u00adko\u00adla\u00addek. Nie wiem sk\u0105d ten pomys\u0142 z cze\u00adko\u00adlad\u00adka\u00admi. G\u0142u\u00adpio mi by\u0142o przy\u00adcho\u00addzi\u0107 z pusty\u00admi r\u0119ko\u00adma. To ostat\u00adni dzie\u0144, jak mog\u0119 liczy\u0107 na rady \u017bywiec\u00adkie\u00adgo. Nie\u00adunik\u00adnio\u00adne by\u0142o to, co za chwi\u00adl\u0119 zamie\u00adrza\u0142 powie\u00addzie\u0107. Lubi\u0119 s\u0142o\u00addy\u00adcze, ale nie prze\u00adku\u00adpisz mnie, je\u015bli liczysz na\u2026<\/p>\n","protected":false},"author":1,"featured_media":0,"parent":103,"menu_order":0,"comment_status":"closed","ping_status":"closed","template":"tw-header-transparent.php","meta":{"wp_typography_post_enhancements_disabled":false,"_uag_custom_page_level_css":"","footnotes":""},"class_list":["post-797","page","type-page","status-publish","hentry"],"yoast_head":"<!-- This site is optimized with the Yoast SEO plugin v27.2 - https:\/\/yoast.com\/product\/yoast-seo-wordpress\/ -->\n<title>Raport Nr 7 - Powr\u00f3t Anny<\/title>\n<meta name=\"robots\" content=\"index, follow, max-snippet:-1, max-image-preview:large, max-video-preview:-1\" \/>\n<link rel=\"canonical\" href=\"https:\/\/siriuscrime.com\/powrot-anny\/pokoj-detektywa\/raport-nr-7\/\" \/>\n<meta property=\"og:locale\" content=\"pl_PL\" \/>\n<meta property=\"og:type\" content=\"article\" \/>\n<meta property=\"og:title\" content=\"Raport Nr 7 - Powr\u00f3t Anny\" \/>\n<meta property=\"og:description\" content=\"O, to dla mnie? \u2013 z zasko\u00adcze\u00adniem ode\u00adzwa\u0142 si\u0119 \u017bywiec\u00adki, wyci\u0105\u00adga\u00adj\u0105c r\u0119k\u0119 w kie\u00adrun\u00adku czekoladek. Nie wiem sk\u0105d ten pomys\u0142 z cze\u00adko\u00adlad\u00adka\u00admi. G\u0142u\u00adpio mi by\u0142o przy\u00adcho\u00addzi\u0107 z pusty\u00admi r\u0119ko\u00adma. To ostat\u00adni dzie\u0144, jak mog\u0119 liczy\u0107 na rady \u017bywiec\u00adkie\u00adgo. Nie\u00adunik\u00adnio\u00adne by\u0142o to, co za chwi\u00adl\u0119 zamie\u00adrza\u0142 powiedzie\u0107. Lubi\u0119 s\u0142o\u00addy\u00adcze, ale nie prze\u00adku\u00adpisz mnie, je\u015bli liczysz na&hellip;\" \/>\n<meta property=\"og:url\" content=\"https:\/\/siriuscrime.com\/powrot-anny\/pokoj-detektywa\/raport-nr-7\/\" \/>\n<meta property=\"og:site_name\" content=\"Powr\u00f3t Anny\" \/>\n<meta property=\"article:modified_time\" content=\"2021-07-01T10:20:58+00:00\" \/>\n<meta property=\"og:image\" content=\"https:\/\/siriuscrime.com\/powrot-anny\/wp-content\/uploads\/sites\/2\/2020\/11\/PA-kontakt.jpg\" \/>\n<meta name=\"twitter:card\" content=\"summary_large_image\" \/>\n<meta name=\"twitter:label1\" content=\"Szacowany czas czytania\" \/>\n\t<meta name=\"twitter:data1\" content=\"2 minuty\" \/>\n<script type=\"application\/ld+json\" class=\"yoast-schema-graph\">{\"@context\":\"https:\/\/schema.org\",\"@graph\":[{\"@type\":\"WebPage\",\"@id\":\"https:\/\/siriuscrime.com\/powrot-anny\/pokoj-detektywa\/raport-nr-7\/\",\"url\":\"https:\/\/siriuscrime.com\/powrot-anny\/pokoj-detektywa\/raport-nr-7\/\",\"name\":\"Raport Nr 7 - Powr\u00f3t Anny\",\"isPartOf\":{\"@id\":\"https:\/\/siriuscrime.com\/powrot-anny\/#website\"},\"primaryImageOfPage\":{\"@id\":\"https:\/\/siriuscrime.com\/powrot-anny\/pokoj-detektywa\/raport-nr-7\/#primaryimage\"},\"image\":{\"@id\":\"https:\/\/siriuscrime.com\/powrot-anny\/pokoj-detektywa\/raport-nr-7\/#primaryimage\"},\"thumbnailUrl\":\"https:\/\/siriuscrime.com\/powrot-anny\/wp-content\/uploads\/sites\/2\/2020\/11\/PA-kontakt.jpg\",\"datePublished\":\"2020-11-26T16:00:20+00:00\",\"dateModified\":\"2021-07-01T10:20:58+00:00\",\"breadcrumb\":{\"@id\":\"https:\/\/siriuscrime.com\/powrot-anny\/pokoj-detektywa\/raport-nr-7\/#breadcrumb\"},\"inLanguage\":\"pl-PL\",\"potentialAction\":[{\"@type\":\"ReadAction\",\"target\":[\"https:\/\/siriuscrime.com\/powrot-anny\/pokoj-detektywa\/raport-nr-7\/\"]}]},{\"@type\":\"ImageObject\",\"inLanguage\":\"pl-PL\",\"@id\":\"https:\/\/siriuscrime.com\/powrot-anny\/pokoj-detektywa\/raport-nr-7\/#primaryimage\",\"url\":\"https:\/\/siriuscrime.com\/powrot-anny\/wp-content\/uploads\/sites\/2\/2020\/11\/PA-kontakt.jpg\",\"contentUrl\":\"https:\/\/siriuscrime.com\/powrot-anny\/wp-content\/uploads\/sites\/2\/2020\/11\/PA-kontakt.jpg\",\"width\":1920,\"height\":1080},{\"@type\":\"BreadcrumbList\",\"@id\":\"https:\/\/siriuscrime.com\/powrot-anny\/pokoj-detektywa\/raport-nr-7\/#breadcrumb\",\"itemListElement\":[{\"@type\":\"ListItem\",\"position\":1,\"name\":\"Strona g\u0142\u00f3wna\",\"item\":\"https:\/\/siriuscrime.com\/powrot-anny\/\"},{\"@type\":\"ListItem\",\"position\":2,\"name\":\"Pok\u00f3j detektywa\",\"item\":\"https:\/\/siriuscrime.com\/powrot-anny\/pokoj-detektywa\/\"},{\"@type\":\"ListItem\",\"position\":3,\"name\":\"Raport Nr&nbsp;7\"}]},{\"@type\":\"WebSite\",\"@id\":\"https:\/\/siriuscrime.com\/powrot-anny\/#website\",\"url\":\"https:\/\/siriuscrime.com\/powrot-anny\/\",\"name\":\"Powr\u00f3t Anny\",\"description\":\"Gra detektywistyczna\",\"potentialAction\":[{\"@type\":\"SearchAction\",\"target\":{\"@type\":\"EntryPoint\",\"urlTemplate\":\"https:\/\/siriuscrime.com\/powrot-anny\/?s={search_term_string}\"},\"query-input\":{\"@type\":\"PropertyValueSpecification\",\"valueRequired\":true,\"valueName\":\"search_term_string\"}}],\"inLanguage\":\"pl-PL\"}]}<\/script>\n<!-- \/ Yoast SEO plugin. -->","yoast_head_json":{"title":"Raport Nr 7 - Powr\u00f3t Anny","robots":{"index":"index","follow":"follow","max-snippet":"max-snippet:-1","max-image-preview":"max-image-preview:large","max-video-preview":"max-video-preview:-1"},"canonical":"https:\/\/siriuscrime.com\/powrot-anny\/pokoj-detektywa\/raport-nr-7\/","og_locale":"pl_PL","og_type":"article","og_title":"Raport Nr 7 - Powr\u00f3t Anny","og_description":"O, to dla mnie? \u2013 z zasko\u00adcze\u00adniem ode\u00adzwa\u0142 si\u0119 \u017bywiec\u00adki, wyci\u0105\u00adga\u00adj\u0105c r\u0119k\u0119 w kie\u00adrun\u00adku czekoladek. Nie wiem sk\u0105d ten pomys\u0142 z cze\u00adko\u00adlad\u00adka\u00admi. G\u0142u\u00adpio mi by\u0142o przy\u00adcho\u00addzi\u0107 z pusty\u00admi r\u0119ko\u00adma. To ostat\u00adni dzie\u0144, jak mog\u0119 liczy\u0107 na rady \u017bywiec\u00adkie\u00adgo. Nie\u00adunik\u00adnio\u00adne by\u0142o to, co za chwi\u00adl\u0119 zamie\u00adrza\u0142 powiedzie\u0107. Lubi\u0119 s\u0142o\u00addy\u00adcze, ale nie prze\u00adku\u00adpisz mnie, je\u015bli liczysz na&hellip;","og_url":"https:\/\/siriuscrime.com\/powrot-anny\/pokoj-detektywa\/raport-nr-7\/","og_site_name":"Powr\u00f3t Anny","article_modified_time":"2021-07-01T10:20:58+00:00","og_image":[{"url":"https:\/\/siriuscrime.com\/powrot-anny\/wp-content\/uploads\/sites\/2\/2020\/11\/PA-kontakt.jpg","type":"","width":"","height":""}],"twitter_card":"summary_large_image","twitter_misc":{"Szacowany czas czytania":"2 minuty"},"schema":{"@context":"https:\/\/schema.org","@graph":[{"@type":"WebPage","@id":"https:\/\/siriuscrime.com\/powrot-anny\/pokoj-detektywa\/raport-nr-7\/","url":"https:\/\/siriuscrime.com\/powrot-anny\/pokoj-detektywa\/raport-nr-7\/","name":"Raport Nr 7 - Powr\u00f3t Anny","isPartOf":{"@id":"https:\/\/siriuscrime.com\/powrot-anny\/#website"},"primaryImageOfPage":{"@id":"https:\/\/siriuscrime.com\/powrot-anny\/pokoj-detektywa\/raport-nr-7\/#primaryimage"},"image":{"@id":"https:\/\/siriuscrime.com\/powrot-anny\/pokoj-detektywa\/raport-nr-7\/#primaryimage"},"thumbnailUrl":"https:\/\/siriuscrime.com\/powrot-anny\/wp-content\/uploads\/sites\/2\/2020\/11\/PA-kontakt.jpg","datePublished":"2020-11-26T16:00:20+00:00","dateModified":"2021-07-01T10:20:58+00:00","breadcrumb":{"@id":"https:\/\/siriuscrime.com\/powrot-anny\/pokoj-detektywa\/raport-nr-7\/#breadcrumb"},"inLanguage":"pl-PL","potentialAction":[{"@type":"ReadAction","target":["https:\/\/siriuscrime.com\/powrot-anny\/pokoj-detektywa\/raport-nr-7\/"]}]},{"@type":"ImageObject","inLanguage":"pl-PL","@id":"https:\/\/siriuscrime.com\/powrot-anny\/pokoj-detektywa\/raport-nr-7\/#primaryimage","url":"https:\/\/siriuscrime.com\/powrot-anny\/wp-content\/uploads\/sites\/2\/2020\/11\/PA-kontakt.jpg","contentUrl":"https:\/\/siriuscrime.com\/powrot-anny\/wp-content\/uploads\/sites\/2\/2020\/11\/PA-kontakt.jpg","width":1920,"height":1080},{"@type":"BreadcrumbList","@id":"https:\/\/siriuscrime.com\/powrot-anny\/pokoj-detektywa\/raport-nr-7\/#breadcrumb","itemListElement":[{"@type":"ListItem","position":1,"name":"Strona g\u0142\u00f3wna","item":"https:\/\/siriuscrime.com\/powrot-anny\/"},{"@type":"ListItem","position":2,"name":"Pok\u00f3j detektywa","item":"https:\/\/siriuscrime.com\/powrot-anny\/pokoj-detektywa\/"},{"@type":"ListItem","position":3,"name":"Raport Nr&nbsp;7"}]},{"@type":"WebSite","@id":"https:\/\/siriuscrime.com\/powrot-anny\/#website","url":"https:\/\/siriuscrime.com\/powrot-anny\/","name":"Powr\u00f3t Anny","description":"Gra detektywistyczna","potentialAction":[{"@type":"SearchAction","target":{"@type":"EntryPoint","urlTemplate":"https:\/\/siriuscrime.com\/powrot-anny\/?s={search_term_string}"},"query-input":{"@type":"PropertyValueSpecification","valueRequired":true,"valueName":"search_term_string"}}],"inLanguage":"pl-PL"}]}},"uagb_featured_image_src":{"full":false,"thumbnail":false,"medium":false,"medium_large":false,"large":false,"1536x1536":false,"2048x2048":false,"post-thumbnail":false,"twentytwenty-fullscreen":false},"uagb_author_info":{"display_name":"Piotr Budzisz","author_link":"https:\/\/siriuscrime.com\/powrot-anny\/blog\/author\/piotr-budzisz\/"},"uagb_comment_info":0,"uagb_excerpt":"O, to dla mnie? \u2013 z zasko\u00adcze\u00adniem ode\u00adzwa\u0142 si\u0119 \u017bywiec\u00adki, wyci\u0105\u00adga\u00adj\u0105c r\u0119k\u0119 w kie\u00adrun\u00adku czekoladek. Nie wiem sk\u0105d ten pomys\u0142 z cze\u00adko\u00adlad\u00adka\u00admi. G\u0142u\u00adpio mi by\u0142o przy\u00adcho\u00addzi\u0107 z pusty\u00admi r\u0119ko\u00adma. To ostat\u00adni dzie\u0144, jak mog\u0119 liczy\u0107 na rady \u017bywiec\u00adkie\u00adgo. Nie\u00adunik\u00adnio\u00adne by\u0142o to, co za chwi\u00adl\u0119 zamie\u00adrza\u0142 powiedzie\u0107. Lubi\u0119 s\u0142o\u00addy\u00adcze, ale nie prze\u00adku\u00adpisz mnie, je\u015bli liczysz na&hellip;","jetpack_sharing_enabled":true,"_links":{"self":[{"href":"https:\/\/siriuscrime.com\/powrot-anny\/wp-json\/wp\/v2\/pages\/797","targetHints":{"allow":["GET"]}}],"collection":[{"href":"https:\/\/siriuscrime.com\/powrot-anny\/wp-json\/wp\/v2\/pages"}],"about":[{"href":"https:\/\/siriuscrime.com\/powrot-anny\/wp-json\/wp\/v2\/types\/page"}],"author":[{"embeddable":true,"href":"https:\/\/siriuscrime.com\/powrot-anny\/wp-json\/wp\/v2\/users\/1"}],"replies":[{"embeddable":true,"href":"https:\/\/siriuscrime.com\/powrot-anny\/wp-json\/wp\/v2\/comments?post=797"}],"version-history":[{"count":1,"href":"https:\/\/siriuscrime.com\/powrot-anny\/wp-json\/wp\/v2\/pages\/797\/revisions"}],"predecessor-version":[{"id":1548,"href":"https:\/\/siriuscrime.com\/powrot-anny\/wp-json\/wp\/v2\/pages\/797\/revisions\/1548"}],"up":[{"embeddable":true,"href":"https:\/\/siriuscrime.com\/powrot-anny\/wp-json\/wp\/v2\/pages\/103"}],"wp:attachment":[{"href":"https:\/\/siriuscrime.com\/powrot-anny\/wp-json\/wp\/v2\/media?parent=797"}],"curies":[{"name":"wp","href":"https:\/\/api.w.org\/{rel}","templated":true}]}}