{"id":763,"date":"2020-11-26T16:52:15","date_gmt":"2020-11-26T15:52:15","guid":{"rendered":"https:\/\/siriuscrime.com\/powrot-anny\/?page_id=763"},"modified":"2021-07-01T12:02:40","modified_gmt":"2021-07-01T10:02:40","slug":"raport-nr-6","status":"publish","type":"page","link":"https:\/\/siriuscrime.com\/powrot-anny\/pokoj-detektywa\/raport-nr-6\/","title":{"rendered":"Raport Nr&nbsp;6"},"content":{"rendered":"\n<div class=\"wp-block-cover alignfull has-background-dim\"><img loading=\"lazy\" decoding=\"async\" width=\"1920\" height=\"1080\" sizes=\"auto, (max-width: 799px) 200vw, (max-width: 1920px) 100vw, 1920px\" class=\"wp-block-cover__image-background wp-image-56\" alt src=\"https:\/\/siriuscrime.com\/powrot-anny\/wp-content\/uploads\/sites\/2\/2020\/11\/PA-kontakt.jpg\" style=\"object-position:50% 100%\" data-object-fit=\"cover\" data-object-position=\"50% 100%\" srcset=\"https:\/\/siriuscrime.com\/powrot-anny\/wp-content\/uploads\/sites\/2\/2020\/11\/PA-kontakt.jpg 1920w, https:\/\/siriuscrime.com\/powrot-anny\/wp-content\/uploads\/sites\/2\/2020\/11\/PA-kontakt-300x169.jpg 300w, https:\/\/siriuscrime.com\/powrot-anny\/wp-content\/uploads\/sites\/2\/2020\/11\/PA-kontakt-1024x576.jpg 1024w, https:\/\/siriuscrime.com\/powrot-anny\/wp-content\/uploads\/sites\/2\/2020\/11\/PA-kontakt-768x432.jpg 768w, https:\/\/siriuscrime.com\/powrot-anny\/wp-content\/uploads\/sites\/2\/2020\/11\/PA-kontakt-1536x864.jpg 1536w, https:\/\/siriuscrime.com\/powrot-anny\/wp-content\/uploads\/sites\/2\/2020\/11\/PA-kontakt-1200x675.jpg 1200w\"><div class=\"wp-block-cover__inner-container is-layout-flow wp-block-cover-is-layout-flow\">\n<h1 class=\"has-text-align-center wp-block-heading\">Raport Nr&nbsp;6<\/h1>\n<\/div><\/div>\n\n\n\n<p>Sto\u00adj\u0105c przed drzwia\u00admi do gabi\u00adne\u00adtu \u017bywiec\u00adkie\u00adgo, zro\u00addzi\u00ad\u0142o si\u0119 we mnie zawa\u00adha\u00adnie. Nadal zasta\u00adna\u00adwia\u00ad\u0142o mnie, co mia\u0142 na my\u015bli, m\u00f3wi\u0105c, \u017ce przede mn\u0105 by\u0142 ju\u017c ostat\u00adni test. Spra\u00adwa nadal nie zosta\u00ad\u0142a zako\u0144\u00adczo\u00adna, nadal bra\u00adku\u00adje mi kil\u00adku puz\u00adzli w tej uk\u0142a\u00addan\u00adce. Potrze\u00adbu\u00adj\u0119 jego wsparcia.&nbsp;<\/p>\n\n\n\n<ul class=\"is-style-tw-dash wp-block-list\"><li>A co tak sto\u00adisz jak ko\u0142ek? Nie zamie\u00adrzasz zapuka\u0107?<\/li><\/ul>\n\n\n\n<p>Us\u0142y\u00adsza\u00ad\u0142em g\u0142os zza ple\u00adc\u00f3w. To by\u0142 \u017bywiec\u00adki. Ni\u00f3s\u0142 w obu r\u0119kach dwie paru\u00adj\u0105\u00adce czar\u00adne&nbsp;kawy.&nbsp;<\/p>\n\n\n\n<ul class=\"is-style-tw-dash wp-block-list\"><li>Wie\u00addzia\u00ad\u0142em, \u017ce przyj\u00addziesz. Wejd\u017a, opo\u00adwiesz mi przy kawie, jakie nowe dowo\u00addy wysz\u0142y na jaw w spra\u00adwie Filip\u00adcza\u00adka. Spr\u00f3\u00adbu\u00adj\u0119 dora\u00addzi\u0107 Ci z w\u0142a\u00adsne\u00adgo do\u015bwiad\u00adcze\u00adnia, na co powi\u00adnie\u00adne\u015b zwr\u00f3\u00adci\u0107 uwa\u00adg\u0119, ale czu\u00adj\u0119, \u017ce nawet bez mojej pomo\u00adcy dasz rad\u0119 doci\u0105\u00adgn\u0105\u0107 to do&nbsp;ko\u0144ca.<\/li><\/ul>\n\n\n\n<p>Nie pozo\u00adsta\u00ad\u0142o mi nic inne\u00adgo, jak zamkn\u0105\u0107 za sob\u0105 drzwi i po raz kolej\u00adny ws\u0142u\u00adcha\u0107 si\u0119 w pyta\u00adnia \u017bywieckiego.<\/p>\n\n\n\n<h2 class=\"wp-block-heading\">Prawda czy&nbsp;Fa\u0142sz?<\/h2>\n\n\n\n<ol class=\"wp-block-list\"><li>W ogro\u00addzie Filip\u00adcza\u00adk\u00f3w&nbsp; znisz\u00adcze\u00adniu uleg\u0142 jedy\u00adnie bluszcz.<\/li><li>Edward kocha Ann\u0119 bar\u00addziej, ni\u017c Kazimierz.<\/li><li>Ceza\u00adry wyol\u00adbrzy\u00admia pobicie.<\/li><\/ol>\n\n\n\n<p>Znasz odpo\u00adwied\u017a na pyta\u00adnia \u017bywiec\u00adkie\u00adgo? W takim razie klik\u00adnij przy\u00adcisk poni\u00ad\u017cej \u201eZnam ju\u017c odpo\u00adwied\u017a\u201d i podaj has\u0142o do stro\u00adny z nagrodami.<\/p>\n\n\n\n<p>Has\u0142o to kom\u00adbi\u00adna\u00adcja <strong>du\u017cych<\/strong> liter <strong>P<\/strong> i <strong>F<\/strong> poda\u00adna w takiej samej kolej\u00adno\u00ad\u015bci, w jakiej opu\u00adbli\u00adko\u00adwa\u00adno powy\u00ad\u017cej zdania.<\/p>\n\n\n\n<div class=\"wp-block-buttons is-content-justification-center is-layout-flex wp-block-buttons-is-layout-flex\">\n<div class=\"wp-block-button\"><a class=\"wp-block-button__link\" href=\"https:\/\/siriuscrime.com\/powrot-anny\/pokoj-detektywa\/uwagi-komisarza-zywieckiego-nr-6\">Znam odpo\u00adwied\u017a<\/a><\/div>\n<\/div>\n","protected":false},"excerpt":{"rendered":"<p>Sto\u00adj\u0105c przed drzwia\u00admi do gabi\u00adne\u00adtu \u017bywiec\u00adkie\u00adgo, zro\u00addzi\u00ad\u0142o si\u0119 we mnie zawa\u00adha\u00adnie. Nadal zasta\u00adna\u00adwia\u00ad\u0142o mnie, co mia\u0142 na my\u015bli, m\u00f3wi\u0105c, \u017ce przede mn\u0105 by\u0142 ju\u017c ostat\u00adni test. Spra\u00adwa nadal nie zosta\u00ad\u0142a zako\u0144\u00adczo\u00adna, nadal bra\u00adku\u00adje mi kil\u00adku puz\u00adzli w tej uk\u0142a\u00addan\u00adce. Potrze\u00adbu\u00adj\u0119 jego wspar\u00adcia.&nbsp; A co tak sto\u00adisz jak ko\u0142ek? Nie zamie\u00adrzasz zapu\u00adka\u0107? Us\u0142y\u00adsza\u00ad\u0142em g\u0142os zza plec\u00f3w.\u2026<\/p>\n","protected":false},"author":1,"featured_media":0,"parent":103,"menu_order":0,"comment_status":"closed","ping_status":"closed","template":"tw-header-transparent.php","meta":{"wp_typography_post_enhancements_disabled":false,"_uag_custom_page_level_css":"","footnotes":""},"class_list":["post-763","page","type-page","status-publish","hentry"],"yoast_head":"<!-- This site is optimized with the Yoast SEO plugin v27.2 - https:\/\/yoast.com\/product\/yoast-seo-wordpress\/ -->\n<title>Raport Nr 6 - Powr\u00f3t Anny<\/title>\n<meta name=\"robots\" content=\"index, follow, max-snippet:-1, max-image-preview:large, max-video-preview:-1\" \/>\n<link rel=\"canonical\" href=\"https:\/\/siriuscrime.com\/powrot-anny\/pokoj-detektywa\/raport-nr-6\/\" \/>\n<meta property=\"og:locale\" content=\"pl_PL\" \/>\n<meta property=\"og:type\" content=\"article\" \/>\n<meta property=\"og:title\" content=\"Raport Nr 6 - Powr\u00f3t Anny\" \/>\n<meta property=\"og:description\" content=\"Sto\u00adj\u0105c przed drzwia\u00admi do gabi\u00adne\u00adtu \u017bywiec\u00adkie\u00adgo, zro\u00addzi\u00ad\u0142o si\u0119 we mnie zawa\u00adha\u00adnie. Nadal zasta\u00adna\u00adwia\u00ad\u0142o mnie, co mia\u0142 na my\u015bli, m\u00f3wi\u0105c, \u017ce przede mn\u0105 by\u0142 ju\u017c ostat\u00adni test. Spra\u00adwa nadal nie zosta\u00ad\u0142a zako\u0144\u00adczo\u00adna, nadal bra\u00adku\u00adje mi kil\u00adku puz\u00adzli w tej uk\u0142a\u00addan\u00adce. Potrze\u00adbu\u00adj\u0119 jego wsparcia.&nbsp; A co tak sto\u00adisz jak ko\u0142ek? Nie zamie\u00adrzasz zapuka\u0107? Us\u0142y\u00adsza\u00ad\u0142em g\u0142os zza ple\u00adc\u00f3w.&hellip;\" \/>\n<meta property=\"og:url\" content=\"https:\/\/siriuscrime.com\/powrot-anny\/pokoj-detektywa\/raport-nr-6\/\" \/>\n<meta property=\"og:site_name\" content=\"Powr\u00f3t Anny\" \/>\n<meta property=\"article:modified_time\" content=\"2021-07-01T10:02:40+00:00\" \/>\n<meta property=\"og:image\" content=\"https:\/\/siriuscrime.com\/powrot-anny\/wp-content\/uploads\/sites\/2\/2020\/11\/PA-kontakt.jpg\" \/>\n<meta name=\"twitter:card\" content=\"summary_large_image\" \/>\n<meta name=\"twitter:label1\" content=\"Szacowany czas czytania\" \/>\n\t<meta name=\"twitter:data1\" content=\"2 minuty\" \/>\n<script type=\"application\/ld+json\" class=\"yoast-schema-graph\">{\"@context\":\"https:\/\/schema.org\",\"@graph\":[{\"@type\":\"WebPage\",\"@id\":\"https:\/\/siriuscrime.com\/powrot-anny\/pokoj-detektywa\/raport-nr-6\/\",\"url\":\"https:\/\/siriuscrime.com\/powrot-anny\/pokoj-detektywa\/raport-nr-6\/\",\"name\":\"Raport Nr 6 - Powr\u00f3t Anny\",\"isPartOf\":{\"@id\":\"https:\/\/siriuscrime.com\/powrot-anny\/#website\"},\"primaryImageOfPage\":{\"@id\":\"https:\/\/siriuscrime.com\/powrot-anny\/pokoj-detektywa\/raport-nr-6\/#primaryimage\"},\"image\":{\"@id\":\"https:\/\/siriuscrime.com\/powrot-anny\/pokoj-detektywa\/raport-nr-6\/#primaryimage\"},\"thumbnailUrl\":\"https:\/\/siriuscrime.com\/powrot-anny\/wp-content\/uploads\/sites\/2\/2020\/11\/PA-kontakt.jpg\",\"datePublished\":\"2020-11-26T15:52:15+00:00\",\"dateModified\":\"2021-07-01T10:02:40+00:00\",\"breadcrumb\":{\"@id\":\"https:\/\/siriuscrime.com\/powrot-anny\/pokoj-detektywa\/raport-nr-6\/#breadcrumb\"},\"inLanguage\":\"pl-PL\",\"potentialAction\":[{\"@type\":\"ReadAction\",\"target\":[\"https:\/\/siriuscrime.com\/powrot-anny\/pokoj-detektywa\/raport-nr-6\/\"]}]},{\"@type\":\"ImageObject\",\"inLanguage\":\"pl-PL\",\"@id\":\"https:\/\/siriuscrime.com\/powrot-anny\/pokoj-detektywa\/raport-nr-6\/#primaryimage\",\"url\":\"https:\/\/siriuscrime.com\/powrot-anny\/wp-content\/uploads\/sites\/2\/2020\/11\/PA-kontakt.jpg\",\"contentUrl\":\"https:\/\/siriuscrime.com\/powrot-anny\/wp-content\/uploads\/sites\/2\/2020\/11\/PA-kontakt.jpg\",\"width\":1920,\"height\":1080},{\"@type\":\"BreadcrumbList\",\"@id\":\"https:\/\/siriuscrime.com\/powrot-anny\/pokoj-detektywa\/raport-nr-6\/#breadcrumb\",\"itemListElement\":[{\"@type\":\"ListItem\",\"position\":1,\"name\":\"Strona g\u0142\u00f3wna\",\"item\":\"https:\/\/siriuscrime.com\/powrot-anny\/\"},{\"@type\":\"ListItem\",\"position\":2,\"name\":\"Pok\u00f3j detektywa\",\"item\":\"https:\/\/siriuscrime.com\/powrot-anny\/pokoj-detektywa\/\"},{\"@type\":\"ListItem\",\"position\":3,\"name\":\"Raport Nr&nbsp;6\"}]},{\"@type\":\"WebSite\",\"@id\":\"https:\/\/siriuscrime.com\/powrot-anny\/#website\",\"url\":\"https:\/\/siriuscrime.com\/powrot-anny\/\",\"name\":\"Powr\u00f3t Anny\",\"description\":\"Gra detektywistyczna\",\"potentialAction\":[{\"@type\":\"SearchAction\",\"target\":{\"@type\":\"EntryPoint\",\"urlTemplate\":\"https:\/\/siriuscrime.com\/powrot-anny\/?s={search_term_string}\"},\"query-input\":{\"@type\":\"PropertyValueSpecification\",\"valueRequired\":true,\"valueName\":\"search_term_string\"}}],\"inLanguage\":\"pl-PL\"}]}<\/script>\n<!-- \/ Yoast SEO plugin. -->","yoast_head_json":{"title":"Raport Nr 6 - Powr\u00f3t Anny","robots":{"index":"index","follow":"follow","max-snippet":"max-snippet:-1","max-image-preview":"max-image-preview:large","max-video-preview":"max-video-preview:-1"},"canonical":"https:\/\/siriuscrime.com\/powrot-anny\/pokoj-detektywa\/raport-nr-6\/","og_locale":"pl_PL","og_type":"article","og_title":"Raport Nr 6 - Powr\u00f3t Anny","og_description":"Sto\u00adj\u0105c przed drzwia\u00admi do gabi\u00adne\u00adtu \u017bywiec\u00adkie\u00adgo, zro\u00addzi\u00ad\u0142o si\u0119 we mnie zawa\u00adha\u00adnie. Nadal zasta\u00adna\u00adwia\u00ad\u0142o mnie, co mia\u0142 na my\u015bli, m\u00f3wi\u0105c, \u017ce przede mn\u0105 by\u0142 ju\u017c ostat\u00adni test. Spra\u00adwa nadal nie zosta\u00ad\u0142a zako\u0144\u00adczo\u00adna, nadal bra\u00adku\u00adje mi kil\u00adku puz\u00adzli w tej uk\u0142a\u00addan\u00adce. Potrze\u00adbu\u00adj\u0119 jego wsparcia.&nbsp; A co tak sto\u00adisz jak ko\u0142ek? Nie zamie\u00adrzasz zapuka\u0107? Us\u0142y\u00adsza\u00ad\u0142em g\u0142os zza ple\u00adc\u00f3w.&hellip;","og_url":"https:\/\/siriuscrime.com\/powrot-anny\/pokoj-detektywa\/raport-nr-6\/","og_site_name":"Powr\u00f3t Anny","article_modified_time":"2021-07-01T10:02:40+00:00","og_image":[{"url":"https:\/\/siriuscrime.com\/powrot-anny\/wp-content\/uploads\/sites\/2\/2020\/11\/PA-kontakt.jpg","type":"","width":"","height":""}],"twitter_card":"summary_large_image","twitter_misc":{"Szacowany czas czytania":"2 minuty"},"schema":{"@context":"https:\/\/schema.org","@graph":[{"@type":"WebPage","@id":"https:\/\/siriuscrime.com\/powrot-anny\/pokoj-detektywa\/raport-nr-6\/","url":"https:\/\/siriuscrime.com\/powrot-anny\/pokoj-detektywa\/raport-nr-6\/","name":"Raport Nr 6 - Powr\u00f3t Anny","isPartOf":{"@id":"https:\/\/siriuscrime.com\/powrot-anny\/#website"},"primaryImageOfPage":{"@id":"https:\/\/siriuscrime.com\/powrot-anny\/pokoj-detektywa\/raport-nr-6\/#primaryimage"},"image":{"@id":"https:\/\/siriuscrime.com\/powrot-anny\/pokoj-detektywa\/raport-nr-6\/#primaryimage"},"thumbnailUrl":"https:\/\/siriuscrime.com\/powrot-anny\/wp-content\/uploads\/sites\/2\/2020\/11\/PA-kontakt.jpg","datePublished":"2020-11-26T15:52:15+00:00","dateModified":"2021-07-01T10:02:40+00:00","breadcrumb":{"@id":"https:\/\/siriuscrime.com\/powrot-anny\/pokoj-detektywa\/raport-nr-6\/#breadcrumb"},"inLanguage":"pl-PL","potentialAction":[{"@type":"ReadAction","target":["https:\/\/siriuscrime.com\/powrot-anny\/pokoj-detektywa\/raport-nr-6\/"]}]},{"@type":"ImageObject","inLanguage":"pl-PL","@id":"https:\/\/siriuscrime.com\/powrot-anny\/pokoj-detektywa\/raport-nr-6\/#primaryimage","url":"https:\/\/siriuscrime.com\/powrot-anny\/wp-content\/uploads\/sites\/2\/2020\/11\/PA-kontakt.jpg","contentUrl":"https:\/\/siriuscrime.com\/powrot-anny\/wp-content\/uploads\/sites\/2\/2020\/11\/PA-kontakt.jpg","width":1920,"height":1080},{"@type":"BreadcrumbList","@id":"https:\/\/siriuscrime.com\/powrot-anny\/pokoj-detektywa\/raport-nr-6\/#breadcrumb","itemListElement":[{"@type":"ListItem","position":1,"name":"Strona g\u0142\u00f3wna","item":"https:\/\/siriuscrime.com\/powrot-anny\/"},{"@type":"ListItem","position":2,"name":"Pok\u00f3j detektywa","item":"https:\/\/siriuscrime.com\/powrot-anny\/pokoj-detektywa\/"},{"@type":"ListItem","position":3,"name":"Raport Nr&nbsp;6"}]},{"@type":"WebSite","@id":"https:\/\/siriuscrime.com\/powrot-anny\/#website","url":"https:\/\/siriuscrime.com\/powrot-anny\/","name":"Powr\u00f3t Anny","description":"Gra detektywistyczna","potentialAction":[{"@type":"SearchAction","target":{"@type":"EntryPoint","urlTemplate":"https:\/\/siriuscrime.com\/powrot-anny\/?s={search_term_string}"},"query-input":{"@type":"PropertyValueSpecification","valueRequired":true,"valueName":"search_term_string"}}],"inLanguage":"pl-PL"}]}},"uagb_featured_image_src":{"full":false,"thumbnail":false,"medium":false,"medium_large":false,"large":false,"1536x1536":false,"2048x2048":false,"post-thumbnail":false,"twentytwenty-fullscreen":false},"uagb_author_info":{"display_name":"Piotr Budzisz","author_link":"https:\/\/siriuscrime.com\/powrot-anny\/blog\/author\/piotr-budzisz\/"},"uagb_comment_info":0,"uagb_excerpt":"Sto\u00adj\u0105c przed drzwia\u00admi do gabi\u00adne\u00adtu \u017bywiec\u00adkie\u00adgo, zro\u00addzi\u00ad\u0142o si\u0119 we mnie zawa\u00adha\u00adnie. Nadal zasta\u00adna\u00adwia\u00ad\u0142o mnie, co mia\u0142 na my\u015bli, m\u00f3wi\u0105c, \u017ce przede mn\u0105 by\u0142 ju\u017c ostat\u00adni test. Spra\u00adwa nadal nie zosta\u00ad\u0142a zako\u0144\u00adczo\u00adna, nadal bra\u00adku\u00adje mi kil\u00adku puz\u00adzli w tej uk\u0142a\u00addan\u00adce. Potrze\u00adbu\u00adj\u0119 jego wsparcia.&nbsp; A co tak sto\u00adisz jak ko\u0142ek? Nie zamie\u00adrzasz zapuka\u0107? Us\u0142y\u00adsza\u00ad\u0142em g\u0142os zza ple\u00adc\u00f3w.&hellip;","jetpack_sharing_enabled":true,"_links":{"self":[{"href":"https:\/\/siriuscrime.com\/powrot-anny\/wp-json\/wp\/v2\/pages\/763","targetHints":{"allow":["GET"]}}],"collection":[{"href":"https:\/\/siriuscrime.com\/powrot-anny\/wp-json\/wp\/v2\/pages"}],"about":[{"href":"https:\/\/siriuscrime.com\/powrot-anny\/wp-json\/wp\/v2\/types\/page"}],"author":[{"embeddable":true,"href":"https:\/\/siriuscrime.com\/powrot-anny\/wp-json\/wp\/v2\/users\/1"}],"replies":[{"embeddable":true,"href":"https:\/\/siriuscrime.com\/powrot-anny\/wp-json\/wp\/v2\/comments?post=763"}],"version-history":[{"count":1,"href":"https:\/\/siriuscrime.com\/powrot-anny\/wp-json\/wp\/v2\/pages\/763\/revisions"}],"predecessor-version":[{"id":1532,"href":"https:\/\/siriuscrime.com\/powrot-anny\/wp-json\/wp\/v2\/pages\/763\/revisions\/1532"}],"up":[{"embeddable":true,"href":"https:\/\/siriuscrime.com\/powrot-anny\/wp-json\/wp\/v2\/pages\/103"}],"wp:attachment":[{"href":"https:\/\/siriuscrime.com\/powrot-anny\/wp-json\/wp\/v2\/media?parent=763"}],"curies":[{"name":"wp","href":"https:\/\/api.w.org\/{rel}","templated":true}]}}