{"id":683,"date":"2020-11-23T21:15:43","date_gmt":"2020-11-23T20:15:43","guid":{"rendered":"https:\/\/siriuscrime.com\/powrot-anny\/?page_id=683"},"modified":"2021-07-01T11:10:42","modified_gmt":"2021-07-01T09:10:42","slug":"raport-nr-5","status":"publish","type":"page","link":"https:\/\/siriuscrime.com\/powrot-anny\/pokoj-detektywa\/raport-nr-5\/","title":{"rendered":"Raport Nr&nbsp;5"},"content":{"rendered":"\n<div class=\"wp-block-cover alignfull has-background-dim\"><img loading=\"lazy\" decoding=\"async\" width=\"1920\" height=\"1080\" sizes=\"auto, (max-width: 799px) 200vw, (max-width: 1920px) 100vw, 1920px\" class=\"wp-block-cover__image-background wp-image-56\" alt src=\"https:\/\/siriuscrime.com\/powrot-anny\/wp-content\/uploads\/sites\/2\/2020\/11\/PA-kontakt.jpg\" style=\"object-position:50% 100%\" data-object-fit=\"cover\" data-object-position=\"50% 100%\" srcset=\"https:\/\/siriuscrime.com\/powrot-anny\/wp-content\/uploads\/sites\/2\/2020\/11\/PA-kontakt.jpg 1920w, https:\/\/siriuscrime.com\/powrot-anny\/wp-content\/uploads\/sites\/2\/2020\/11\/PA-kontakt-300x169.jpg 300w, https:\/\/siriuscrime.com\/powrot-anny\/wp-content\/uploads\/sites\/2\/2020\/11\/PA-kontakt-1024x576.jpg 1024w, https:\/\/siriuscrime.com\/powrot-anny\/wp-content\/uploads\/sites\/2\/2020\/11\/PA-kontakt-768x432.jpg 768w, https:\/\/siriuscrime.com\/powrot-anny\/wp-content\/uploads\/sites\/2\/2020\/11\/PA-kontakt-1536x864.jpg 1536w, https:\/\/siriuscrime.com\/powrot-anny\/wp-content\/uploads\/sites\/2\/2020\/11\/PA-kontakt-1200x675.jpg 1200w\"><div class=\"wp-block-cover__inner-container is-layout-flow wp-block-cover-is-layout-flow\">\n<h1 class=\"has-text-align-center wp-block-heading\">Raport Nr&nbsp;5<\/h1>\n<\/div><\/div>\n\n\n\n<p>Kie\u00addy \u017bywiec\u00adki poin\u00adfor\u00admo\u00adwa\u0142 mnie, \u017ce to ju\u017c ostat\u00adni test, trud\u00adno by\u0142o mi opa\u00adno\u00adwa\u0107 zdu\u00admie\u00adnie. Naj\u00adwy\u00adra\u017a\u00adniej ryso\u00adwa\u00ad\u0142o si\u0119 wyra\u017a\u00adnie na mojej twa\u00adrzy, bo wyda\u0142 si\u0119 wyra\u017a\u00adnie rozbawiony.<\/p>\n\n\n\n<ul class=\"is-style-tw-dash wp-block-list\"><li>Chy\u00adba widzisz, \u017ce idzie ci dobrze? \u015ale\u00addz\u0119 two\u00adje post\u0119\u00adpy, wiem o co pro\u00adsisz poste\u00adrun\u00adko\u00adwych. Masz instynkt. I spo\u00adro ole\u00adju w g\u0142o\u00adwie. Nie ma sen\u00adsu, bym sam wgry\u00adza\u0142 si\u0119 w ca\u0142\u0105 t\u0119 doku\u00admen\u00adta\u00adcj\u0119. Po raz ostat\u00adni zadam ci trzy pyta\u00adnia\u2026 I po raz ostat\u00adni ci pomog\u0119.<\/li><li>Panie Komi\u00adsa\u00adrzu. Tak nie mo\u017ce by\u0107. Tak bez uprze\u00addze\u00adnia. Pa\u0144\u00adskie uwa\u00adgi s\u0105 dla mnie zbyt&nbsp;cenne.&nbsp;<\/li><\/ul>\n\n\n\n<p>Spoj\u00adrza\u0142 w okno. Waha\u0142&nbsp;si\u0119.<\/p>\n\n\n\n<ul class=\"is-style-tw-dash wp-block-list\"><li>Dobrze. Przyjd\u017a do mnie jesz\u00adcze raz, za trzy dni. A teraz czas na pytania.<\/li><\/ul>\n\n\n\n<h2 class=\"wp-block-heading\">Prawda czy&nbsp;Fa\u0142sz?<\/h2>\n\n\n\n<ol class=\"wp-block-list\"><li>Ber\u00adnard Filip\u00adczak by\u0142 nie\u00admiec\u00adkim szpiegiem.<\/li><li>Feral\u00adne\u00adgo dnia Fer\u00addy\u00adnand Filip\u00adczak pr\u00f3\u00adbo\u00adwa\u0142 wyci\u0105\u00adgn\u0105\u0107 od ojca infor\u00adma\u00adcje podst\u0119pem.<\/li><li>Za dnia, do biu\u00adra Ber\u00adnar\u00adda Filip\u00adcza\u00adka w\u0142a\u00adma\u0142 si\u0119 Kazi\u00admierz Majerski.&nbsp;<\/li><\/ol>\n\n\n\n<p>Znasz odpo\u00adwied\u017a na pyta\u00adnia \u017bywiec\u00adkie\u00adgo? W takim razie klik\u00adnij przy\u00adcisk poni\u00ad\u017cej \u201eZnam ju\u017c odpo\u00adwied\u017a\u201d i podaj has\u0142o do stro\u00adny z nagrodami.<\/p>\n\n\n\n<p>Has\u0142o to kom\u00adbi\u00adna\u00adcja <strong>du\u017cych<\/strong> liter <strong>P<\/strong> i <strong>F<\/strong> poda\u00adna w takiej samej kolej\u00adno\u00ad\u015bci, w jakiej opu\u00adbli\u00adko\u00adwa\u00adno powy\u00ad\u017cej zdania.<\/p>\n\n\n\n<div class=\"wp-block-buttons is-content-justification-center is-layout-flex wp-block-buttons-is-layout-flex\">\n<div class=\"wp-block-button\"><a class=\"wp-block-button__link\" href=\"https:\/\/siriuscrime.com\/powrot-anny\/pokoj-detektywa\/uwagi-komisarza-zywieckiego-nr-5\/\">Znam odpo\u00adwied\u017a<\/a><\/div>\n<\/div>\n","protected":false},"excerpt":{"rendered":"<p>Kie\u00addy \u017bywiec\u00adki poin\u00adfor\u00admo\u00adwa\u0142 mnie, \u017ce to ju\u017c ostat\u00adni test, trud\u00adno by\u0142o mi opa\u00adno\u00adwa\u0107 zdu\u00admie\u00adnie. Naj\u00adwy\u00adra\u017a\u00adniej ryso\u00adwa\u00ad\u0142o si\u0119 wyra\u017a\u00adnie na mojej twa\u00adrzy, bo wyda\u0142 si\u0119 wyra\u017a\u00adnie roz\u00adba\u00adwio\u00adny. Chy\u00adba widzisz, \u017ce idzie ci dobrze? \u015ale\u00addz\u0119 two\u00adje post\u0119\u00adpy, wiem o co pro\u00adsisz poste\u00adrun\u00adko\u00adwych. Masz instynkt. I spo\u00adro ole\u00adju w g\u0142o\u00adwie. Nie ma sen\u00adsu, bym sam wgry\u00adza\u0142 si\u0119&nbsp;w\u2026<\/p>\n","protected":false},"author":1,"featured_media":0,"parent":103,"menu_order":0,"comment_status":"closed","ping_status":"closed","template":"tw-header-transparent.php","meta":{"wp_typography_post_enhancements_disabled":false,"_uag_custom_page_level_css":"","footnotes":""},"class_list":["post-683","page","type-page","status-publish","hentry"],"yoast_head":"<!-- This site is optimized with the Yoast SEO plugin v27.2 - https:\/\/yoast.com\/product\/yoast-seo-wordpress\/ -->\n<title>Raport Nr 5 - Powr\u00f3t Anny<\/title>\n<meta name=\"robots\" content=\"index, follow, max-snippet:-1, max-image-preview:large, max-video-preview:-1\" \/>\n<link rel=\"canonical\" href=\"https:\/\/siriuscrime.com\/powrot-anny\/pokoj-detektywa\/raport-nr-5\/\" \/>\n<meta property=\"og:locale\" content=\"pl_PL\" \/>\n<meta property=\"og:type\" content=\"article\" \/>\n<meta property=\"og:title\" content=\"Raport Nr 5 - Powr\u00f3t Anny\" \/>\n<meta property=\"og:description\" content=\"Kie\u00addy \u017bywiec\u00adki poin\u00adfor\u00admo\u00adwa\u0142 mnie, \u017ce to ju\u017c ostat\u00adni test, trud\u00adno by\u0142o mi opa\u00adno\u00adwa\u0107 zdu\u00admie\u00adnie. Naj\u00adwy\u00adra\u017a\u00adniej ryso\u00adwa\u00ad\u0142o si\u0119 wyra\u017a\u00adnie na mojej twa\u00adrzy, bo wyda\u0142 si\u0119 wyra\u017a\u00adnie rozbawiony. Chy\u00adba widzisz, \u017ce idzie ci dobrze? \u015ale\u00addz\u0119 two\u00adje post\u0119\u00adpy, wiem o co pro\u00adsisz poste\u00adrun\u00adko\u00adwych. Masz instynkt. I spo\u00adro ole\u00adju w g\u0142o\u00adwie. Nie ma sen\u00adsu, bym sam wgry\u00adza\u0142 si\u0119 w&hellip;\" \/>\n<meta property=\"og:url\" content=\"https:\/\/siriuscrime.com\/powrot-anny\/pokoj-detektywa\/raport-nr-5\/\" \/>\n<meta property=\"og:site_name\" content=\"Powr\u00f3t Anny\" \/>\n<meta property=\"article:modified_time\" content=\"2021-07-01T09:10:42+00:00\" \/>\n<meta property=\"og:image\" content=\"https:\/\/siriuscrime.com\/powrot-anny\/wp-content\/uploads\/sites\/2\/2020\/11\/PA-kontakt.jpg\" \/>\n<meta name=\"twitter:card\" content=\"summary_large_image\" \/>\n<meta name=\"twitter:label1\" content=\"Szacowany czas czytania\" \/>\n\t<meta name=\"twitter:data1\" content=\"1 minuta\" \/>\n<script type=\"application\/ld+json\" class=\"yoast-schema-graph\">{\"@context\":\"https:\/\/schema.org\",\"@graph\":[{\"@type\":\"WebPage\",\"@id\":\"https:\/\/siriuscrime.com\/powrot-anny\/pokoj-detektywa\/raport-nr-5\/\",\"url\":\"https:\/\/siriuscrime.com\/powrot-anny\/pokoj-detektywa\/raport-nr-5\/\",\"name\":\"Raport Nr 5 - Powr\u00f3t Anny\",\"isPartOf\":{\"@id\":\"https:\/\/siriuscrime.com\/powrot-anny\/#website\"},\"primaryImageOfPage\":{\"@id\":\"https:\/\/siriuscrime.com\/powrot-anny\/pokoj-detektywa\/raport-nr-5\/#primaryimage\"},\"image\":{\"@id\":\"https:\/\/siriuscrime.com\/powrot-anny\/pokoj-detektywa\/raport-nr-5\/#primaryimage\"},\"thumbnailUrl\":\"https:\/\/siriuscrime.com\/powrot-anny\/wp-content\/uploads\/sites\/2\/2020\/11\/PA-kontakt.jpg\",\"datePublished\":\"2020-11-23T20:15:43+00:00\",\"dateModified\":\"2021-07-01T09:10:42+00:00\",\"breadcrumb\":{\"@id\":\"https:\/\/siriuscrime.com\/powrot-anny\/pokoj-detektywa\/raport-nr-5\/#breadcrumb\"},\"inLanguage\":\"pl-PL\",\"potentialAction\":[{\"@type\":\"ReadAction\",\"target\":[\"https:\/\/siriuscrime.com\/powrot-anny\/pokoj-detektywa\/raport-nr-5\/\"]}]},{\"@type\":\"ImageObject\",\"inLanguage\":\"pl-PL\",\"@id\":\"https:\/\/siriuscrime.com\/powrot-anny\/pokoj-detektywa\/raport-nr-5\/#primaryimage\",\"url\":\"https:\/\/siriuscrime.com\/powrot-anny\/wp-content\/uploads\/sites\/2\/2020\/11\/PA-kontakt.jpg\",\"contentUrl\":\"https:\/\/siriuscrime.com\/powrot-anny\/wp-content\/uploads\/sites\/2\/2020\/11\/PA-kontakt.jpg\",\"width\":1920,\"height\":1080},{\"@type\":\"BreadcrumbList\",\"@id\":\"https:\/\/siriuscrime.com\/powrot-anny\/pokoj-detektywa\/raport-nr-5\/#breadcrumb\",\"itemListElement\":[{\"@type\":\"ListItem\",\"position\":1,\"name\":\"Strona g\u0142\u00f3wna\",\"item\":\"https:\/\/siriuscrime.com\/powrot-anny\/\"},{\"@type\":\"ListItem\",\"position\":2,\"name\":\"Pok\u00f3j detektywa\",\"item\":\"https:\/\/siriuscrime.com\/powrot-anny\/pokoj-detektywa\/\"},{\"@type\":\"ListItem\",\"position\":3,\"name\":\"Raport Nr&nbsp;5\"}]},{\"@type\":\"WebSite\",\"@id\":\"https:\/\/siriuscrime.com\/powrot-anny\/#website\",\"url\":\"https:\/\/siriuscrime.com\/powrot-anny\/\",\"name\":\"Powr\u00f3t Anny\",\"description\":\"Gra detektywistyczna\",\"potentialAction\":[{\"@type\":\"SearchAction\",\"target\":{\"@type\":\"EntryPoint\",\"urlTemplate\":\"https:\/\/siriuscrime.com\/powrot-anny\/?s={search_term_string}\"},\"query-input\":{\"@type\":\"PropertyValueSpecification\",\"valueRequired\":true,\"valueName\":\"search_term_string\"}}],\"inLanguage\":\"pl-PL\"}]}<\/script>\n<!-- \/ Yoast SEO plugin. -->","yoast_head_json":{"title":"Raport Nr 5 - Powr\u00f3t Anny","robots":{"index":"index","follow":"follow","max-snippet":"max-snippet:-1","max-image-preview":"max-image-preview:large","max-video-preview":"max-video-preview:-1"},"canonical":"https:\/\/siriuscrime.com\/powrot-anny\/pokoj-detektywa\/raport-nr-5\/","og_locale":"pl_PL","og_type":"article","og_title":"Raport Nr 5 - Powr\u00f3t Anny","og_description":"Kie\u00addy \u017bywiec\u00adki poin\u00adfor\u00admo\u00adwa\u0142 mnie, \u017ce to ju\u017c ostat\u00adni test, trud\u00adno by\u0142o mi opa\u00adno\u00adwa\u0107 zdu\u00admie\u00adnie. Naj\u00adwy\u00adra\u017a\u00adniej ryso\u00adwa\u00ad\u0142o si\u0119 wyra\u017a\u00adnie na mojej twa\u00adrzy, bo wyda\u0142 si\u0119 wyra\u017a\u00adnie rozbawiony. Chy\u00adba widzisz, \u017ce idzie ci dobrze? \u015ale\u00addz\u0119 two\u00adje post\u0119\u00adpy, wiem o co pro\u00adsisz poste\u00adrun\u00adko\u00adwych. Masz instynkt. I spo\u00adro ole\u00adju w g\u0142o\u00adwie. Nie ma sen\u00adsu, bym sam wgry\u00adza\u0142 si\u0119 w&hellip;","og_url":"https:\/\/siriuscrime.com\/powrot-anny\/pokoj-detektywa\/raport-nr-5\/","og_site_name":"Powr\u00f3t Anny","article_modified_time":"2021-07-01T09:10:42+00:00","og_image":[{"url":"https:\/\/siriuscrime.com\/powrot-anny\/wp-content\/uploads\/sites\/2\/2020\/11\/PA-kontakt.jpg","type":"","width":"","height":""}],"twitter_card":"summary_large_image","twitter_misc":{"Szacowany czas czytania":"1 minuta"},"schema":{"@context":"https:\/\/schema.org","@graph":[{"@type":"WebPage","@id":"https:\/\/siriuscrime.com\/powrot-anny\/pokoj-detektywa\/raport-nr-5\/","url":"https:\/\/siriuscrime.com\/powrot-anny\/pokoj-detektywa\/raport-nr-5\/","name":"Raport Nr 5 - Powr\u00f3t Anny","isPartOf":{"@id":"https:\/\/siriuscrime.com\/powrot-anny\/#website"},"primaryImageOfPage":{"@id":"https:\/\/siriuscrime.com\/powrot-anny\/pokoj-detektywa\/raport-nr-5\/#primaryimage"},"image":{"@id":"https:\/\/siriuscrime.com\/powrot-anny\/pokoj-detektywa\/raport-nr-5\/#primaryimage"},"thumbnailUrl":"https:\/\/siriuscrime.com\/powrot-anny\/wp-content\/uploads\/sites\/2\/2020\/11\/PA-kontakt.jpg","datePublished":"2020-11-23T20:15:43+00:00","dateModified":"2021-07-01T09:10:42+00:00","breadcrumb":{"@id":"https:\/\/siriuscrime.com\/powrot-anny\/pokoj-detektywa\/raport-nr-5\/#breadcrumb"},"inLanguage":"pl-PL","potentialAction":[{"@type":"ReadAction","target":["https:\/\/siriuscrime.com\/powrot-anny\/pokoj-detektywa\/raport-nr-5\/"]}]},{"@type":"ImageObject","inLanguage":"pl-PL","@id":"https:\/\/siriuscrime.com\/powrot-anny\/pokoj-detektywa\/raport-nr-5\/#primaryimage","url":"https:\/\/siriuscrime.com\/powrot-anny\/wp-content\/uploads\/sites\/2\/2020\/11\/PA-kontakt.jpg","contentUrl":"https:\/\/siriuscrime.com\/powrot-anny\/wp-content\/uploads\/sites\/2\/2020\/11\/PA-kontakt.jpg","width":1920,"height":1080},{"@type":"BreadcrumbList","@id":"https:\/\/siriuscrime.com\/powrot-anny\/pokoj-detektywa\/raport-nr-5\/#breadcrumb","itemListElement":[{"@type":"ListItem","position":1,"name":"Strona g\u0142\u00f3wna","item":"https:\/\/siriuscrime.com\/powrot-anny\/"},{"@type":"ListItem","position":2,"name":"Pok\u00f3j detektywa","item":"https:\/\/siriuscrime.com\/powrot-anny\/pokoj-detektywa\/"},{"@type":"ListItem","position":3,"name":"Raport Nr&nbsp;5"}]},{"@type":"WebSite","@id":"https:\/\/siriuscrime.com\/powrot-anny\/#website","url":"https:\/\/siriuscrime.com\/powrot-anny\/","name":"Powr\u00f3t Anny","description":"Gra detektywistyczna","potentialAction":[{"@type":"SearchAction","target":{"@type":"EntryPoint","urlTemplate":"https:\/\/siriuscrime.com\/powrot-anny\/?s={search_term_string}"},"query-input":{"@type":"PropertyValueSpecification","valueRequired":true,"valueName":"search_term_string"}}],"inLanguage":"pl-PL"}]}},"uagb_featured_image_src":{"full":false,"thumbnail":false,"medium":false,"medium_large":false,"large":false,"1536x1536":false,"2048x2048":false,"post-thumbnail":false,"twentytwenty-fullscreen":false},"uagb_author_info":{"display_name":"Piotr Budzisz","author_link":"https:\/\/siriuscrime.com\/powrot-anny\/blog\/author\/piotr-budzisz\/"},"uagb_comment_info":0,"uagb_excerpt":"Kie\u00addy \u017bywiec\u00adki poin\u00adfor\u00admo\u00adwa\u0142 mnie, \u017ce to ju\u017c ostat\u00adni test, trud\u00adno by\u0142o mi opa\u00adno\u00adwa\u0107 zdu\u00admie\u00adnie. Naj\u00adwy\u00adra\u017a\u00adniej ryso\u00adwa\u00ad\u0142o si\u0119 wyra\u017a\u00adnie na mojej twa\u00adrzy, bo wyda\u0142 si\u0119 wyra\u017a\u00adnie rozbawiony. Chy\u00adba widzisz, \u017ce idzie ci dobrze? \u015ale\u00addz\u0119 two\u00adje post\u0119\u00adpy, wiem o co pro\u00adsisz poste\u00adrun\u00adko\u00adwych. Masz instynkt. I spo\u00adro ole\u00adju w g\u0142o\u00adwie. Nie ma sen\u00adsu, bym sam wgry\u00adza\u0142 si\u0119 w&hellip;","jetpack_sharing_enabled":true,"_links":{"self":[{"href":"https:\/\/siriuscrime.com\/powrot-anny\/wp-json\/wp\/v2\/pages\/683","targetHints":{"allow":["GET"]}}],"collection":[{"href":"https:\/\/siriuscrime.com\/powrot-anny\/wp-json\/wp\/v2\/pages"}],"about":[{"href":"https:\/\/siriuscrime.com\/powrot-anny\/wp-json\/wp\/v2\/types\/page"}],"author":[{"embeddable":true,"href":"https:\/\/siriuscrime.com\/powrot-anny\/wp-json\/wp\/v2\/users\/1"}],"replies":[{"embeddable":true,"href":"https:\/\/siriuscrime.com\/powrot-anny\/wp-json\/wp\/v2\/comments?post=683"}],"version-history":[{"count":1,"href":"https:\/\/siriuscrime.com\/powrot-anny\/wp-json\/wp\/v2\/pages\/683\/revisions"}],"predecessor-version":[{"id":1489,"href":"https:\/\/siriuscrime.com\/powrot-anny\/wp-json\/wp\/v2\/pages\/683\/revisions\/1489"}],"up":[{"embeddable":true,"href":"https:\/\/siriuscrime.com\/powrot-anny\/wp-json\/wp\/v2\/pages\/103"}],"wp:attachment":[{"href":"https:\/\/siriuscrime.com\/powrot-anny\/wp-json\/wp\/v2\/media?parent=683"}],"curies":[{"name":"wp","href":"https:\/\/api.w.org\/{rel}","templated":true}]}}