{"id":608,"date":"2020-11-20T19:28:47","date_gmt":"2020-11-20T18:28:47","guid":{"rendered":"https:\/\/siriuscrime.com\/powrot-anny\/?page_id=608"},"modified":"2021-07-01T10:59:29","modified_gmt":"2021-07-01T08:59:29","slug":"raport-nr-4","status":"publish","type":"page","link":"https:\/\/siriuscrime.com\/powrot-anny\/pokoj-detektywa\/raport-nr-4\/","title":{"rendered":"Raport Nr&nbsp;4"},"content":{"rendered":"\n<div class=\"wp-block-cover alignfull has-background-dim\"><img loading=\"lazy\" decoding=\"async\" width=\"1920\" height=\"1080\" sizes=\"auto, (max-width: 799px) 200vw, (max-width: 1920px) 100vw, 1920px\" class=\"wp-block-cover__image-background wp-image-56\" alt src=\"https:\/\/siriuscrime.com\/powrot-anny\/wp-content\/uploads\/sites\/2\/2020\/11\/PA-kontakt.jpg\" style=\"object-position:50% 100%\" data-object-fit=\"cover\" data-object-position=\"50% 100%\" srcset=\"https:\/\/siriuscrime.com\/powrot-anny\/wp-content\/uploads\/sites\/2\/2020\/11\/PA-kontakt.jpg 1920w, https:\/\/siriuscrime.com\/powrot-anny\/wp-content\/uploads\/sites\/2\/2020\/11\/PA-kontakt-300x169.jpg 300w, https:\/\/siriuscrime.com\/powrot-anny\/wp-content\/uploads\/sites\/2\/2020\/11\/PA-kontakt-1024x576.jpg 1024w, https:\/\/siriuscrime.com\/powrot-anny\/wp-content\/uploads\/sites\/2\/2020\/11\/PA-kontakt-768x432.jpg 768w, https:\/\/siriuscrime.com\/powrot-anny\/wp-content\/uploads\/sites\/2\/2020\/11\/PA-kontakt-1536x864.jpg 1536w, https:\/\/siriuscrime.com\/powrot-anny\/wp-content\/uploads\/sites\/2\/2020\/11\/PA-kontakt-1200x675.jpg 1200w\"><div class=\"wp-block-cover__inner-container is-layout-flow wp-block-cover-is-layout-flow\">\n<h1 class=\"has-text-align-center wp-block-heading\">Raport Nr&nbsp;4<\/h1>\n<\/div><\/div>\n\n\n\n<p>Sp\u0119\u00addzam tyle cza\u00adsu przy tej spra\u00adwie\u2026 Mam wra\u00ad\u017ce\u00adnie, \u017ce pra\u00adcu\u00adje tu od lat. Trud\u00adno mi ju\u017c sobie przy\u00adpo\u00admnie\u0107 jak to by\u0142o, kie\u00addy przed wej\u00ad\u015bciem do poko\u00adju \u017bywiec\u00adkie\u00adgo oble\u00adwa\u0142 mnie zim\u00adny pot. Owszem, wci\u0105\u017c czu\u00adj\u0119 respekt przed tym sta\u00adrym detek\u00adty\u00adwem. Ale zupe\u0142\u00adnie si\u0119 go nie&nbsp;boj\u0119.<\/p>\n\n\n\n<p>Strach jaki odczu\u00adwam teraz wyni\u00adka z tego, \u017ce nie chc\u0119 go zawie\u015b\u0107.<\/p>\n\n\n\n<ul class=\"is-style-tw-dash wp-block-list\"><li>Ach tak, nasz ma\u0142y rytu\u00ada\u0142 \u2013 \u017bywiec\u00adki jak zawsze zato\u00adpio\u00adny w doku\u00admen\u00adtach, nawet na mnie nie spoj\u00adrza\u0142. \u2013 Usi\u0105d\u017a sobie.&nbsp;<\/li><\/ul>\n\n\n\n<p>Wyci\u0105\u00adgn\u0105\u0142 z szu\u00adfla\u00addy nie\u00adwiel\u00adki&nbsp;notes.<\/p>\n\n\n\n<ul class=\"is-style-tw-dash wp-block-list\"><li>Na tym eta\u00adpie \u015bledz\u00adtwa musisz ju\u017c mie\u0107 w\u0105sk\u0105 list\u0119 podej\u00adrza\u00adnych. Naj\u00adpraw\u00addo\u00adpo\u00addob\u00adniej naj\u00adwi\u0119\u00adcej k\u0142o\u00adpo\u00adtu spra\u00adwia ci zna\u00adle\u00adzie\u00adnie moty\u00adwu. Zawsze tak&nbsp;jest.<\/li><li>Nie\u00adste\u00adty, tak w\u0142a\u00ad\u015bnie&nbsp;jest.<\/li><li>Hm. To mo\u017ce moje pyta\u00adnia pozwo\u00adl\u0105 ci w jaki\u015b spo\u00ads\u00f3b oddzie\u00adli\u0107 ziar\u00adna od&nbsp;plew?\u2026<\/li><\/ul>\n\n\n\n<h2 class=\"wp-block-heading\">Prawda czy&nbsp;Fa\u0142sz?<\/h2>\n\n\n\n<ol class=\"wp-block-list\"><li>To Edward Kami\u0144\u00adski na pro\u015b\u00adb\u0119 Zyg\u00admun\u00adta Gaj\u00addy wrzu\u00adci\u0142 zwi\u00adni\u0119\u00adt\u0105 kart\u00adk\u0119 papie\u00adru do tor\u00adby nale\u00ad\u017c\u0105\u00adcej do syna ofiary.<\/li><li>W prze\u00adci\u0105\u00adgu ostat\u00adnich lat Ceza\u00adry Arasz\u00adkie\u00adwicz pod\u00adno\u00adsi\u0142 ceny na us\u0142u\u00adgi swo\u00adjej fir\u00admy rzad\u00adko i o nie\u00adwiel\u00adkie warto\u015bci.<\/li><li>Dziec\u00adko Anny zmar\u00ad\u0142o zaraz po urodzeniu.<\/li><\/ol>\n\n\n\n<p id=\"block-ed669cc3-c616-4ee1-9b22-d8122276d7c5\">Znasz odpo\u00adwied\u017a na pyta\u00adnia \u017bywiec\u00adkie\u00adgo? W takim razie klik\u00adnij przy\u00adcisk poni\u00ad\u017cej \u201eZnam ju\u017c odpo\u00adwied\u017a\u201d i podaj has\u0142o do stro\u00adny z nagrodami.<\/p>\n\n\n\n<p id=\"block-ac7c24ca-aa18-401c-a2c1-80c5e73434ab\">Has\u0142o to kom\u00adbi\u00adna\u00adcja <strong>du\u017cych<\/strong> liter <strong>P<\/strong> i <strong>F<\/strong> poda\u00adna w takiej samej kolej\u00adno\u00ad\u015bci, w jakiej opu\u00adbli\u00adko\u00adwa\u00adno powy\u00ad\u017cej zdania.<\/p>\n\n\n\n<div class=\"wp-block-buttons is-content-justification-center is-layout-flex wp-block-buttons-is-layout-flex\">\n<div class=\"wp-block-button\"><a class=\"wp-block-button__link\" href=\"https:\/\/siriuscrime.com\/powrot-anny\/pokoj-detektywa\/uwagi-komisarza-zywieckiego-nr-4\/\">ZNAM ODPOWIED\u0179<\/a><\/div>\n<\/div>\n","protected":false},"excerpt":{"rendered":"<p>Sp\u0119\u00addzam tyle cza\u00adsu przy tej spra\u00adwie\u2026 Mam wra\u00ad\u017ce\u00adnie, \u017ce pra\u00adcu\u00adje tu od lat. Trud\u00adno mi ju\u017c sobie przy\u00adpo\u00admnie\u0107 jak to by\u0142o, kie\u00addy przed wej\u00ad\u015bciem do poko\u00adju \u017bywiec\u00adkie\u00adgo oble\u00adwa\u0142 mnie zim\u00adny pot. Owszem, wci\u0105\u017c czu\u00adj\u0119 respekt przed tym sta\u00adrym detek\u00adty\u00adwem. Ale zupe\u0142\u00adnie si\u0119 go nie&nbsp;boj\u0119. Strach jaki odczu\u00adwam teraz wyni\u00adka z tego, \u017ce nie chc\u0119&nbsp;go\u2026<\/p>\n","protected":false},"author":1,"featured_media":0,"parent":103,"menu_order":0,"comment_status":"closed","ping_status":"closed","template":"tw-header-transparent.php","meta":{"wp_typography_post_enhancements_disabled":false,"_uag_custom_page_level_css":"","footnotes":""},"class_list":["post-608","page","type-page","status-publish","hentry"],"yoast_head":"<!-- This site is optimized with the Yoast SEO plugin v27.2 - https:\/\/yoast.com\/product\/yoast-seo-wordpress\/ -->\n<title>Raport Nr 4 - Powr\u00f3t Anny<\/title>\n<meta name=\"robots\" content=\"index, follow, max-snippet:-1, max-image-preview:large, max-video-preview:-1\" \/>\n<link rel=\"canonical\" href=\"https:\/\/siriuscrime.com\/powrot-anny\/pokoj-detektywa\/raport-nr-4\/\" \/>\n<meta property=\"og:locale\" content=\"pl_PL\" \/>\n<meta property=\"og:type\" content=\"article\" \/>\n<meta property=\"og:title\" content=\"Raport Nr 4 - Powr\u00f3t Anny\" \/>\n<meta property=\"og:description\" content=\"Sp\u0119\u00addzam tyle cza\u00adsu przy tej spra\u00adwie\u2026 Mam wra\u00ad\u017ce\u00adnie, \u017ce pra\u00adcu\u00adje tu od lat. Trud\u00adno mi ju\u017c sobie przy\u00adpo\u00admnie\u0107 jak to by\u0142o, kie\u00addy przed wej\u00ad\u015bciem do poko\u00adju \u017bywiec\u00adkie\u00adgo oble\u00adwa\u0142 mnie zim\u00adny pot. Owszem, wci\u0105\u017c czu\u00adj\u0119 respekt przed tym sta\u00adrym detek\u00adty\u00adwem. Ale zupe\u0142\u00adnie si\u0119 go nie&nbsp;boj\u0119. Strach jaki odczu\u00adwam teraz wyni\u00adka z tego, \u017ce nie chc\u0119 go&hellip;\" \/>\n<meta property=\"og:url\" content=\"https:\/\/siriuscrime.com\/powrot-anny\/pokoj-detektywa\/raport-nr-4\/\" \/>\n<meta property=\"og:site_name\" content=\"Powr\u00f3t Anny\" \/>\n<meta property=\"article:modified_time\" content=\"2021-07-01T08:59:29+00:00\" \/>\n<meta property=\"og:image\" content=\"https:\/\/siriuscrime.com\/powrot-anny\/wp-content\/uploads\/sites\/2\/2020\/11\/PA-kontakt.jpg\" \/>\n<meta name=\"twitter:card\" content=\"summary_large_image\" \/>\n<meta name=\"twitter:label1\" content=\"Szacowany czas czytania\" \/>\n\t<meta name=\"twitter:data1\" content=\"2 minuty\" \/>\n<script type=\"application\/ld+json\" class=\"yoast-schema-graph\">{\"@context\":\"https:\/\/schema.org\",\"@graph\":[{\"@type\":\"WebPage\",\"@id\":\"https:\/\/siriuscrime.com\/powrot-anny\/pokoj-detektywa\/raport-nr-4\/\",\"url\":\"https:\/\/siriuscrime.com\/powrot-anny\/pokoj-detektywa\/raport-nr-4\/\",\"name\":\"Raport Nr 4 - Powr\u00f3t Anny\",\"isPartOf\":{\"@id\":\"https:\/\/siriuscrime.com\/powrot-anny\/#website\"},\"primaryImageOfPage\":{\"@id\":\"https:\/\/siriuscrime.com\/powrot-anny\/pokoj-detektywa\/raport-nr-4\/#primaryimage\"},\"image\":{\"@id\":\"https:\/\/siriuscrime.com\/powrot-anny\/pokoj-detektywa\/raport-nr-4\/#primaryimage\"},\"thumbnailUrl\":\"https:\/\/siriuscrime.com\/powrot-anny\/wp-content\/uploads\/sites\/2\/2020\/11\/PA-kontakt.jpg\",\"datePublished\":\"2020-11-20T18:28:47+00:00\",\"dateModified\":\"2021-07-01T08:59:29+00:00\",\"breadcrumb\":{\"@id\":\"https:\/\/siriuscrime.com\/powrot-anny\/pokoj-detektywa\/raport-nr-4\/#breadcrumb\"},\"inLanguage\":\"pl-PL\",\"potentialAction\":[{\"@type\":\"ReadAction\",\"target\":[\"https:\/\/siriuscrime.com\/powrot-anny\/pokoj-detektywa\/raport-nr-4\/\"]}]},{\"@type\":\"ImageObject\",\"inLanguage\":\"pl-PL\",\"@id\":\"https:\/\/siriuscrime.com\/powrot-anny\/pokoj-detektywa\/raport-nr-4\/#primaryimage\",\"url\":\"https:\/\/siriuscrime.com\/powrot-anny\/wp-content\/uploads\/sites\/2\/2020\/11\/PA-kontakt.jpg\",\"contentUrl\":\"https:\/\/siriuscrime.com\/powrot-anny\/wp-content\/uploads\/sites\/2\/2020\/11\/PA-kontakt.jpg\",\"width\":1920,\"height\":1080},{\"@type\":\"BreadcrumbList\",\"@id\":\"https:\/\/siriuscrime.com\/powrot-anny\/pokoj-detektywa\/raport-nr-4\/#breadcrumb\",\"itemListElement\":[{\"@type\":\"ListItem\",\"position\":1,\"name\":\"Strona g\u0142\u00f3wna\",\"item\":\"https:\/\/siriuscrime.com\/powrot-anny\/\"},{\"@type\":\"ListItem\",\"position\":2,\"name\":\"Pok\u00f3j detektywa\",\"item\":\"https:\/\/siriuscrime.com\/powrot-anny\/pokoj-detektywa\/\"},{\"@type\":\"ListItem\",\"position\":3,\"name\":\"Raport Nr&nbsp;4\"}]},{\"@type\":\"WebSite\",\"@id\":\"https:\/\/siriuscrime.com\/powrot-anny\/#website\",\"url\":\"https:\/\/siriuscrime.com\/powrot-anny\/\",\"name\":\"Powr\u00f3t Anny\",\"description\":\"Gra detektywistyczna\",\"potentialAction\":[{\"@type\":\"SearchAction\",\"target\":{\"@type\":\"EntryPoint\",\"urlTemplate\":\"https:\/\/siriuscrime.com\/powrot-anny\/?s={search_term_string}\"},\"query-input\":{\"@type\":\"PropertyValueSpecification\",\"valueRequired\":true,\"valueName\":\"search_term_string\"}}],\"inLanguage\":\"pl-PL\"}]}<\/script>\n<!-- \/ Yoast SEO plugin. -->","yoast_head_json":{"title":"Raport Nr 4 - Powr\u00f3t Anny","robots":{"index":"index","follow":"follow","max-snippet":"max-snippet:-1","max-image-preview":"max-image-preview:large","max-video-preview":"max-video-preview:-1"},"canonical":"https:\/\/siriuscrime.com\/powrot-anny\/pokoj-detektywa\/raport-nr-4\/","og_locale":"pl_PL","og_type":"article","og_title":"Raport Nr 4 - Powr\u00f3t Anny","og_description":"Sp\u0119\u00addzam tyle cza\u00adsu przy tej spra\u00adwie\u2026 Mam wra\u00ad\u017ce\u00adnie, \u017ce pra\u00adcu\u00adje tu od lat. Trud\u00adno mi ju\u017c sobie przy\u00adpo\u00admnie\u0107 jak to by\u0142o, kie\u00addy przed wej\u00ad\u015bciem do poko\u00adju \u017bywiec\u00adkie\u00adgo oble\u00adwa\u0142 mnie zim\u00adny pot. Owszem, wci\u0105\u017c czu\u00adj\u0119 respekt przed tym sta\u00adrym detek\u00adty\u00adwem. Ale zupe\u0142\u00adnie si\u0119 go nie&nbsp;boj\u0119. Strach jaki odczu\u00adwam teraz wyni\u00adka z tego, \u017ce nie chc\u0119 go&hellip;","og_url":"https:\/\/siriuscrime.com\/powrot-anny\/pokoj-detektywa\/raport-nr-4\/","og_site_name":"Powr\u00f3t Anny","article_modified_time":"2021-07-01T08:59:29+00:00","og_image":[{"url":"https:\/\/siriuscrime.com\/powrot-anny\/wp-content\/uploads\/sites\/2\/2020\/11\/PA-kontakt.jpg","type":"","width":"","height":""}],"twitter_card":"summary_large_image","twitter_misc":{"Szacowany czas czytania":"2 minuty"},"schema":{"@context":"https:\/\/schema.org","@graph":[{"@type":"WebPage","@id":"https:\/\/siriuscrime.com\/powrot-anny\/pokoj-detektywa\/raport-nr-4\/","url":"https:\/\/siriuscrime.com\/powrot-anny\/pokoj-detektywa\/raport-nr-4\/","name":"Raport Nr 4 - Powr\u00f3t Anny","isPartOf":{"@id":"https:\/\/siriuscrime.com\/powrot-anny\/#website"},"primaryImageOfPage":{"@id":"https:\/\/siriuscrime.com\/powrot-anny\/pokoj-detektywa\/raport-nr-4\/#primaryimage"},"image":{"@id":"https:\/\/siriuscrime.com\/powrot-anny\/pokoj-detektywa\/raport-nr-4\/#primaryimage"},"thumbnailUrl":"https:\/\/siriuscrime.com\/powrot-anny\/wp-content\/uploads\/sites\/2\/2020\/11\/PA-kontakt.jpg","datePublished":"2020-11-20T18:28:47+00:00","dateModified":"2021-07-01T08:59:29+00:00","breadcrumb":{"@id":"https:\/\/siriuscrime.com\/powrot-anny\/pokoj-detektywa\/raport-nr-4\/#breadcrumb"},"inLanguage":"pl-PL","potentialAction":[{"@type":"ReadAction","target":["https:\/\/siriuscrime.com\/powrot-anny\/pokoj-detektywa\/raport-nr-4\/"]}]},{"@type":"ImageObject","inLanguage":"pl-PL","@id":"https:\/\/siriuscrime.com\/powrot-anny\/pokoj-detektywa\/raport-nr-4\/#primaryimage","url":"https:\/\/siriuscrime.com\/powrot-anny\/wp-content\/uploads\/sites\/2\/2020\/11\/PA-kontakt.jpg","contentUrl":"https:\/\/siriuscrime.com\/powrot-anny\/wp-content\/uploads\/sites\/2\/2020\/11\/PA-kontakt.jpg","width":1920,"height":1080},{"@type":"BreadcrumbList","@id":"https:\/\/siriuscrime.com\/powrot-anny\/pokoj-detektywa\/raport-nr-4\/#breadcrumb","itemListElement":[{"@type":"ListItem","position":1,"name":"Strona g\u0142\u00f3wna","item":"https:\/\/siriuscrime.com\/powrot-anny\/"},{"@type":"ListItem","position":2,"name":"Pok\u00f3j detektywa","item":"https:\/\/siriuscrime.com\/powrot-anny\/pokoj-detektywa\/"},{"@type":"ListItem","position":3,"name":"Raport Nr&nbsp;4"}]},{"@type":"WebSite","@id":"https:\/\/siriuscrime.com\/powrot-anny\/#website","url":"https:\/\/siriuscrime.com\/powrot-anny\/","name":"Powr\u00f3t Anny","description":"Gra detektywistyczna","potentialAction":[{"@type":"SearchAction","target":{"@type":"EntryPoint","urlTemplate":"https:\/\/siriuscrime.com\/powrot-anny\/?s={search_term_string}"},"query-input":{"@type":"PropertyValueSpecification","valueRequired":true,"valueName":"search_term_string"}}],"inLanguage":"pl-PL"}]}},"uagb_featured_image_src":{"full":false,"thumbnail":false,"medium":false,"medium_large":false,"large":false,"1536x1536":false,"2048x2048":false,"post-thumbnail":false,"twentytwenty-fullscreen":false},"uagb_author_info":{"display_name":"Piotr Budzisz","author_link":"https:\/\/siriuscrime.com\/powrot-anny\/blog\/author\/piotr-budzisz\/"},"uagb_comment_info":0,"uagb_excerpt":"Sp\u0119\u00addzam tyle cza\u00adsu przy tej spra\u00adwie\u2026 Mam wra\u00ad\u017ce\u00adnie, \u017ce pra\u00adcu\u00adje tu od lat. Trud\u00adno mi ju\u017c sobie przy\u00adpo\u00admnie\u0107 jak to by\u0142o, kie\u00addy przed wej\u00ad\u015bciem do poko\u00adju \u017bywiec\u00adkie\u00adgo oble\u00adwa\u0142 mnie zim\u00adny pot. Owszem, wci\u0105\u017c czu\u00adj\u0119 respekt przed tym sta\u00adrym detek\u00adty\u00adwem. Ale zupe\u0142\u00adnie si\u0119 go nie&nbsp;boj\u0119. Strach jaki odczu\u00adwam teraz wyni\u00adka z tego, \u017ce nie chc\u0119 go&hellip;","jetpack_sharing_enabled":true,"_links":{"self":[{"href":"https:\/\/siriuscrime.com\/powrot-anny\/wp-json\/wp\/v2\/pages\/608","targetHints":{"allow":["GET"]}}],"collection":[{"href":"https:\/\/siriuscrime.com\/powrot-anny\/wp-json\/wp\/v2\/pages"}],"about":[{"href":"https:\/\/siriuscrime.com\/powrot-anny\/wp-json\/wp\/v2\/types\/page"}],"author":[{"embeddable":true,"href":"https:\/\/siriuscrime.com\/powrot-anny\/wp-json\/wp\/v2\/users\/1"}],"replies":[{"embeddable":true,"href":"https:\/\/siriuscrime.com\/powrot-anny\/wp-json\/wp\/v2\/comments?post=608"}],"version-history":[{"count":1,"href":"https:\/\/siriuscrime.com\/powrot-anny\/wp-json\/wp\/v2\/pages\/608\/revisions"}],"predecessor-version":[{"id":1478,"href":"https:\/\/siriuscrime.com\/powrot-anny\/wp-json\/wp\/v2\/pages\/608\/revisions\/1478"}],"up":[{"embeddable":true,"href":"https:\/\/siriuscrime.com\/powrot-anny\/wp-json\/wp\/v2\/pages\/103"}],"wp:attachment":[{"href":"https:\/\/siriuscrime.com\/powrot-anny\/wp-json\/wp\/v2\/media?parent=608"}],"curies":[{"name":"wp","href":"https:\/\/api.w.org\/{rel}","templated":true}]}}