{"id":432,"date":"2020-11-13T14:26:46","date_gmt":"2020-11-13T13:26:46","guid":{"rendered":"https:\/\/siriuscrime.com\/powrot-anny\/?page_id=432"},"modified":"2021-06-30T18:22:03","modified_gmt":"2021-06-30T16:22:03","slug":"raport-nr-2","status":"publish","type":"page","link":"https:\/\/siriuscrime.com\/powrot-anny\/pokoj-detektywa\/raport-nr-2\/","title":{"rendered":"Raport Nr&nbsp;2"},"content":{"rendered":"\n<div class=\"wp-block-cover alignfull has-background-dim\"><img loading=\"lazy\" decoding=\"async\" width=\"1920\" height=\"1080\" sizes=\"auto, (max-width: 799px) 200vw, (max-width: 1920px) 100vw, 1920px\" class=\"wp-block-cover__image-background wp-image-56\" alt src=\"https:\/\/siriuscrime.com\/powrot-anny\/wp-content\/uploads\/sites\/2\/2020\/11\/PA-kontakt.jpg\" style=\"object-position:50% 100%\" data-object-fit=\"cover\" data-object-position=\"50% 100%\" srcset=\"https:\/\/siriuscrime.com\/powrot-anny\/wp-content\/uploads\/sites\/2\/2020\/11\/PA-kontakt.jpg 1920w, https:\/\/siriuscrime.com\/powrot-anny\/wp-content\/uploads\/sites\/2\/2020\/11\/PA-kontakt-300x169.jpg 300w, https:\/\/siriuscrime.com\/powrot-anny\/wp-content\/uploads\/sites\/2\/2020\/11\/PA-kontakt-1024x576.jpg 1024w, https:\/\/siriuscrime.com\/powrot-anny\/wp-content\/uploads\/sites\/2\/2020\/11\/PA-kontakt-768x432.jpg 768w, https:\/\/siriuscrime.com\/powrot-anny\/wp-content\/uploads\/sites\/2\/2020\/11\/PA-kontakt-1536x864.jpg 1536w, https:\/\/siriuscrime.com\/powrot-anny\/wp-content\/uploads\/sites\/2\/2020\/11\/PA-kontakt-1200x675.jpg 1200w\"><div class=\"wp-block-cover__inner-container is-layout-flow wp-block-cover-is-layout-flow\">\n<h1 class=\"has-text-align-center wp-block-heading\">Raport Nr&nbsp;2<\/h1>\n<\/div><\/div>\n\n\n\n<p>\u017bywiec\u00adki sie\u00addzia\u0142 przy swo\u00adim biur\u00adku. Z tru\u00addem mog\u0142em go dostrzec zza sto\u00adsu papie\u00adr\u00f3w. Pozo\u00adsta\u00ad\u0142o mi wi\u0119c sta\u0107 w mil\u00adcze\u00adniu, a\u017c mnie zauwa\u00ad\u017cy. Trwa\u00ad\u0142o to chwilk\u0119.<\/p>\n\n\n\n<ul class=\"is-style-tw-dash wp-block-list\"><li>Pra\u00adcu\u00adjesz coraz lepiej, to praw\u00adda \u2013 wybur\u00adcza\u0142. Ca\u0142ym sob\u0105 by\u0142 sku\u00adpio\u00adny na doku\u00admen\u00adcie, kt\u00f3\u00adry le\u017ca\u0142 gdzie\u015b poza zasi\u0119\u00adgiem moje\u00adgo wzro\u00adku. \u2013&nbsp; Ale to nie zna\u00adczy, \u017ce mo\u017cesz spo\u00adcz\u0105\u0107 na laurach.&nbsp;<\/li><\/ul>\n\n\n\n<p>W ko\u0144\u00adcu mnie spojrza\u0142.&nbsp;<\/p>\n\n\n\n<ul class=\"is-style-tw-dash wp-block-list\"><li>Dzi\u015b dru\u00adgi test. Tak jak poprzed\u00adnio, ja dyk\u00adtu\u00adj\u0119 kil\u00adka zda\u0144, ty ozna\u00adczasz je jako praw\u00add\u0119 lub fa\u0142sz. Je\u015bli zro\u00adbisz to pra\u00adwi\u00add\u0142o\u00adwo, w nagro\u00add\u0119 otrzy\u00admasz ode mnie kil\u00adka mate\u00adria\u00ad\u0142\u00f3w z moimi cen\u00adny\u00admi uwagami.&nbsp;<\/li><\/ul>\n\n\n\n<h2 class=\"wp-block-heading\">Prawda czy&nbsp;Fa\u0142sz?<\/h2>\n\n\n\n<ol class=\"wp-block-list\"><li>Ber\u00adnard Filip\u00adczak pali\u0142 papierosy.<\/li><li>Leoka\u00addia i Ber\u00adnard pobra\u00adli si\u0119 z mi\u0142o\u015bci.<\/li><li>Naj\u00adwi\u0119\u00adcej miej\u00adsca w swo\u00adim testa\u00admen\u00adcie Ber\u00adnard po\u015bwi\u0119\u00adci\u0142&nbsp;Annie.<\/li><\/ol>\n\n\n\n<p>Znasz odpo\u00adwied\u017a na pyta\u00adnia \u017bywiec\u00adkie\u00adgo? W takim razie klik\u00adnij przy\u00adcisk poni\u00ad\u017cej \u201eZnam ju\u017c odpo\u00adwied\u017a\u201d i podaj has\u0142o do stro\u00adny z nagrodami.&nbsp;<\/p>\n\n\n\n<p>Has\u0142o to kom\u00adbi\u00adna\u00adcja <strong>du\u017cych<\/strong> liter <strong>P<\/strong> i <strong>F<\/strong> poda\u00adna w takiej samej kolej\u00adno\u00ad\u015bci, w jakiej opu\u00adbli\u00adko\u00adwa\u00adno powy\u00ad\u017cej zdania.<\/p>\n\n\n\n<div class=\"wp-block-buttons is-content-justification-center is-layout-flex wp-block-buttons-is-layout-flex\">\n<div class=\"wp-block-button\"><a class=\"wp-block-button__link\" href=\"https:\/\/siriuscrime.com\/powrot-anny\/pokoj-detektywa\/uwagi-komisarza-zywieckiego-nr-2\/\">Znam Odpo\u00adwied\u017a<\/a><\/div>\n<\/div>\n","protected":false},"excerpt":{"rendered":"<p>\u017bywiec\u00adki sie\u00addzia\u0142 przy swo\u00adim biur\u00adku. Z tru\u00addem mog\u0142em go dostrzec zza sto\u00adsu papie\u00adr\u00f3w. Pozo\u00adsta\u00ad\u0142o mi wi\u0119c sta\u0107 w mil\u00adcze\u00adniu, a\u017c mnie zauwa\u00ad\u017cy. Trwa\u00ad\u0142o to chwil\u00adk\u0119. Pra\u00adcu\u00adjesz coraz lepiej, to praw\u00adda \u2013 wybur\u00adcza\u0142. Ca\u0142ym sob\u0105 by\u0142 sku\u00adpio\u00adny na doku\u00admen\u00adcie, kt\u00f3\u00adry le\u017ca\u0142 gdzie\u015b poza zasi\u0119\u00adgiem moje\u00adgo wzro\u00adku. \u2013&nbsp; Ale to nie zna\u00adczy, \u017ce mo\u017cesz spo\u00adcz\u0105\u0107 na laurach.&nbsp;\u2026<\/p>\n","protected":false},"author":1,"featured_media":0,"parent":103,"menu_order":0,"comment_status":"closed","ping_status":"closed","template":"tw-header-transparent.php","meta":{"wp_typography_post_enhancements_disabled":false,"_uag_custom_page_level_css":"","footnotes":""},"class_list":["post-432","page","type-page","status-publish","hentry"],"yoast_head":"<!-- This site is optimized with the Yoast SEO plugin v27.2 - https:\/\/yoast.com\/product\/yoast-seo-wordpress\/ -->\n<title>Raport Nr 2 - Powr\u00f3t Anny<\/title>\n<meta name=\"robots\" content=\"index, follow, max-snippet:-1, max-image-preview:large, max-video-preview:-1\" \/>\n<link rel=\"canonical\" href=\"https:\/\/siriuscrime.com\/powrot-anny\/pokoj-detektywa\/raport-nr-2\/\" \/>\n<meta property=\"og:locale\" content=\"pl_PL\" \/>\n<meta property=\"og:type\" content=\"article\" \/>\n<meta property=\"og:title\" content=\"Raport Nr 2 - Powr\u00f3t Anny\" \/>\n<meta property=\"og:description\" content=\"\u017bywiec\u00adki sie\u00addzia\u0142 przy swo\u00adim biur\u00adku. Z tru\u00addem mog\u0142em go dostrzec zza sto\u00adsu papie\u00adr\u00f3w. Pozo\u00adsta\u00ad\u0142o mi wi\u0119c sta\u0107 w mil\u00adcze\u00adniu, a\u017c mnie zauwa\u00ad\u017cy. Trwa\u00ad\u0142o to chwilk\u0119. Pra\u00adcu\u00adjesz coraz lepiej, to praw\u00adda \u2013 wybur\u00adcza\u0142. Ca\u0142ym sob\u0105 by\u0142 sku\u00adpio\u00adny na doku\u00admen\u00adcie, kt\u00f3\u00adry le\u017ca\u0142 gdzie\u015b poza zasi\u0119\u00adgiem moje\u00adgo wzro\u00adku. \u2013&nbsp; Ale to nie zna\u00adczy, \u017ce mo\u017cesz spo\u00adcz\u0105\u0107 na laurach.&nbsp;&hellip;\" \/>\n<meta property=\"og:url\" content=\"https:\/\/siriuscrime.com\/powrot-anny\/pokoj-detektywa\/raport-nr-2\/\" \/>\n<meta property=\"og:site_name\" content=\"Powr\u00f3t Anny\" \/>\n<meta property=\"article:modified_time\" content=\"2021-06-30T16:22:03+00:00\" \/>\n<meta property=\"og:image\" content=\"https:\/\/siriuscrime.com\/powrot-anny\/wp-content\/uploads\/sites\/2\/2020\/11\/PA-kontakt.jpg\" \/>\n<meta name=\"twitter:card\" content=\"summary_large_image\" \/>\n<meta name=\"twitter:label1\" content=\"Szacowany czas czytania\" \/>\n\t<meta name=\"twitter:data1\" content=\"1 minuta\" \/>\n<script type=\"application\/ld+json\" class=\"yoast-schema-graph\">{\"@context\":\"https:\/\/schema.org\",\"@graph\":[{\"@type\":\"WebPage\",\"@id\":\"https:\/\/siriuscrime.com\/powrot-anny\/pokoj-detektywa\/raport-nr-2\/\",\"url\":\"https:\/\/siriuscrime.com\/powrot-anny\/pokoj-detektywa\/raport-nr-2\/\",\"name\":\"Raport Nr 2 - Powr\u00f3t Anny\",\"isPartOf\":{\"@id\":\"https:\/\/siriuscrime.com\/powrot-anny\/#website\"},\"primaryImageOfPage\":{\"@id\":\"https:\/\/siriuscrime.com\/powrot-anny\/pokoj-detektywa\/raport-nr-2\/#primaryimage\"},\"image\":{\"@id\":\"https:\/\/siriuscrime.com\/powrot-anny\/pokoj-detektywa\/raport-nr-2\/#primaryimage\"},\"thumbnailUrl\":\"https:\/\/siriuscrime.com\/powrot-anny\/wp-content\/uploads\/sites\/2\/2020\/11\/PA-kontakt.jpg\",\"datePublished\":\"2020-11-13T13:26:46+00:00\",\"dateModified\":\"2021-06-30T16:22:03+00:00\",\"breadcrumb\":{\"@id\":\"https:\/\/siriuscrime.com\/powrot-anny\/pokoj-detektywa\/raport-nr-2\/#breadcrumb\"},\"inLanguage\":\"pl-PL\",\"potentialAction\":[{\"@type\":\"ReadAction\",\"target\":[\"https:\/\/siriuscrime.com\/powrot-anny\/pokoj-detektywa\/raport-nr-2\/\"]}]},{\"@type\":\"ImageObject\",\"inLanguage\":\"pl-PL\",\"@id\":\"https:\/\/siriuscrime.com\/powrot-anny\/pokoj-detektywa\/raport-nr-2\/#primaryimage\",\"url\":\"https:\/\/siriuscrime.com\/powrot-anny\/wp-content\/uploads\/sites\/2\/2020\/11\/PA-kontakt.jpg\",\"contentUrl\":\"https:\/\/siriuscrime.com\/powrot-anny\/wp-content\/uploads\/sites\/2\/2020\/11\/PA-kontakt.jpg\",\"width\":1920,\"height\":1080},{\"@type\":\"BreadcrumbList\",\"@id\":\"https:\/\/siriuscrime.com\/powrot-anny\/pokoj-detektywa\/raport-nr-2\/#breadcrumb\",\"itemListElement\":[{\"@type\":\"ListItem\",\"position\":1,\"name\":\"Strona g\u0142\u00f3wna\",\"item\":\"https:\/\/siriuscrime.com\/powrot-anny\/\"},{\"@type\":\"ListItem\",\"position\":2,\"name\":\"Pok\u00f3j detektywa\",\"item\":\"https:\/\/siriuscrime.com\/powrot-anny\/pokoj-detektywa\/\"},{\"@type\":\"ListItem\",\"position\":3,\"name\":\"Raport Nr&nbsp;2\"}]},{\"@type\":\"WebSite\",\"@id\":\"https:\/\/siriuscrime.com\/powrot-anny\/#website\",\"url\":\"https:\/\/siriuscrime.com\/powrot-anny\/\",\"name\":\"Powr\u00f3t Anny\",\"description\":\"Gra detektywistyczna\",\"potentialAction\":[{\"@type\":\"SearchAction\",\"target\":{\"@type\":\"EntryPoint\",\"urlTemplate\":\"https:\/\/siriuscrime.com\/powrot-anny\/?s={search_term_string}\"},\"query-input\":{\"@type\":\"PropertyValueSpecification\",\"valueRequired\":true,\"valueName\":\"search_term_string\"}}],\"inLanguage\":\"pl-PL\"}]}<\/script>\n<!-- \/ Yoast SEO plugin. -->","yoast_head_json":{"title":"Raport Nr 2 - Powr\u00f3t Anny","robots":{"index":"index","follow":"follow","max-snippet":"max-snippet:-1","max-image-preview":"max-image-preview:large","max-video-preview":"max-video-preview:-1"},"canonical":"https:\/\/siriuscrime.com\/powrot-anny\/pokoj-detektywa\/raport-nr-2\/","og_locale":"pl_PL","og_type":"article","og_title":"Raport Nr 2 - Powr\u00f3t Anny","og_description":"\u017bywiec\u00adki sie\u00addzia\u0142 przy swo\u00adim biur\u00adku. Z tru\u00addem mog\u0142em go dostrzec zza sto\u00adsu papie\u00adr\u00f3w. Pozo\u00adsta\u00ad\u0142o mi wi\u0119c sta\u0107 w mil\u00adcze\u00adniu, a\u017c mnie zauwa\u00ad\u017cy. Trwa\u00ad\u0142o to chwilk\u0119. Pra\u00adcu\u00adjesz coraz lepiej, to praw\u00adda \u2013 wybur\u00adcza\u0142. Ca\u0142ym sob\u0105 by\u0142 sku\u00adpio\u00adny na doku\u00admen\u00adcie, kt\u00f3\u00adry le\u017ca\u0142 gdzie\u015b poza zasi\u0119\u00adgiem moje\u00adgo wzro\u00adku. \u2013&nbsp; Ale to nie zna\u00adczy, \u017ce mo\u017cesz spo\u00adcz\u0105\u0107 na laurach.&nbsp;&hellip;","og_url":"https:\/\/siriuscrime.com\/powrot-anny\/pokoj-detektywa\/raport-nr-2\/","og_site_name":"Powr\u00f3t Anny","article_modified_time":"2021-06-30T16:22:03+00:00","og_image":[{"url":"https:\/\/siriuscrime.com\/powrot-anny\/wp-content\/uploads\/sites\/2\/2020\/11\/PA-kontakt.jpg","type":"","width":"","height":""}],"twitter_card":"summary_large_image","twitter_misc":{"Szacowany czas czytania":"1 minuta"},"schema":{"@context":"https:\/\/schema.org","@graph":[{"@type":"WebPage","@id":"https:\/\/siriuscrime.com\/powrot-anny\/pokoj-detektywa\/raport-nr-2\/","url":"https:\/\/siriuscrime.com\/powrot-anny\/pokoj-detektywa\/raport-nr-2\/","name":"Raport Nr 2 - Powr\u00f3t Anny","isPartOf":{"@id":"https:\/\/siriuscrime.com\/powrot-anny\/#website"},"primaryImageOfPage":{"@id":"https:\/\/siriuscrime.com\/powrot-anny\/pokoj-detektywa\/raport-nr-2\/#primaryimage"},"image":{"@id":"https:\/\/siriuscrime.com\/powrot-anny\/pokoj-detektywa\/raport-nr-2\/#primaryimage"},"thumbnailUrl":"https:\/\/siriuscrime.com\/powrot-anny\/wp-content\/uploads\/sites\/2\/2020\/11\/PA-kontakt.jpg","datePublished":"2020-11-13T13:26:46+00:00","dateModified":"2021-06-30T16:22:03+00:00","breadcrumb":{"@id":"https:\/\/siriuscrime.com\/powrot-anny\/pokoj-detektywa\/raport-nr-2\/#breadcrumb"},"inLanguage":"pl-PL","potentialAction":[{"@type":"ReadAction","target":["https:\/\/siriuscrime.com\/powrot-anny\/pokoj-detektywa\/raport-nr-2\/"]}]},{"@type":"ImageObject","inLanguage":"pl-PL","@id":"https:\/\/siriuscrime.com\/powrot-anny\/pokoj-detektywa\/raport-nr-2\/#primaryimage","url":"https:\/\/siriuscrime.com\/powrot-anny\/wp-content\/uploads\/sites\/2\/2020\/11\/PA-kontakt.jpg","contentUrl":"https:\/\/siriuscrime.com\/powrot-anny\/wp-content\/uploads\/sites\/2\/2020\/11\/PA-kontakt.jpg","width":1920,"height":1080},{"@type":"BreadcrumbList","@id":"https:\/\/siriuscrime.com\/powrot-anny\/pokoj-detektywa\/raport-nr-2\/#breadcrumb","itemListElement":[{"@type":"ListItem","position":1,"name":"Strona g\u0142\u00f3wna","item":"https:\/\/siriuscrime.com\/powrot-anny\/"},{"@type":"ListItem","position":2,"name":"Pok\u00f3j detektywa","item":"https:\/\/siriuscrime.com\/powrot-anny\/pokoj-detektywa\/"},{"@type":"ListItem","position":3,"name":"Raport Nr&nbsp;2"}]},{"@type":"WebSite","@id":"https:\/\/siriuscrime.com\/powrot-anny\/#website","url":"https:\/\/siriuscrime.com\/powrot-anny\/","name":"Powr\u00f3t Anny","description":"Gra detektywistyczna","potentialAction":[{"@type":"SearchAction","target":{"@type":"EntryPoint","urlTemplate":"https:\/\/siriuscrime.com\/powrot-anny\/?s={search_term_string}"},"query-input":{"@type":"PropertyValueSpecification","valueRequired":true,"valueName":"search_term_string"}}],"inLanguage":"pl-PL"}]}},"uagb_featured_image_src":{"full":false,"thumbnail":false,"medium":false,"medium_large":false,"large":false,"1536x1536":false,"2048x2048":false,"post-thumbnail":false,"twentytwenty-fullscreen":false},"uagb_author_info":{"display_name":"Piotr Budzisz","author_link":"https:\/\/siriuscrime.com\/powrot-anny\/blog\/author\/piotr-budzisz\/"},"uagb_comment_info":0,"uagb_excerpt":"\u017bywiec\u00adki sie\u00addzia\u0142 przy swo\u00adim biur\u00adku. Z tru\u00addem mog\u0142em go dostrzec zza sto\u00adsu papie\u00adr\u00f3w. Pozo\u00adsta\u00ad\u0142o mi wi\u0119c sta\u0107 w mil\u00adcze\u00adniu, a\u017c mnie zauwa\u00ad\u017cy. Trwa\u00ad\u0142o to chwilk\u0119. Pra\u00adcu\u00adjesz coraz lepiej, to praw\u00adda \u2013 wybur\u00adcza\u0142. Ca\u0142ym sob\u0105 by\u0142 sku\u00adpio\u00adny na doku\u00admen\u00adcie, kt\u00f3\u00adry le\u017ca\u0142 gdzie\u015b poza zasi\u0119\u00adgiem moje\u00adgo wzro\u00adku. \u2013&nbsp; Ale to nie zna\u00adczy, \u017ce mo\u017cesz spo\u00adcz\u0105\u0107 na laurach.&nbsp;&hellip;","jetpack_sharing_enabled":true,"_links":{"self":[{"href":"https:\/\/siriuscrime.com\/powrot-anny\/wp-json\/wp\/v2\/pages\/432","targetHints":{"allow":["GET"]}}],"collection":[{"href":"https:\/\/siriuscrime.com\/powrot-anny\/wp-json\/wp\/v2\/pages"}],"about":[{"href":"https:\/\/siriuscrime.com\/powrot-anny\/wp-json\/wp\/v2\/types\/page"}],"author":[{"embeddable":true,"href":"https:\/\/siriuscrime.com\/powrot-anny\/wp-json\/wp\/v2\/users\/1"}],"replies":[{"embeddable":true,"href":"https:\/\/siriuscrime.com\/powrot-anny\/wp-json\/wp\/v2\/comments?post=432"}],"version-history":[{"count":1,"href":"https:\/\/siriuscrime.com\/powrot-anny\/wp-json\/wp\/v2\/pages\/432\/revisions"}],"predecessor-version":[{"id":1436,"href":"https:\/\/siriuscrime.com\/powrot-anny\/wp-json\/wp\/v2\/pages\/432\/revisions\/1436"}],"up":[{"embeddable":true,"href":"https:\/\/siriuscrime.com\/powrot-anny\/wp-json\/wp\/v2\/pages\/103"}],"wp:attachment":[{"href":"https:\/\/siriuscrime.com\/powrot-anny\/wp-json\/wp\/v2\/media?parent=432"}],"curies":[{"name":"wp","href":"https:\/\/api.w.org\/{rel}","templated":true}]}}