{"id":284,"date":"2020-11-12T15:52:36","date_gmt":"2020-11-12T14:52:36","guid":{"rendered":"https:\/\/siriuscrime.com\/powrot-anny\/?page_id=284"},"modified":"2021-06-30T17:38:04","modified_gmt":"2021-06-30T15:38:04","slug":"raport-nr-1","status":"publish","type":"page","link":"https:\/\/siriuscrime.com\/powrot-anny\/pokoj-detektywa\/raport-nr-1\/","title":{"rendered":"Raport Nr&nbsp;1"},"content":{"rendered":"\n<div class=\"wp-block-cover alignfull has-background-dim\"><img loading=\"lazy\" decoding=\"async\" width=\"1920\" height=\"1080\" sizes=\"auto, (max-width: 799px) 200vw, (max-width: 1920px) 100vw, 1920px\" class=\"wp-block-cover__image-background wp-image-56\" alt src=\"https:\/\/siriuscrime.com\/powrot-anny\/wp-content\/uploads\/sites\/2\/2020\/11\/PA-kontakt.jpg\" style=\"object-position:100% 100%\" data-object-fit=\"cover\" data-object-position=\"100% 100%\" srcset=\"https:\/\/siriuscrime.com\/powrot-anny\/wp-content\/uploads\/sites\/2\/2020\/11\/PA-kontakt.jpg 1920w, https:\/\/siriuscrime.com\/powrot-anny\/wp-content\/uploads\/sites\/2\/2020\/11\/PA-kontakt-300x169.jpg 300w, https:\/\/siriuscrime.com\/powrot-anny\/wp-content\/uploads\/sites\/2\/2020\/11\/PA-kontakt-1024x576.jpg 1024w, https:\/\/siriuscrime.com\/powrot-anny\/wp-content\/uploads\/sites\/2\/2020\/11\/PA-kontakt-768x432.jpg 768w, https:\/\/siriuscrime.com\/powrot-anny\/wp-content\/uploads\/sites\/2\/2020\/11\/PA-kontakt-1536x864.jpg 1536w, https:\/\/siriuscrime.com\/powrot-anny\/wp-content\/uploads\/sites\/2\/2020\/11\/PA-kontakt-1200x675.jpg 1200w\"><div class=\"wp-block-cover__inner-container is-layout-flow wp-block-cover-is-layout-flow\">\n<h1 class=\"has-text-align-center wp-block-heading\">Raport Nr&nbsp;1<\/h1>\n<\/div><\/div>\n\n\n\n<p>\u017bywiec\u00adki przy\u00adbra\u0142 poz\u0119 suro\u00adwe\u00adgo nauczy\u00adcie\u00adla. Im wi\u0119\u00adcej mam z nim do czy\u00adnie\u00adnia, tym bar\u00addziej z\u0142o\u00ad\u017co\u00adn\u0105 posta\u00adci\u0105 mi si\u0119 wyda\u00adje. To nie zwy\u00adk\u0142y, twar\u00addy gli\u00adna. To dobry aktor, kt\u00f3\u00adry p\u0142yn\u00adnie przy\u00adbie\u00adra coraz to nowe&nbsp;role.<\/p>\n\n\n\n<ul class=\"is-style-tw-dash wp-block-list\"><li>Mia\u00ad\u0142em dzi\u015b tro\u00adch\u0119 cza\u00adsu \u2013 zacz\u0105\u0142 nie\u00adwin\u00adnie. \u2013 Przej\u00adrza\u00ad\u0142em wszyst\u00adkie mate\u00adria\u00ad\u0142y, kt\u00f3\u00adre dostar\u00adczo\u00adno i tobie. Musisz te\u017c wie\u00addzie\u0107, \u017ce przy\u00ads\u0142u\u00adchu\u00adj\u0119 si\u0119 temu, jak pro\u00adwa\u00addzisz przes\u0142uchania.<\/li><\/ul>\n\n\n\n<p>Zasko\u00adczy\u0142 mnie. Wyda\u00adwa\u00ad\u0142o mi si\u0119, \u017ce pod\u00adczas moich roz\u00adm\u00f3w z podej\u00adrza\u00adny\u00admi jeste\u00ad\u015bmy sam na sam. Nie\u00adspo\u00addzian\u00adka! Jed\u00adnak mi nie&nbsp;ufa.<\/p>\n\n\n\n<ul class=\"is-style-tw-dash wp-block-list\"><li>Kil\u00adka rze\u00adczy przy\u00adku\u00ad\u0142o moj\u0105 uwa\u00adg\u0119 \u2013 kon\u00adty\u00adnu\u00adowa\u0142. \u2013 Pozw\u00f3l, \u017ce pod\u00addam Ci\u0119 kr\u00f3t\u00adkie\u00admu testo\u00adwi. Podyk\u00adtu\u00adj\u0119 ci kil\u00adka zda\u0144. Oznacz je jako praw\u00add\u0119 lub fa\u0142sz. Je\u015bli zro\u00adbisz to pra\u00adwi\u00add\u0142o\u00adwo, w nagro\u00add\u0119 otrzy\u00admasz ode mnie kil\u00adka mate\u00adria\u00ad\u0142\u00f3w, kt\u00f3\u00adre mog\u0105 pom\u00f3c ci w dal\u00adszym \u015bledztwie.&nbsp;<\/li><\/ul>\n\n\n\n<h2 class=\"wp-block-heading\">Prawda czy&nbsp;Fa\u0142sz?<\/h2>\n\n\n\n<ol class=\"wp-block-list\"><li>\u017baden z ano\u00adni\u00admo\u00adwych list\u00f3w nie odno\u00adsi si\u0119 spraw zwi\u0105\u00adza\u00adnych z inte\u00adre\u00adsa\u00admi Ofiary.<\/li><li>Ma\u0142\u00ad\u017ce\u0144\u00adstwo Filip\u00adcza\u00adk\u00f3w mog\u0142o prze\u00adcho\u00addzi\u00ad\u0142o kryzys.<\/li><li>Edward Kami\u0144\u00adski by\u0142 na zaba\u00adwie w domu Filip\u00adcza\u00adk\u00f3w wypra\u00adwio\u00adnej z oka\u00adzji przy\u00adjaz\u00addu Anny \u2013 przy\u00adby\u0142 tam na sta\u00adnow\u00adcze zapro\u00adsze\u00adnie Ber\u00adnar\u00adda Filipczaka.<\/li><\/ol>\n\n\n\n<p>Znasz odpo\u00adwied\u017a na pyta\u00adnia \u017bywiec\u00adkie\u00adgo? W takim razie klik\u00adnij przy\u00adcisk poni\u00ad\u017cej \u201eZnam ju\u017c odpo\u00adwied\u017a\u201d i podaj has\u0142o do stro\u00adny z nagrodami.<\/p>\n\n\n\n<p>Has\u0142o to kom\u00adbi\u00adna\u00adcja <strong>du\u017cych<\/strong> liter <strong>P<\/strong> i <strong>F<\/strong> poda\u00adna w takiej samej kolej\u00adno\u00ad\u015bci, w jakiej opu\u00adbli\u00adko\u00adwa\u00adno powy\u00ad\u017cej zdania.<\/p>\n\n\n\n<div class=\"wp-block-buttons is-content-justification-center is-layout-flex wp-block-buttons-is-layout-flex\">\n<div class=\"wp-block-button\"><a class=\"wp-block-button__link\" href=\"https:\/\/siriuscrime.com\/powrot-anny\/pokoj-detektywa\/uwagi-komisarza-zywieckiego-nr-1\/\">Znam ju\u017c odpowied\u017a<\/a><\/div>\n<\/div>\n\n\n\n<div class=\"wp-block-columns is-layout-flex wp-container-core-columns-is-layout-d0b3c9c8 wp-block-columns-is-layout-flex\">\n<div class=\"wp-block-column is-layout-flow wp-block-column-is-layout-flow\" style=\"--col-width:10%;flex-basis:10%\"><\/div>\n\n\n\n<div class=\"wp-block-column is-layout-flow wp-block-column-is-layout-flow\" style=\"--col-width:66.66%;flex-basis:66.66%\">\n<h3 class=\"wp-block-heading\"><em>Przyk\u0142ad<\/em><\/h3>\n\n\n\n<p><em>Je\u015bli powy\u00ad\u017cej znaj\u00addo\u00adwa\u00ad\u0142y\u00adby si\u0119 trzy poni\u017c\u00adsze zdania:<\/em><\/p>\n\n\n\n<ol class=\"wp-block-list\"><li><em>W roku 1932 Gdy\u00adnia by\u0142a naj\u00adwi\u0119k\u00adszym pol\u00adskim mia\u00adstem portowym.<\/em><\/li><li><em>Pierw\u00adszym \u017caglow\u00adcem Wy\u017c\u00adszej Szko\u00ad\u0142y Mor\u00adskiej by\u0142a fre\u00adga\u00adta Dar Pomorza.<\/em><\/li><li><em>Pierw\u00adszym \u017caglow\u00adcem Wy\u017c\u00adszej Szko\u00ad\u0142y Mor\u00adskiej by\u0142a fre\u00adga\u00adta Dar M\u0142odzie\u017cy.<\/em><\/li><\/ol>\n\n\n\n<p><em>\u2026 To has\u0142o do stro\u00adny z Two\u00adj\u0105 nagro\u00add\u0105 sk\u0142a\u00adda\u00ad\u0142o\u00adby si\u0119 z liter \u201ePFF\u201d (P \u2013 bo pierw\u00adsze zda\u00adnie jest praw\u00addzi\u00adwe. F \u2013 bo dru\u00adgie z nich jest fa\u0142\u00adszy\u00adwe. F \u2013 bo trze\u00adcie zda\u00adnie r\u00f3w\u00adnie\u017c jest fa\u0142szywe).<\/em><\/p>\n<\/div>\n<\/div>\n","protected":false},"excerpt":{"rendered":"<p>\u017bywiec\u00adki przy\u00adbra\u0142 poz\u0119 suro\u00adwe\u00adgo nauczy\u00adcie\u00adla. Im wi\u0119\u00adcej mam z nim do czy\u00adnie\u00adnia, tym bar\u00addziej z\u0142o\u00ad\u017co\u00adn\u0105 posta\u00adci\u0105 mi si\u0119 wyda\u00adje. To nie zwy\u00adk\u0142y, twar\u00addy gli\u00adna. To dobry aktor, kt\u00f3\u00adry p\u0142yn\u00adnie przy\u00adbie\u00adra coraz to nowe&nbsp;role. Mia\u00ad\u0142em dzi\u015b tro\u00adch\u0119 cza\u00adsu \u2013 zacz\u0105\u0142 nie\u00adwin\u00adnie. \u2013 Przej\u00adrza\u00ad\u0142em wszyst\u00adkie mate\u00adria\u00ad\u0142y, kt\u00f3\u00adre dostar\u00adczo\u00adno i tobie. Musisz te\u017c wie\u00addzie\u0107, \u017ce przy\u00ads\u0142u\u00adchu\u00adj\u0119 si\u0119&nbsp;temu,\u2026<\/p>\n","protected":false},"author":1,"featured_media":0,"parent":103,"menu_order":0,"comment_status":"closed","ping_status":"closed","template":"tw-header-transparent.php","meta":{"wp_typography_post_enhancements_disabled":false,"_uag_custom_page_level_css":"","footnotes":""},"class_list":["post-284","page","type-page","status-publish","hentry"],"yoast_head":"<!-- This site is optimized with the Yoast SEO plugin v27.2 - https:\/\/yoast.com\/product\/yoast-seo-wordpress\/ -->\n<title>Raport Nr 1 - Powr\u00f3t Anny<\/title>\n<meta name=\"robots\" content=\"index, follow, max-snippet:-1, max-image-preview:large, max-video-preview:-1\" \/>\n<link rel=\"canonical\" href=\"https:\/\/siriuscrime.com\/powrot-anny\/pokoj-detektywa\/raport-nr-1\/\" \/>\n<meta property=\"og:locale\" content=\"pl_PL\" \/>\n<meta property=\"og:type\" content=\"article\" \/>\n<meta property=\"og:title\" content=\"Raport Nr 1 - Powr\u00f3t Anny\" \/>\n<meta property=\"og:description\" content=\"\u017bywiec\u00adki przy\u00adbra\u0142 poz\u0119 suro\u00adwe\u00adgo nauczy\u00adcie\u00adla. Im wi\u0119\u00adcej mam z nim do czy\u00adnie\u00adnia, tym bar\u00addziej z\u0142o\u00ad\u017co\u00adn\u0105 posta\u00adci\u0105 mi si\u0119 wyda\u00adje. To nie zwy\u00adk\u0142y, twar\u00addy gli\u00adna. To dobry aktor, kt\u00f3\u00adry p\u0142yn\u00adnie przy\u00adbie\u00adra coraz to nowe&nbsp;role. Mia\u00ad\u0142em dzi\u015b tro\u00adch\u0119 cza\u00adsu \u2013 zacz\u0105\u0142 nie\u00adwin\u00adnie. \u2013 Przej\u00adrza\u00ad\u0142em wszyst\u00adkie mate\u00adria\u00ad\u0142y, kt\u00f3\u00adre dostar\u00adczo\u00adno i tobie. Musisz te\u017c wie\u00addzie\u0107, \u017ce przy\u00ads\u0142u\u00adchu\u00adj\u0119 si\u0119 temu,&hellip;\" \/>\n<meta property=\"og:url\" content=\"https:\/\/siriuscrime.com\/powrot-anny\/pokoj-detektywa\/raport-nr-1\/\" \/>\n<meta property=\"og:site_name\" content=\"Powr\u00f3t Anny\" \/>\n<meta property=\"article:modified_time\" content=\"2021-06-30T15:38:04+00:00\" \/>\n<meta property=\"og:image\" content=\"https:\/\/siriuscrime.com\/powrot-anny\/wp-content\/uploads\/sites\/2\/2020\/11\/PA-kontakt.jpg\" \/>\n<meta name=\"twitter:card\" content=\"summary_large_image\" \/>\n<meta name=\"twitter:label1\" content=\"Szacowany czas czytania\" \/>\n\t<meta name=\"twitter:data1\" content=\"2 minuty\" \/>\n<script type=\"application\/ld+json\" class=\"yoast-schema-graph\">{\"@context\":\"https:\/\/schema.org\",\"@graph\":[{\"@type\":\"WebPage\",\"@id\":\"https:\/\/siriuscrime.com\/powrot-anny\/pokoj-detektywa\/raport-nr-1\/\",\"url\":\"https:\/\/siriuscrime.com\/powrot-anny\/pokoj-detektywa\/raport-nr-1\/\",\"name\":\"Raport Nr 1 - Powr\u00f3t Anny\",\"isPartOf\":{\"@id\":\"https:\/\/siriuscrime.com\/powrot-anny\/#website\"},\"primaryImageOfPage\":{\"@id\":\"https:\/\/siriuscrime.com\/powrot-anny\/pokoj-detektywa\/raport-nr-1\/#primaryimage\"},\"image\":{\"@id\":\"https:\/\/siriuscrime.com\/powrot-anny\/pokoj-detektywa\/raport-nr-1\/#primaryimage\"},\"thumbnailUrl\":\"https:\/\/siriuscrime.com\/powrot-anny\/wp-content\/uploads\/sites\/2\/2020\/11\/PA-kontakt.jpg\",\"datePublished\":\"2020-11-12T14:52:36+00:00\",\"dateModified\":\"2021-06-30T15:38:04+00:00\",\"breadcrumb\":{\"@id\":\"https:\/\/siriuscrime.com\/powrot-anny\/pokoj-detektywa\/raport-nr-1\/#breadcrumb\"},\"inLanguage\":\"pl-PL\",\"potentialAction\":[{\"@type\":\"ReadAction\",\"target\":[\"https:\/\/siriuscrime.com\/powrot-anny\/pokoj-detektywa\/raport-nr-1\/\"]}]},{\"@type\":\"ImageObject\",\"inLanguage\":\"pl-PL\",\"@id\":\"https:\/\/siriuscrime.com\/powrot-anny\/pokoj-detektywa\/raport-nr-1\/#primaryimage\",\"url\":\"https:\/\/siriuscrime.com\/powrot-anny\/wp-content\/uploads\/sites\/2\/2020\/11\/PA-kontakt.jpg\",\"contentUrl\":\"https:\/\/siriuscrime.com\/powrot-anny\/wp-content\/uploads\/sites\/2\/2020\/11\/PA-kontakt.jpg\",\"width\":1920,\"height\":1080},{\"@type\":\"BreadcrumbList\",\"@id\":\"https:\/\/siriuscrime.com\/powrot-anny\/pokoj-detektywa\/raport-nr-1\/#breadcrumb\",\"itemListElement\":[{\"@type\":\"ListItem\",\"position\":1,\"name\":\"Strona g\u0142\u00f3wna\",\"item\":\"https:\/\/siriuscrime.com\/powrot-anny\/\"},{\"@type\":\"ListItem\",\"position\":2,\"name\":\"Pok\u00f3j detektywa\",\"item\":\"https:\/\/siriuscrime.com\/powrot-anny\/pokoj-detektywa\/\"},{\"@type\":\"ListItem\",\"position\":3,\"name\":\"Raport Nr&nbsp;1\"}]},{\"@type\":\"WebSite\",\"@id\":\"https:\/\/siriuscrime.com\/powrot-anny\/#website\",\"url\":\"https:\/\/siriuscrime.com\/powrot-anny\/\",\"name\":\"Powr\u00f3t Anny\",\"description\":\"Gra detektywistyczna\",\"potentialAction\":[{\"@type\":\"SearchAction\",\"target\":{\"@type\":\"EntryPoint\",\"urlTemplate\":\"https:\/\/siriuscrime.com\/powrot-anny\/?s={search_term_string}\"},\"query-input\":{\"@type\":\"PropertyValueSpecification\",\"valueRequired\":true,\"valueName\":\"search_term_string\"}}],\"inLanguage\":\"pl-PL\"}]}<\/script>\n<!-- \/ Yoast SEO plugin. -->","yoast_head_json":{"title":"Raport Nr 1 - Powr\u00f3t Anny","robots":{"index":"index","follow":"follow","max-snippet":"max-snippet:-1","max-image-preview":"max-image-preview:large","max-video-preview":"max-video-preview:-1"},"canonical":"https:\/\/siriuscrime.com\/powrot-anny\/pokoj-detektywa\/raport-nr-1\/","og_locale":"pl_PL","og_type":"article","og_title":"Raport Nr 1 - Powr\u00f3t Anny","og_description":"\u017bywiec\u00adki przy\u00adbra\u0142 poz\u0119 suro\u00adwe\u00adgo nauczy\u00adcie\u00adla. Im wi\u0119\u00adcej mam z nim do czy\u00adnie\u00adnia, tym bar\u00addziej z\u0142o\u00ad\u017co\u00adn\u0105 posta\u00adci\u0105 mi si\u0119 wyda\u00adje. To nie zwy\u00adk\u0142y, twar\u00addy gli\u00adna. To dobry aktor, kt\u00f3\u00adry p\u0142yn\u00adnie przy\u00adbie\u00adra coraz to nowe&nbsp;role. Mia\u00ad\u0142em dzi\u015b tro\u00adch\u0119 cza\u00adsu \u2013 zacz\u0105\u0142 nie\u00adwin\u00adnie. \u2013 Przej\u00adrza\u00ad\u0142em wszyst\u00adkie mate\u00adria\u00ad\u0142y, kt\u00f3\u00adre dostar\u00adczo\u00adno i tobie. Musisz te\u017c wie\u00addzie\u0107, \u017ce przy\u00ads\u0142u\u00adchu\u00adj\u0119 si\u0119 temu,&hellip;","og_url":"https:\/\/siriuscrime.com\/powrot-anny\/pokoj-detektywa\/raport-nr-1\/","og_site_name":"Powr\u00f3t Anny","article_modified_time":"2021-06-30T15:38:04+00:00","og_image":[{"url":"https:\/\/siriuscrime.com\/powrot-anny\/wp-content\/uploads\/sites\/2\/2020\/11\/PA-kontakt.jpg","type":"","width":"","height":""}],"twitter_card":"summary_large_image","twitter_misc":{"Szacowany czas czytania":"2 minuty"},"schema":{"@context":"https:\/\/schema.org","@graph":[{"@type":"WebPage","@id":"https:\/\/siriuscrime.com\/powrot-anny\/pokoj-detektywa\/raport-nr-1\/","url":"https:\/\/siriuscrime.com\/powrot-anny\/pokoj-detektywa\/raport-nr-1\/","name":"Raport Nr 1 - Powr\u00f3t Anny","isPartOf":{"@id":"https:\/\/siriuscrime.com\/powrot-anny\/#website"},"primaryImageOfPage":{"@id":"https:\/\/siriuscrime.com\/powrot-anny\/pokoj-detektywa\/raport-nr-1\/#primaryimage"},"image":{"@id":"https:\/\/siriuscrime.com\/powrot-anny\/pokoj-detektywa\/raport-nr-1\/#primaryimage"},"thumbnailUrl":"https:\/\/siriuscrime.com\/powrot-anny\/wp-content\/uploads\/sites\/2\/2020\/11\/PA-kontakt.jpg","datePublished":"2020-11-12T14:52:36+00:00","dateModified":"2021-06-30T15:38:04+00:00","breadcrumb":{"@id":"https:\/\/siriuscrime.com\/powrot-anny\/pokoj-detektywa\/raport-nr-1\/#breadcrumb"},"inLanguage":"pl-PL","potentialAction":[{"@type":"ReadAction","target":["https:\/\/siriuscrime.com\/powrot-anny\/pokoj-detektywa\/raport-nr-1\/"]}]},{"@type":"ImageObject","inLanguage":"pl-PL","@id":"https:\/\/siriuscrime.com\/powrot-anny\/pokoj-detektywa\/raport-nr-1\/#primaryimage","url":"https:\/\/siriuscrime.com\/powrot-anny\/wp-content\/uploads\/sites\/2\/2020\/11\/PA-kontakt.jpg","contentUrl":"https:\/\/siriuscrime.com\/powrot-anny\/wp-content\/uploads\/sites\/2\/2020\/11\/PA-kontakt.jpg","width":1920,"height":1080},{"@type":"BreadcrumbList","@id":"https:\/\/siriuscrime.com\/powrot-anny\/pokoj-detektywa\/raport-nr-1\/#breadcrumb","itemListElement":[{"@type":"ListItem","position":1,"name":"Strona g\u0142\u00f3wna","item":"https:\/\/siriuscrime.com\/powrot-anny\/"},{"@type":"ListItem","position":2,"name":"Pok\u00f3j detektywa","item":"https:\/\/siriuscrime.com\/powrot-anny\/pokoj-detektywa\/"},{"@type":"ListItem","position":3,"name":"Raport Nr&nbsp;1"}]},{"@type":"WebSite","@id":"https:\/\/siriuscrime.com\/powrot-anny\/#website","url":"https:\/\/siriuscrime.com\/powrot-anny\/","name":"Powr\u00f3t Anny","description":"Gra detektywistyczna","potentialAction":[{"@type":"SearchAction","target":{"@type":"EntryPoint","urlTemplate":"https:\/\/siriuscrime.com\/powrot-anny\/?s={search_term_string}"},"query-input":{"@type":"PropertyValueSpecification","valueRequired":true,"valueName":"search_term_string"}}],"inLanguage":"pl-PL"}]}},"uagb_featured_image_src":{"full":false,"thumbnail":false,"medium":false,"medium_large":false,"large":false,"1536x1536":false,"2048x2048":false,"post-thumbnail":false,"twentytwenty-fullscreen":false},"uagb_author_info":{"display_name":"Piotr Budzisz","author_link":"https:\/\/siriuscrime.com\/powrot-anny\/blog\/author\/piotr-budzisz\/"},"uagb_comment_info":0,"uagb_excerpt":"\u017bywiec\u00adki przy\u00adbra\u0142 poz\u0119 suro\u00adwe\u00adgo nauczy\u00adcie\u00adla. Im wi\u0119\u00adcej mam z nim do czy\u00adnie\u00adnia, tym bar\u00addziej z\u0142o\u00ad\u017co\u00adn\u0105 posta\u00adci\u0105 mi si\u0119 wyda\u00adje. To nie zwy\u00adk\u0142y, twar\u00addy gli\u00adna. To dobry aktor, kt\u00f3\u00adry p\u0142yn\u00adnie przy\u00adbie\u00adra coraz to nowe&nbsp;role. Mia\u00ad\u0142em dzi\u015b tro\u00adch\u0119 cza\u00adsu \u2013 zacz\u0105\u0142 nie\u00adwin\u00adnie. \u2013 Przej\u00adrza\u00ad\u0142em wszyst\u00adkie mate\u00adria\u00ad\u0142y, kt\u00f3\u00adre dostar\u00adczo\u00adno i tobie. Musisz te\u017c wie\u00addzie\u0107, \u017ce przy\u00ads\u0142u\u00adchu\u00adj\u0119 si\u0119 temu,&hellip;","jetpack_sharing_enabled":true,"_links":{"self":[{"href":"https:\/\/siriuscrime.com\/powrot-anny\/wp-json\/wp\/v2\/pages\/284","targetHints":{"allow":["GET"]}}],"collection":[{"href":"https:\/\/siriuscrime.com\/powrot-anny\/wp-json\/wp\/v2\/pages"}],"about":[{"href":"https:\/\/siriuscrime.com\/powrot-anny\/wp-json\/wp\/v2\/types\/page"}],"author":[{"embeddable":true,"href":"https:\/\/siriuscrime.com\/powrot-anny\/wp-json\/wp\/v2\/users\/1"}],"replies":[{"embeddable":true,"href":"https:\/\/siriuscrime.com\/powrot-anny\/wp-json\/wp\/v2\/comments?post=284"}],"version-history":[{"count":1,"href":"https:\/\/siriuscrime.com\/powrot-anny\/wp-json\/wp\/v2\/pages\/284\/revisions"}],"predecessor-version":[{"id":1423,"href":"https:\/\/siriuscrime.com\/powrot-anny\/wp-json\/wp\/v2\/pages\/284\/revisions\/1423"}],"up":[{"embeddable":true,"href":"https:\/\/siriuscrime.com\/powrot-anny\/wp-json\/wp\/v2\/pages\/103"}],"wp:attachment":[{"href":"https:\/\/siriuscrime.com\/powrot-anny\/wp-json\/wp\/v2\/media?parent=284"}],"curies":[{"name":"wp","href":"https:\/\/api.w.org\/{rel}","templated":true}]}}