{"id":148,"date":"2020-11-07T14:06:35","date_gmt":"2020-11-07T13:06:35","guid":{"rendered":"https:\/\/siriuscrime.com\/powrot-anny\/?page_id=148"},"modified":"2020-11-11T18:38:11","modified_gmt":"2020-11-11T17:38:11","slug":"zasady-gry","status":"publish","type":"page","link":"https:\/\/siriuscrime.com\/powrot-anny\/zasady-gry\/","title":{"rendered":"Zasady gry"},"content":{"rendered":"\n<div class=\"wp-block-cover alignfull has-background-dim\" style=\"background-image:url(https:\/\/siriuscrime.com\/powrot-anny\/wp-content\/uploads\/sites\/2\/2020\/11\/PA-jak-grac.jpg)\"><div class=\"wp-block-cover__inner-container is-layout-flow wp-block-cover-is-layout-flow\">\n<h1 class=\"has-text-align-center wp-block-heading\">Zasady gry<\/h1>\n<\/div><\/div>\n\n\n\n<p>Celem gry jest roz\u00adwi\u0105\u00adza\u00adnie zagad\u00adki kry\u00admi\u00adnal\u00adnej przed\u00adsta\u00adwio\u00adnej w fabu\u00adle&nbsp;gry.&nbsp;<\/p>\n\n\n\n<p>Uczest\u00adnic\u00adtwo w grze jest darmowe.<\/p>\n\n\n\n<p>Do gry mo\u017c\u00adna do\u0142\u0105\u00adczy\u0107 w dowol\u00adnym momen\u00adcie przed zamkni\u0119\u00adciem For\u00admu\u00adla\u00adrza 7 Z\u0142o\u00adtych&nbsp;Pyta\u0144.<\/p>\n\n\n\n<p>Gra podzie\u00adlo\u00adna jest na dwa eta\u00adpy: \u015aledz\u00adtwo oraz&nbsp;Fina\u0142<\/p>\n\n\n\n<h2 class=\"wp-block-heading\">\u015aledztwo<\/h2>\n\n\n\n<ol class=\"wp-block-list\"><li>\u015aledz\u00adtwo trwa 21&nbsp;dni.&nbsp;<\/li><li>Pod\u00adczas \u015aledz\u00adtwa na stro\u00adnie gry codzien\u00adnie o godzi\u00adnie 16:00 b\u0119d\u0105 publi\u00adko\u00adwa\u00adne mate\u00adria\u00ad\u0142y mul\u00adti\u00adme\u00addial\u00adne zawie\u00adra\u00adj\u0105\u00adce infor\u00adma\u00adcje nie\u00adzb\u0119d\u00adne do roz\u00adwi\u0105\u00adza\u00adnia zagadki.<\/li><li>Pierw\u00adszy zestaw mate\u00adria\u00ad\u0142\u00f3w zosta\u00adnie opu\u00adbli\u00adko\u00adwa\u00adny 7 listo\u00adpa\u00adda&nbsp;2020.<\/li><li>Ostat\u00adni, dwu\u00addzie\u00adsty pierw\u00adszy, zestaw mate\u00adria\u00ad\u0142\u00f3w zosta\u00adnie opu\u00adbli\u00adko\u00adwa\u00adny 27 listo\u00adpa\u00adda&nbsp;2020.<\/li><li>Mate\u00adria\u00ad\u0142y obejmuj\u0105:<ol><li>spi\u00adsa\u00adne zezna\u00adnia \u015bwiad\u00adk\u00f3w i podejrzanych;<\/li><li>nagra\u00adnia zezna\u0144 \u015bwiad\u00adk\u00f3w i podejrzanych;<\/li><li>notat\u00adki poli\u00adcyj\u00adnych wywiadowc\u00f3w;<\/li><li>zdj\u0119\u00adcia lub kopie dowo\u00add\u00f3w zna\u00adle\u00adzio\u00adnych na miej\u00adscu zbrodni.<\/li><\/ol><\/li><li>Mate\u00adria\u00ad\u0142y pomoc\u00adni\u00adcze.<br>Na pocz\u0105t\u00adku gry gra\u00adcze i gracz\u00adki otrzy\u00adma\u00adj\u0105 dodat\u00adko\u00adwe, cyfro\u00adwe mate\u00adria\u00ad\u0142y pomoc\u00adni\u00adcze, kt\u00f3\u00adre u\u0142a\u00adtwi\u0105 im pra\u00adc\u0119 detektywistyczn\u0105.&nbsp;<\/li><\/ol>\n\n\n\n<h2 class=\"wp-block-heading\">Fina\u0142<\/h2>\n\n\n\n<ol class=\"is-style-default wp-block-list\"><li>Fina\u00ad\u0142y gry roz\u00adpo\u00adczy\u00adna si\u0119 w momen\u00adcie opu\u00adbli\u00adko\u00adwa\u00adniem razem z ostat\u00adnim zesta\u00adwy mate\u00adria\u00ad\u0142\u00f3w For\u00admu\u00adla\u00adrza 7 Z\u0142o\u00adtych&nbsp;Pyta\u0144.<\/li><li>For\u00admu\u00adlarz 7 Z\u0142o\u00adtych Pyta\u0144 b\u0119dzie zawie\u00adra\u0142 30 pyta\u0144 zwi\u0105\u00adza\u00adnych ze zbrodni\u0105.&nbsp;<ol><li>7 Pyta\u0144 to Z\u0142o\u00adte Pyta\u00adnia Kryminalistyki:<ul><li>Co si\u0119&nbsp;sta\u0142o?<\/li><li>Kie\u00addy to si\u0119&nbsp;sta\u0142o?<\/li><li>Gdzie to si\u0119&nbsp;sta\u0142o?<\/li><li>Komu to si\u0119&nbsp;sta\u0142o?<\/li><li>Kto to zrobi\u0142?<\/li><li>Dla\u00adcze\u00adgo to zrobi\u0142?<\/li><li>Jak to zrobi\u0142?<\/li><\/ul><\/li><li>Do ka\u017c\u00adde\u00adgo z 7 Z\u0142o\u00adtych Pyta\u0144 doda\u00adne b\u0119d\u0105 2 uszcze\u00adg\u00f3\u00ad\u0142a\u00adwia\u00adj\u0105\u00adce Pyta\u00adnia Dodatkowe.<\/li><li>W For\u00admu\u00adla\u00adrzu znaj\u00addzie si\u0119 te\u017c 9 Pyta\u0144 Spe\u00adcjal\u00adnych, doty\u00adcz\u0105\u00adcych innych oko\u00adlicz\u00adno\u00ad\u015bci zbrod\u00adni i zamie\u00adsza\u00adnych w ni\u0105&nbsp;os\u00f3b.<\/li><li>Wszyst\u00adkie pyta\u00adnia b\u0119d\u0105 pyta\u00adnia\u00admi zamkni\u0119tymi.<\/li><\/ol><\/li><li>For\u00admu\u00adlarz 7 Z\u0142o\u00adtych Pyta\u0144 b\u0119dzie otwar\u00adty od pi\u0105t\u00adku, 27 listo\u00adpa\u00adda, od godzi\u00adny 16:00 do ponie\u00addzia\u0142\u00adku, 30 listo\u00adpa\u00adda 2020, do godzi\u00adny 16:00.<\/li><li>W ponie\u00addzia\u00ad\u0142ek, 30 listo\u00adpa\u00adda, o godzi\u00adnie 18:00 opu\u00adbli\u00adku\u00adje\u00admy na stro\u00adnie gry link do pra\u00adwi\u00add\u0142o\u00adwe\u00adgo roz\u00adwi\u0105\u00adza\u00adnia zagad\u00adki. Warun\u00adkiem otrzy\u00adma\u00adnia dost\u0119\u00adpu do lin\u00adku b\u0119dzie poda\u00adnie w For\u00admu\u00adla\u00adrzu 7 Z\u0142o\u00adtych Pyta\u0144 adre\u00adsu pocz\u00adty&nbsp;email.<\/li><\/ol>\n\n\n\n<h2 class=\"wp-block-heading\">Zasady dodatkowe \u2013 Raporty trzydniowe<\/h2>\n\n\n\n<ol class=\"wp-block-list\"><li>Co trzy dni na stro\u00adnie gry poja\u00adwi si\u0119 spe\u00adcjal\u00adna zak\u0142ad\u00adka: Raport Trzy\u00addnio\u00adwy. W trak\u00adcie gry poja\u00adwi si\u0119 6 takich raport\u00f3w.<\/li><li>Raport Trzy\u00addnio\u00adwy s\u0142u\u00ad\u017cy do wery\u00adfi\u00adka\u00adcji przez gra\u00adczy i gracz\u00adki ich aktu\u00adal\u00adnych hipo\u00adtez i teorii.&nbsp;<\/li><li>Na stro\u00adnie Rapor\u00adtu Trzy\u00addnio\u00adwe\u00adgo znaj\u00addzie si\u0119 zestaw pyta\u0144 i\/lub zda\u0144 zwi\u0105\u00adza\u00adnych z mate\u00adria\u00ad\u0142a\u00admi opu\u00adbli\u00adko\u00adwa\u00adny\u00admi w ostat\u00adnich trzech dniach.<\/li><li>Ka\u017c\u00adde z pyta\u0144 i\/lub zda\u0144 zawie\u00adra tez\u0119. Zada\u00adniem gra\u00adczy jest zde\u00adcy\u00addo\u00adwa\u0107 czy teza zawar\u00adta w pyta\u00adniu jest praw\u00addzi\u00adwa [P] czy fa\u0142\u00adszy\u00adwa [F].<\/li><li>Na stro\u00adnie ka\u017c\u00adde\u00adgo Rapor\u00adtu Trzy\u00addnio\u00adwe\u00adgo znaj\u00addzie si\u0119 link do stro\u00adny Nagro\u00adda Trzy\u00addnio\u00adwa, zabez\u00adpie\u00adczo\u00adnej has\u0142em.<\/li><li>Has\u0142o do stro\u00adny Nagro\u00adda Trzy\u00addnio\u00adwa to kom\u00adbi\u00adna\u00adcja liter P i F poda\u00adna w takiej samej kolej\u00adno\u00ad\u015bci, w jakiej opu\u00adbli\u00adko\u00adwa\u00adne s\u0105 w danym rapor\u00adcie pyta\u00adnia i\/lub zda\u00adnia.<br><em>Przy\u00adk\u0142ad.<br>Je\u015bli w Rapor\u00adcie Trzy\u00addnio\u00adwym znaj\u00addo\u00adwa\u00ad\u0142y\u00adby si\u0119 dwa poni\u017c\u00adsze zda\u00adnia:<br>\u201c1. W roku 1932 Gdy\u00adnia by\u0142a naj\u00adwi\u0119k\u00adszym pol\u00adskim mia\u00adstem por\u00adto\u00adwym.<br>2. Pierw\u00adszym \u017caglow\u00adcem Wy\u017c\u00adszej Szko\u00ad\u0142y Mor\u00adskiej by\u0142a fre\u00adga\u00adta Dar Pomo\u00adrza.\u201d<br>\u2026 To has\u0142o do stro\u00adny Nagro\u00addy Trzy\u00addnio\u00adwej sk\u0142a\u00adda\u00ad\u0142o\u00adby si\u0119 z liter&nbsp;PF.<\/em><\/li><li>Na ka\u017c\u00addej ze stron nagr\u00f3d trzy\u00addnio\u00adwych znaj\u00add\u0105 si\u0119 dodat\u00adko\u00adwe mate\u00adria\u00ad\u0142y pomoc\u00adne w roz\u00adwi\u0105\u00adza\u00adniu zagad\u00adki i\/lub pra\u00adcy detektywistycznej.<\/li><li>Zagad\u00adka mo\u017ce by\u0107 roz\u00adwi\u0105\u00adza\u00adna bez pomo\u00adcy mate\u00adria\u00ad\u0142\u00f3w publi\u00adko\u00adwa\u00adnych na stro\u00adnach nagr\u00f3d trzydniowych.<\/li><\/ol>\n","protected":false},"excerpt":{"rendered":"<p>Celem gry jest roz\u00adwi\u0105\u00adza\u00adnie zagad\u00adki kry\u00admi\u00adnal\u00adnej przed\u00adsta\u00adwio\u00adnej w fabu\u00adle&nbsp;gry.&nbsp; Uczest\u00adnic\u00adtwo w grze jest dar\u00admo\u00adwe. Do gry mo\u017c\u00adna do\u0142\u0105\u00adczy\u0107 w dowol\u00adnym momen\u00adcie przed zamkni\u0119\u00adciem For\u00admu\u00adla\u00adrza 7 Z\u0142o\u00adtych&nbsp;Pyta\u0144. Gra podzie\u00adlo\u00adna jest na dwa eta\u00adpy: \u015aledz\u00adtwo oraz&nbsp;Fina\u0142 \u015aledz\u00adtwo \u015aledz\u00adtwo trwa 21&nbsp;dni.&nbsp; Pod\u00adczas \u015aledz\u00adtwa na stro\u00adnie gry codzien\u00adnie o godzi\u00adnie 16:00 b\u0119d\u0105 publi\u00adko\u00adwa\u00adne mate\u00adria\u00ad\u0142y mul\u00adti\u00adme\u00addial\u00adne zawie\u00adra\u00adj\u0105\u00adce infor\u00adma\u00adcje nie\u00adzb\u0119d\u00adne&nbsp;do\u2026<\/p>\n","protected":false},"author":1,"featured_media":0,"parent":0,"menu_order":0,"comment_status":"closed","ping_status":"closed","template":"tw-header-transparent.php","meta":{"wp_typography_post_enhancements_disabled":false,"_uag_custom_page_level_css":"","footnotes":""},"class_list":["post-148","page","type-page","status-publish","hentry"],"yoast_head":"<!-- This site is optimized with the Yoast SEO plugin v27.2 - https:\/\/yoast.com\/product\/yoast-seo-wordpress\/ -->\n<title>Zasady gry - Powr\u00f3t Anny<\/title>\n<meta name=\"robots\" content=\"index, follow, max-snippet:-1, max-image-preview:large, max-video-preview:-1\" \/>\n<link rel=\"canonical\" href=\"https:\/\/siriuscrime.com\/powrot-anny\/zasady-gry\/\" \/>\n<meta property=\"og:locale\" content=\"pl_PL\" \/>\n<meta property=\"og:type\" content=\"article\" \/>\n<meta property=\"og:title\" content=\"Zasady gry - Powr\u00f3t Anny\" \/>\n<meta property=\"og:description\" content=\"Celem gry jest roz\u00adwi\u0105\u00adza\u00adnie zagad\u00adki kry\u00admi\u00adnal\u00adnej przed\u00adsta\u00adwio\u00adnej w fabu\u00adle&nbsp;gry.&nbsp; Uczest\u00adnic\u00adtwo w grze jest darmowe. Do gry mo\u017c\u00adna do\u0142\u0105\u00adczy\u0107 w dowol\u00adnym momen\u00adcie przed zamkni\u0119\u00adciem For\u00admu\u00adla\u00adrza 7 Z\u0142o\u00adtych&nbsp;Pyta\u0144. Gra podzie\u00adlo\u00adna jest na dwa eta\u00adpy: \u015aledz\u00adtwo oraz&nbsp;Fina\u0142 \u015aledztwo \u015aledz\u00adtwo trwa 21&nbsp;dni.&nbsp; Pod\u00adczas \u015aledz\u00adtwa na stro\u00adnie gry codzien\u00adnie o godzi\u00adnie 16:00 b\u0119d\u0105 publi\u00adko\u00adwa\u00adne mate\u00adria\u00ad\u0142y mul\u00adti\u00adme\u00addial\u00adne zawie\u00adra\u00adj\u0105\u00adce infor\u00adma\u00adcje nie\u00adzb\u0119d\u00adne do&hellip;\" \/>\n<meta property=\"og:url\" content=\"https:\/\/siriuscrime.com\/powrot-anny\/zasady-gry\/\" \/>\n<meta property=\"og:site_name\" content=\"Powr\u00f3t Anny\" \/>\n<meta property=\"article:modified_time\" content=\"2020-11-11T17:38:11+00:00\" \/>\n<meta name=\"twitter:card\" content=\"summary_large_image\" \/>\n<meta name=\"twitter:label1\" content=\"Szacowany czas czytania\" \/>\n\t<meta name=\"twitter:data1\" content=\"3 minuty\" \/>\n<script type=\"application\/ld+json\" class=\"yoast-schema-graph\">{\"@context\":\"https:\/\/schema.org\",\"@graph\":[{\"@type\":\"WebPage\",\"@id\":\"https:\/\/siriuscrime.com\/powrot-anny\/zasady-gry\/\",\"url\":\"https:\/\/siriuscrime.com\/powrot-anny\/zasady-gry\/\",\"name\":\"Zasady gry - Powr\u00f3t Anny\",\"isPartOf\":{\"@id\":\"https:\/\/siriuscrime.com\/powrot-anny\/#website\"},\"datePublished\":\"2020-11-07T13:06:35+00:00\",\"dateModified\":\"2020-11-11T17:38:11+00:00\",\"breadcrumb\":{\"@id\":\"https:\/\/siriuscrime.com\/powrot-anny\/zasady-gry\/#breadcrumb\"},\"inLanguage\":\"pl-PL\",\"potentialAction\":[{\"@type\":\"ReadAction\",\"target\":[\"https:\/\/siriuscrime.com\/powrot-anny\/zasady-gry\/\"]}]},{\"@type\":\"BreadcrumbList\",\"@id\":\"https:\/\/siriuscrime.com\/powrot-anny\/zasady-gry\/#breadcrumb\",\"itemListElement\":[{\"@type\":\"ListItem\",\"position\":1,\"name\":\"Strona g\u0142\u00f3wna\",\"item\":\"https:\/\/siriuscrime.com\/powrot-anny\/\"},{\"@type\":\"ListItem\",\"position\":2,\"name\":\"Zasady gry\"}]},{\"@type\":\"WebSite\",\"@id\":\"https:\/\/siriuscrime.com\/powrot-anny\/#website\",\"url\":\"https:\/\/siriuscrime.com\/powrot-anny\/\",\"name\":\"Powr\u00f3t Anny\",\"description\":\"Gra detektywistyczna\",\"potentialAction\":[{\"@type\":\"SearchAction\",\"target\":{\"@type\":\"EntryPoint\",\"urlTemplate\":\"https:\/\/siriuscrime.com\/powrot-anny\/?s={search_term_string}\"},\"query-input\":{\"@type\":\"PropertyValueSpecification\",\"valueRequired\":true,\"valueName\":\"search_term_string\"}}],\"inLanguage\":\"pl-PL\"}]}<\/script>\n<!-- \/ Yoast SEO plugin. -->","yoast_head_json":{"title":"Zasady gry - Powr\u00f3t Anny","robots":{"index":"index","follow":"follow","max-snippet":"max-snippet:-1","max-image-preview":"max-image-preview:large","max-video-preview":"max-video-preview:-1"},"canonical":"https:\/\/siriuscrime.com\/powrot-anny\/zasady-gry\/","og_locale":"pl_PL","og_type":"article","og_title":"Zasady gry - Powr\u00f3t Anny","og_description":"Celem gry jest roz\u00adwi\u0105\u00adza\u00adnie zagad\u00adki kry\u00admi\u00adnal\u00adnej przed\u00adsta\u00adwio\u00adnej w fabu\u00adle&nbsp;gry.&nbsp; Uczest\u00adnic\u00adtwo w grze jest darmowe. Do gry mo\u017c\u00adna do\u0142\u0105\u00adczy\u0107 w dowol\u00adnym momen\u00adcie przed zamkni\u0119\u00adciem For\u00admu\u00adla\u00adrza 7 Z\u0142o\u00adtych&nbsp;Pyta\u0144. Gra podzie\u00adlo\u00adna jest na dwa eta\u00adpy: \u015aledz\u00adtwo oraz&nbsp;Fina\u0142 \u015aledztwo \u015aledz\u00adtwo trwa 21&nbsp;dni.&nbsp; Pod\u00adczas \u015aledz\u00adtwa na stro\u00adnie gry codzien\u00adnie o godzi\u00adnie 16:00 b\u0119d\u0105 publi\u00adko\u00adwa\u00adne mate\u00adria\u00ad\u0142y mul\u00adti\u00adme\u00addial\u00adne zawie\u00adra\u00adj\u0105\u00adce infor\u00adma\u00adcje nie\u00adzb\u0119d\u00adne do&hellip;","og_url":"https:\/\/siriuscrime.com\/powrot-anny\/zasady-gry\/","og_site_name":"Powr\u00f3t Anny","article_modified_time":"2020-11-11T17:38:11+00:00","twitter_card":"summary_large_image","twitter_misc":{"Szacowany czas czytania":"3 minuty"},"schema":{"@context":"https:\/\/schema.org","@graph":[{"@type":"WebPage","@id":"https:\/\/siriuscrime.com\/powrot-anny\/zasady-gry\/","url":"https:\/\/siriuscrime.com\/powrot-anny\/zasady-gry\/","name":"Zasady gry - Powr\u00f3t Anny","isPartOf":{"@id":"https:\/\/siriuscrime.com\/powrot-anny\/#website"},"datePublished":"2020-11-07T13:06:35+00:00","dateModified":"2020-11-11T17:38:11+00:00","breadcrumb":{"@id":"https:\/\/siriuscrime.com\/powrot-anny\/zasady-gry\/#breadcrumb"},"inLanguage":"pl-PL","potentialAction":[{"@type":"ReadAction","target":["https:\/\/siriuscrime.com\/powrot-anny\/zasady-gry\/"]}]},{"@type":"BreadcrumbList","@id":"https:\/\/siriuscrime.com\/powrot-anny\/zasady-gry\/#breadcrumb","itemListElement":[{"@type":"ListItem","position":1,"name":"Strona g\u0142\u00f3wna","item":"https:\/\/siriuscrime.com\/powrot-anny\/"},{"@type":"ListItem","position":2,"name":"Zasady gry"}]},{"@type":"WebSite","@id":"https:\/\/siriuscrime.com\/powrot-anny\/#website","url":"https:\/\/siriuscrime.com\/powrot-anny\/","name":"Powr\u00f3t Anny","description":"Gra detektywistyczna","potentialAction":[{"@type":"SearchAction","target":{"@type":"EntryPoint","urlTemplate":"https:\/\/siriuscrime.com\/powrot-anny\/?s={search_term_string}"},"query-input":{"@type":"PropertyValueSpecification","valueRequired":true,"valueName":"search_term_string"}}],"inLanguage":"pl-PL"}]}},"uagb_featured_image_src":{"full":false,"thumbnail":false,"medium":false,"medium_large":false,"large":false,"1536x1536":false,"2048x2048":false,"post-thumbnail":false,"twentytwenty-fullscreen":false},"uagb_author_info":{"display_name":"Piotr Budzisz","author_link":"https:\/\/siriuscrime.com\/powrot-anny\/blog\/author\/piotr-budzisz\/"},"uagb_comment_info":0,"uagb_excerpt":"Celem gry jest roz\u00adwi\u0105\u00adza\u00adnie zagad\u00adki kry\u00admi\u00adnal\u00adnej przed\u00adsta\u00adwio\u00adnej w fabu\u00adle&nbsp;gry.&nbsp; Uczest\u00adnic\u00adtwo w grze jest darmowe. Do gry mo\u017c\u00adna do\u0142\u0105\u00adczy\u0107 w dowol\u00adnym momen\u00adcie przed zamkni\u0119\u00adciem For\u00admu\u00adla\u00adrza 7 Z\u0142o\u00adtych&nbsp;Pyta\u0144. Gra podzie\u00adlo\u00adna jest na dwa eta\u00adpy: \u015aledz\u00adtwo oraz&nbsp;Fina\u0142 \u015aledztwo \u015aledz\u00adtwo trwa 21&nbsp;dni.&nbsp; Pod\u00adczas \u015aledz\u00adtwa na stro\u00adnie gry codzien\u00adnie o godzi\u00adnie 16:00 b\u0119d\u0105 publi\u00adko\u00adwa\u00adne mate\u00adria\u00ad\u0142y mul\u00adti\u00adme\u00addial\u00adne zawie\u00adra\u00adj\u0105\u00adce infor\u00adma\u00adcje nie\u00adzb\u0119d\u00adne do&hellip;","jetpack_sharing_enabled":true,"_links":{"self":[{"href":"https:\/\/siriuscrime.com\/powrot-anny\/wp-json\/wp\/v2\/pages\/148","targetHints":{"allow":["GET"]}}],"collection":[{"href":"https:\/\/siriuscrime.com\/powrot-anny\/wp-json\/wp\/v2\/pages"}],"about":[{"href":"https:\/\/siriuscrime.com\/powrot-anny\/wp-json\/wp\/v2\/types\/page"}],"author":[{"embeddable":true,"href":"https:\/\/siriuscrime.com\/powrot-anny\/wp-json\/wp\/v2\/users\/1"}],"replies":[{"embeddable":true,"href":"https:\/\/siriuscrime.com\/powrot-anny\/wp-json\/wp\/v2\/comments?post=148"}],"version-history":[{"count":0,"href":"https:\/\/siriuscrime.com\/powrot-anny\/wp-json\/wp\/v2\/pages\/148\/revisions"}],"wp:attachment":[{"href":"https:\/\/siriuscrime.com\/powrot-anny\/wp-json\/wp\/v2\/media?parent=148"}],"curies":[{"name":"wp","href":"https:\/\/api.w.org\/{rel}","templated":true}]}}