{"id":121,"date":"2020-11-07T13:34:33","date_gmt":"2020-11-07T12:34:33","guid":{"rendered":"https:\/\/siriuscrime.com\/powrot-anny\/?page_id=121"},"modified":"2020-11-11T18:52:27","modified_gmt":"2020-11-11T17:52:27","slug":"opowiesc","status":"publish","type":"page","link":"https:\/\/siriuscrime.com\/powrot-anny\/pokoj-detektywa\/opowiesc\/","title":{"rendered":"Opowie\u015b\u0107"},"content":{"rendered":"\n<div class=\"wp-block-cover alignfull has-background-dim\" style=\"background-image:url(https:\/\/siriuscrime.com\/powrot-anny\/wp-content\/uploads\/sites\/2\/2020\/11\/PA-opowiesc.jpg)\"><div class=\"wp-block-cover__inner-container is-layout-flow wp-block-cover-is-layout-flow\">\n<h1 class=\"has-text-align-center wp-block-heading\">Opowie\u015b\u0107<\/h1>\n<\/div><\/div>\n\n\n\n<h2 class=\"wp-block-heading\">29 sierpnia 1932<\/h2>\n\n\n\n<p>Dzi\u015b o \u015bwi\u00adcie po raz pierw\u00adszy w \u017cyciu uda\u00ad\u0142o mi si\u0119 zoba\u00adczy\u0107 morze. Sk\u0105d pocho\u00addz\u0119? To ju\u017c nie ma zna\u00adcze\u00adnia. Naresz\u00adcie jestem, tu w Gdy\u00adni, w Mie\u00ad\u015bcie z Morza i Marze\u0144, jak o nim m\u00f3wi\u0105. Roz\u00adpo\u00adczy\u00adnam nowe \u017cycie. Mam ze sob\u0105 skrom\u00adn\u0105, sk\u00f3\u00adrza\u00adn\u0105 tor\u00adb\u0119, kil\u00adka sztuk ubio\u00adru na zmia\u00adn\u0119, nie\u00adwie\u00adle wi\u0119cej.&nbsp;<\/p>\n\n\n\n<p>To \u201cnie\u00adwie\u00adle\u201d to list pole\u00adca\u00adj\u0105\u00adcy, jaki wysta\u00adwi\u0142 m\u00f3j nauczy\u00adciel z gim\u00adna\u00adzjum, Jan Pio\u00adtrz\u00adkow\u00adski. Jego przy\u00adja\u00adciel jest star\u00adszym inspek\u00adto\u00adrem w gdy\u0144\u00adskiej komen\u00addzie poli\u00adcji. Mam te\u017c adres taniej stan\u00adcji. Zamie\u00adrzam si\u0119 tam zatrzy\u00adma\u0107, a jutro z same\u00adgo rana udam si\u0119 na komen\u00add\u0119. Musz\u0119 dosta\u0107 t\u0119&nbsp;prac\u0119.<\/p>\n\n\n\n<h2 class=\"wp-block-heading\">30 sierpnia<\/h2>\n\n\n\n<p>Nie wiem co o tym my\u015ble\u0107. Mo\u017ce gdy spi\u00adsz\u0119 prze\u00adbieg dzi\u00adsiej\u00adsze\u00adgo spo\u00adtka\u00adnia, my\u015bli jako\u015b u\u0142o\u00ad\u017c\u0105 mi si\u0119 w g\u0142owie?<\/p>\n\n\n\n<p>Dzi\u015b, od razu po przy\u00adby\u00adciu na komen\u00add\u0119, gdy tyl\u00adko pad\u0142o nazwi\u00adsko moje\u00adgo patro\u00adna, poste\u00adrun\u00adko\u00adwy strze\u00adli\u0142 obca\u00adsa\u00admi i zapro\u00adwa\u00addzi\u0142 mnie do nie\u00adgo nie\u00adzw\u0142ocz\u00adnie. Star\u00adszy inspek\u00adtor Edmund \u017bywiec\u00adki to suro\u00adwy jego\u00admo\u015b\u0107. Wyda\u00adwa\u0142 si\u0119 nie tyle rze\u00adczo\u00adwy, co osch\u0142y. Naszej roz\u00admo\u00adwy nie mog\u0119 zali\u00adczy\u0107 do mi\u0142ych. W pew\u00adnym momen\u00adcie wyda\u00adwa\u00ad\u0142o mi si\u0119, \u017ce nic z tego, \u017ce nie dosta\u00adn\u0119 tej pra\u00adcy. Prze\u00adsz\u0142o mi przez my\u015bl, \u017ce trze\u00adba zbie\u00adra\u0107 si\u0119 do wyj\u00ad\u015bcia. Wte\u00addy \u017bywiec\u00adki zupe\u0142\u00adnie mnie zaskoczy\u0142.<\/p>\n\n\n\n<div class=\"wp-block-group\"><div class=\"wp-block-group__inner-container is-layout-flow wp-block-group-is-layout-flow\">\n<ul class=\"is-style-tw-dash wp-block-list\"><li>Zaufam ci. Ale pami\u0119\u00adtaj! Robi\u0119 to wy\u0142\u0105cz\u00adnie ze wzgl\u0119\u00addu na daw\u00adn\u0105 za\u017cy\u00ad\u0142o\u015b\u0107 z two\u00adim pro\u00adfe\u00adso\u00adrem. \u2013 zawa\u00adha\u0142 si\u0119, jak\u00adby jesz\u00adcze nie by\u0142 pewien czy to dobry pomys\u0142. Szyb\u00adko pod\u00adj\u0105\u0142 osta\u00adtecz\u00adn\u0105 decy\u00adzj\u0119. \u2013 Jest spra\u00adwa, kt\u00f3\u00adra jest dla mnie nader nie\u00adwy\u00adgod\u00adna. Doty\u00adczy bar\u00addzo boga\u00adte\u00adgo cz\u0142o\u00adwie\u00adka, wa\u017c\u00adnej per\u00adso\u00adny w mie\u00ad\u015bcie. Chcia\u0142\u00adbym, aby przyj\u00adrza\u0142 si\u0119 jej kto\u015b z zewn\u0105trz. Kto\u015b kto nie jest w \u017caden spo\u00ads\u00f3b zwi\u0105\u00adza\u00adny z mia\u00adstem i jego mieszka\u0144cami.&nbsp;<\/li><li>Niko\u00adgo tu nie znam. Niko\u00adgo opr\u00f3cz pana.&nbsp;<\/li><li>Dla\u00adte\u00adgo przy\u00addzie\u00adl\u0119 ci t\u0119 spra\u00adw\u0119. Dosta\u00adniesz biur\u00adko, notes, d\u0142u\u00adgo\u00adpis, tecz\u00adk\u0119. Moi wywia\u00addow\u00adcy codzien\u00adnie b\u0119d\u0105 przy\u00adno\u00adsi\u0107 ci kopie doku\u00admen\u00adt\u00f3w do wery\u00adfi\u00adka\u00adcji. Co trzy dni b\u0119dziesz rapor\u00adto\u00adwa\u0107 mi o post\u0119\u00adpach. Masz trzy tygo\u00addnie, \u017ceby si\u0119 wyka\u00adza\u0107. To two\u00adja szan\u00adsa. Potem b\u0119d\u0119 zmu\u00adszo\u00adny prze\u00adka\u00adza\u0107 \u015bledz\u00adtwo komu\u015b innemu.<\/li><li>Cze\u00adgo doty\u00adczy ta spra\u00adwa? Czy tego cz\u0142o\u00adwie\u00adka okra\u00addzio\u00adno? Czy to jakie\u015b prze\u00adst\u0119p\u00adstwo gospo\u00addar\u00adcze? Co\u015b zwi\u0105\u00adza\u00adne\u00adgo z Niemcami?<\/li><\/ul>\n\n\n\n<p>Edmund \u017bywiec\u00adki zamilk\u0142 na d\u0142u\u017c\u00adsz\u0105 chwil\u0119.<\/p>\n\n\n\n<ul class=\"is-style-tw-dash wp-block-list\"><li>Ber\u00adnard Filip\u00adczak, w\u0142a\u00ad\u015bci\u00adciel fir\u00admy budow\u00adla\u00adnej \u201eTytan\u201d zosta\u0142 otru\u00adty. Umar\u0142 pod\u00adczas przy\u00adj\u0119\u00adcia, jakie wypra\u00adwi\u0142 we w\u0142a\u00adsnym domu w ostat\u00adni\u0105 sobo\u00adt\u0119. Byli tam sami naj\u00adbli\u017c\u00adsi mu ludzie. Rodzi\u00adna, wsp\u00f3\u0142\u00adpra\u00adcow\u00adni\u00adcy, przy\u00adja\u00adcie\u00adle. Jed\u00adna z tych os\u00f3b jest morderc\u0105.<\/li><\/ul>\n\n\n\n<p>Trud\u00adno by\u0142o mi uwie\u00adrzy\u0107 w to co s\u0142y\u00adsz\u0119. Zab\u00f3j\u00adstwo? Moja pierw\u00adsza spra\u00adwa? Pozo\u00adsta\u00ad\u0142o mi jedy\u00adnie mil\u00adcze\u0107 i cze\u00adka\u0107 co powie&nbsp;dalej.<\/p>\n\n\n\n<ul class=\"is-style-tw-dash wp-block-list\"><li>Jan pisze w swo\u00adim li\u015bcie, \u017ce masz nie\u00adby\u00adwa\u00adle lot\u00adny umys\u0142, my\u015blisz logicz\u00adnie, trze\u017a\u00adwo, cechu\u00adje ci\u0119 wytrwa\u00ad\u0142o\u015b\u0107 i sumienno\u015b\u0107.&nbsp;<\/li><\/ul>\n\n\n\n<p>Spoj\u00adrza\u0142 mi pro\u00adsto w oczy. Nagle wyda\u0142 mi si\u0119 bar\u00addzo, bar\u00addzo zm\u0119czony.<\/p>\n\n\n\n<ul class=\"is-style-tw-dash wp-block-list\"><li>Roz\u00adwi\u0105\u017c dla mnie t\u0119 spra\u00adw\u0119. Znajd\u017a mi mor\u00adder\u00adc\u0119, zanim b\u0119dzie za&nbsp;p\u00f3\u017ano.<\/li><\/ul>\n<\/div><\/div>\n\n\n\n<h2 class=\"wp-block-heading\">31 sierpnia \u2013 M\u00f3j pierwszy dzie\u0144 w&nbsp;pracy<\/h2>\n\n\n\n<p>Sie\u00addz\u0119 przy Moim Biur\u00adku. Mam pra\u00adc\u0119 w Gdy\u00adni. To chy\u00adba cud. Ale! Nie mog\u0119 si\u0119 roz\u00adpra\u00adsza\u0107, musz\u0119 si\u0119 sku\u00adpi\u0107. Czy\u00adtam wi\u0119c wst\u0119p\u00adny raport. Nie ma tu wie\u00adle infor\u00adma\u00adcji. Garst\u00adka plo\u00adtek, kil\u00adka suchych fakt\u00f3w.<\/p>\n\n\n\n<p>Zaba\u00adwa tanecz\u00adna by\u0142a pla\u00adno\u00adwa\u00adna przez ma\u0142\u00ad\u017ce\u0144\u00adstwo Filip\u00adcza\u00adk\u00f3w od kil\u00adku tygo\u00addni. Mia\u00ad\u0142a to by\u0107 ide\u00adal\u00adna oka\u00adzja, aby wraz z naj\u00adbli\u017c\u00adszy\u00admi cz\u0142on\u00adka\u00admi rodzi\u00adny i przy\u00adja\u00adci\u00f3\u0142\u00admi \u015bwi\u0119\u00adto\u00adwa\u0107 powr\u00f3t ich naj\u00adstar\u00adszej c\u00f3r\u00adki z zagra\u00adni\u00adcy. Rodzi\u00adna nie widzia\u00ad\u0142a jej bowiem od d\u0142u\u017c\u00adsze\u00adgo cza\u00adsu, wi\u0119c rodzi\u00adce byli ura\u00addo\u00adwa\u00adni na my\u015bl o jej odwiedzinach.&nbsp;<\/p>\n\n\n\n<p>Go\u015bcie zacz\u0119\u00adli scho\u00addzi\u0107 si\u0119 o godzi\u00adnie 18:00. Poli\u00adcja zosta\u00ad\u0142a wezwa\u00adna na miej\u00adsce kil\u00adka minut po godzi\u00adnie 23:00. Gospo\u00addarz umar\u0142 w ogro\u00addo\u00adwej alta\u00adnie, w oto\u00adcze\u00adniu cz\u0119\u00ad\u015bci swo\u00adich go\u015bci. Podej\u00adrze\u00adwa\u00adno zawa\u0142, ale ponie\u00addzia\u0142\u00adko\u00adwe bada\u00adnie wyklu\u00adczy\u00ad\u0142o tak\u0105 mo\u017c\u00adli\u00adwo\u015b\u0107. Pato\u00adlog twier\u00addzi, \u017ce Ber\u00adnard Filip\u00adczak bez w\u0105t\u00adpie\u00adnia zosta\u0142 otruty.<\/p>\n\n\n\n<p>To wszyst\u00adko co w tej chwi\u00adli wiem. Za chwi\u00adl\u0119 otrzy\u00admam pierw\u00adsz\u0105 par\u00adti\u0119 materia\u0142\u00f3w.<\/p>\n\n\n\n<p>Szcze\u00adrze m\u00f3wi\u0105c\u2026 Nie mog\u0119 si\u0119 doczeka\u0107.<\/p>\n\n\n\n<div class=\"wp-block-buttons is-layout-flex wp-block-buttons-is-layout-flex\">\n<div class=\"wp-block-button\"><a class=\"wp-block-button__link\" href=\"https:\/\/siriuscrime.com\/powrot-anny\/pokoj-detektywa\/dzien-1\/\">Dzie\u0144 1<\/a><\/div>\n<\/div>\n","protected":false},"excerpt":{"rendered":"<p>29 sierp\u00adnia 1932 Dzi\u015b o \u015bwi\u00adcie po raz pierw\u00adszy w \u017cyciu uda\u00ad\u0142o mi si\u0119 zoba\u00adczy\u0107 morze. Sk\u0105d pocho\u00addz\u0119? To ju\u017c nie ma zna\u00adcze\u00adnia. Naresz\u00adcie jestem, tu w Gdy\u00adni, w Mie\u00ad\u015bcie z Morza i Marze\u0144, jak o nim m\u00f3wi\u0105. Roz\u00adpo\u00adczy\u00adnam nowe \u017cycie. Mam ze sob\u0105 skrom\u00adn\u0105, sk\u00f3\u00adrza\u00adn\u0105 tor\u00adb\u0119, kil\u00adka sztuk ubio\u00adru na zmia\u00adn\u0119, nie\u00adwie\u00adle wi\u0119\u00adcej.&nbsp;To\u2026<\/p>\n","protected":false},"author":1,"featured_media":0,"parent":103,"menu_order":0,"comment_status":"closed","ping_status":"closed","template":"tw-header-transparent.php","meta":{"wp_typography_post_enhancements_disabled":false,"_uag_custom_page_level_css":"","footnotes":""},"class_list":["post-121","page","type-page","status-publish","hentry"],"yoast_head":"<!-- This site is optimized with the Yoast SEO plugin v27.2 - https:\/\/yoast.com\/product\/yoast-seo-wordpress\/ -->\n<title>Opowie\u015b\u0107 - Powr\u00f3t Anny<\/title>\n<meta name=\"robots\" content=\"index, follow, max-snippet:-1, max-image-preview:large, max-video-preview:-1\" \/>\n<link rel=\"canonical\" href=\"https:\/\/siriuscrime.com\/powrot-anny\/pokoj-detektywa\/opowiesc\/\" \/>\n<meta property=\"og:locale\" content=\"pl_PL\" \/>\n<meta property=\"og:type\" content=\"article\" \/>\n<meta property=\"og:title\" content=\"Opowie\u015b\u0107 - Powr\u00f3t Anny\" \/>\n<meta property=\"og:description\" content=\"29 sierpnia 1932 Dzi\u015b o \u015bwi\u00adcie po raz pierw\u00adszy w \u017cyciu uda\u00ad\u0142o mi si\u0119 zoba\u00adczy\u0107 morze. Sk\u0105d pocho\u00addz\u0119? To ju\u017c nie ma zna\u00adcze\u00adnia. Naresz\u00adcie jestem, tu w Gdy\u00adni, w Mie\u00ad\u015bcie z Morza i Marze\u0144, jak o nim m\u00f3wi\u0105. Roz\u00adpo\u00adczy\u00adnam nowe \u017cycie. Mam ze sob\u0105 skrom\u00adn\u0105, sk\u00f3\u00adrza\u00adn\u0105 tor\u00adb\u0119, kil\u00adka sztuk ubio\u00adru na zmia\u00adn\u0119, nie\u00adwie\u00adle wi\u0119cej.&nbsp; To&hellip;\" \/>\n<meta property=\"og:url\" content=\"https:\/\/siriuscrime.com\/powrot-anny\/pokoj-detektywa\/opowiesc\/\" \/>\n<meta property=\"og:site_name\" content=\"Powr\u00f3t Anny\" \/>\n<meta property=\"article:modified_time\" content=\"2020-11-11T17:52:27+00:00\" \/>\n<meta name=\"twitter:card\" content=\"summary_large_image\" \/>\n<meta name=\"twitter:label1\" content=\"Szacowany czas czytania\" \/>\n\t<meta name=\"twitter:data1\" content=\"3 minuty\" \/>\n<script type=\"application\/ld+json\" class=\"yoast-schema-graph\">{\"@context\":\"https:\/\/schema.org\",\"@graph\":[{\"@type\":\"WebPage\",\"@id\":\"https:\/\/siriuscrime.com\/powrot-anny\/pokoj-detektywa\/opowiesc\/\",\"url\":\"https:\/\/siriuscrime.com\/powrot-anny\/pokoj-detektywa\/opowiesc\/\",\"name\":\"Opowie\u015b\u0107 - Powr\u00f3t Anny\",\"isPartOf\":{\"@id\":\"https:\/\/siriuscrime.com\/powrot-anny\/#website\"},\"datePublished\":\"2020-11-07T12:34:33+00:00\",\"dateModified\":\"2020-11-11T17:52:27+00:00\",\"breadcrumb\":{\"@id\":\"https:\/\/siriuscrime.com\/powrot-anny\/pokoj-detektywa\/opowiesc\/#breadcrumb\"},\"inLanguage\":\"pl-PL\",\"potentialAction\":[{\"@type\":\"ReadAction\",\"target\":[\"https:\/\/siriuscrime.com\/powrot-anny\/pokoj-detektywa\/opowiesc\/\"]}]},{\"@type\":\"BreadcrumbList\",\"@id\":\"https:\/\/siriuscrime.com\/powrot-anny\/pokoj-detektywa\/opowiesc\/#breadcrumb\",\"itemListElement\":[{\"@type\":\"ListItem\",\"position\":1,\"name\":\"Strona g\u0142\u00f3wna\",\"item\":\"https:\/\/siriuscrime.com\/powrot-anny\/\"},{\"@type\":\"ListItem\",\"position\":2,\"name\":\"Pok\u00f3j detektywa\",\"item\":\"https:\/\/siriuscrime.com\/powrot-anny\/pokoj-detektywa\/\"},{\"@type\":\"ListItem\",\"position\":3,\"name\":\"Opowie\u015b\u0107\"}]},{\"@type\":\"WebSite\",\"@id\":\"https:\/\/siriuscrime.com\/powrot-anny\/#website\",\"url\":\"https:\/\/siriuscrime.com\/powrot-anny\/\",\"name\":\"Powr\u00f3t Anny\",\"description\":\"Gra detektywistyczna\",\"potentialAction\":[{\"@type\":\"SearchAction\",\"target\":{\"@type\":\"EntryPoint\",\"urlTemplate\":\"https:\/\/siriuscrime.com\/powrot-anny\/?s={search_term_string}\"},\"query-input\":{\"@type\":\"PropertyValueSpecification\",\"valueRequired\":true,\"valueName\":\"search_term_string\"}}],\"inLanguage\":\"pl-PL\"}]}<\/script>\n<!-- \/ Yoast SEO plugin. -->","yoast_head_json":{"title":"Opowie\u015b\u0107 - Powr\u00f3t Anny","robots":{"index":"index","follow":"follow","max-snippet":"max-snippet:-1","max-image-preview":"max-image-preview:large","max-video-preview":"max-video-preview:-1"},"canonical":"https:\/\/siriuscrime.com\/powrot-anny\/pokoj-detektywa\/opowiesc\/","og_locale":"pl_PL","og_type":"article","og_title":"Opowie\u015b\u0107 - Powr\u00f3t Anny","og_description":"29 sierpnia 1932 Dzi\u015b o \u015bwi\u00adcie po raz pierw\u00adszy w \u017cyciu uda\u00ad\u0142o mi si\u0119 zoba\u00adczy\u0107 morze. Sk\u0105d pocho\u00addz\u0119? To ju\u017c nie ma zna\u00adcze\u00adnia. Naresz\u00adcie jestem, tu w Gdy\u00adni, w Mie\u00ad\u015bcie z Morza i Marze\u0144, jak o nim m\u00f3wi\u0105. Roz\u00adpo\u00adczy\u00adnam nowe \u017cycie. Mam ze sob\u0105 skrom\u00adn\u0105, sk\u00f3\u00adrza\u00adn\u0105 tor\u00adb\u0119, kil\u00adka sztuk ubio\u00adru na zmia\u00adn\u0119, nie\u00adwie\u00adle wi\u0119cej.&nbsp; To&hellip;","og_url":"https:\/\/siriuscrime.com\/powrot-anny\/pokoj-detektywa\/opowiesc\/","og_site_name":"Powr\u00f3t Anny","article_modified_time":"2020-11-11T17:52:27+00:00","twitter_card":"summary_large_image","twitter_misc":{"Szacowany czas czytania":"3 minuty"},"schema":{"@context":"https:\/\/schema.org","@graph":[{"@type":"WebPage","@id":"https:\/\/siriuscrime.com\/powrot-anny\/pokoj-detektywa\/opowiesc\/","url":"https:\/\/siriuscrime.com\/powrot-anny\/pokoj-detektywa\/opowiesc\/","name":"Opowie\u015b\u0107 - Powr\u00f3t Anny","isPartOf":{"@id":"https:\/\/siriuscrime.com\/powrot-anny\/#website"},"datePublished":"2020-11-07T12:34:33+00:00","dateModified":"2020-11-11T17:52:27+00:00","breadcrumb":{"@id":"https:\/\/siriuscrime.com\/powrot-anny\/pokoj-detektywa\/opowiesc\/#breadcrumb"},"inLanguage":"pl-PL","potentialAction":[{"@type":"ReadAction","target":["https:\/\/siriuscrime.com\/powrot-anny\/pokoj-detektywa\/opowiesc\/"]}]},{"@type":"BreadcrumbList","@id":"https:\/\/siriuscrime.com\/powrot-anny\/pokoj-detektywa\/opowiesc\/#breadcrumb","itemListElement":[{"@type":"ListItem","position":1,"name":"Strona g\u0142\u00f3wna","item":"https:\/\/siriuscrime.com\/powrot-anny\/"},{"@type":"ListItem","position":2,"name":"Pok\u00f3j detektywa","item":"https:\/\/siriuscrime.com\/powrot-anny\/pokoj-detektywa\/"},{"@type":"ListItem","position":3,"name":"Opowie\u015b\u0107"}]},{"@type":"WebSite","@id":"https:\/\/siriuscrime.com\/powrot-anny\/#website","url":"https:\/\/siriuscrime.com\/powrot-anny\/","name":"Powr\u00f3t Anny","description":"Gra detektywistyczna","potentialAction":[{"@type":"SearchAction","target":{"@type":"EntryPoint","urlTemplate":"https:\/\/siriuscrime.com\/powrot-anny\/?s={search_term_string}"},"query-input":{"@type":"PropertyValueSpecification","valueRequired":true,"valueName":"search_term_string"}}],"inLanguage":"pl-PL"}]}},"uagb_featured_image_src":{"full":false,"thumbnail":false,"medium":false,"medium_large":false,"large":false,"1536x1536":false,"2048x2048":false,"post-thumbnail":false,"twentytwenty-fullscreen":false},"uagb_author_info":{"display_name":"Piotr Budzisz","author_link":"https:\/\/siriuscrime.com\/powrot-anny\/blog\/author\/piotr-budzisz\/"},"uagb_comment_info":0,"uagb_excerpt":"29 sierpnia 1932 Dzi\u015b o \u015bwi\u00adcie po raz pierw\u00adszy w \u017cyciu uda\u00ad\u0142o mi si\u0119 zoba\u00adczy\u0107 morze. Sk\u0105d pocho\u00addz\u0119? To ju\u017c nie ma zna\u00adcze\u00adnia. Naresz\u00adcie jestem, tu w Gdy\u00adni, w Mie\u00ad\u015bcie z Morza i Marze\u0144, jak o nim m\u00f3wi\u0105. Roz\u00adpo\u00adczy\u00adnam nowe \u017cycie. Mam ze sob\u0105 skrom\u00adn\u0105, sk\u00f3\u00adrza\u00adn\u0105 tor\u00adb\u0119, kil\u00adka sztuk ubio\u00adru na zmia\u00adn\u0119, nie\u00adwie\u00adle wi\u0119cej.&nbsp; To&hellip;","jetpack_sharing_enabled":true,"_links":{"self":[{"href":"https:\/\/siriuscrime.com\/powrot-anny\/wp-json\/wp\/v2\/pages\/121","targetHints":{"allow":["GET"]}}],"collection":[{"href":"https:\/\/siriuscrime.com\/powrot-anny\/wp-json\/wp\/v2\/pages"}],"about":[{"href":"https:\/\/siriuscrime.com\/powrot-anny\/wp-json\/wp\/v2\/types\/page"}],"author":[{"embeddable":true,"href":"https:\/\/siriuscrime.com\/powrot-anny\/wp-json\/wp\/v2\/users\/1"}],"replies":[{"embeddable":true,"href":"https:\/\/siriuscrime.com\/powrot-anny\/wp-json\/wp\/v2\/comments?post=121"}],"version-history":[{"count":0,"href":"https:\/\/siriuscrime.com\/powrot-anny\/wp-json\/wp\/v2\/pages\/121\/revisions"}],"up":[{"embeddable":true,"href":"https:\/\/siriuscrime.com\/powrot-anny\/wp-json\/wp\/v2\/pages\/103"}],"wp:attachment":[{"href":"https:\/\/siriuscrime.com\/powrot-anny\/wp-json\/wp\/v2\/media?parent=121"}],"curies":[{"name":"wp","href":"https:\/\/api.w.org\/{rel}","templated":true}]}}