{"id":103,"date":"2020-11-07T13:00:43","date_gmt":"2020-11-07T12:00:43","guid":{"rendered":"https:\/\/siriuscrime.com\/powrot-anny\/?page_id=103"},"modified":"2021-03-10T17:45:48","modified_gmt":"2021-03-10T16:45:48","slug":"pokoj-detektywa","status":"publish","type":"page","link":"https:\/\/siriuscrime.com\/powrot-anny\/pokoj-detektywa\/","title":{"rendered":"Pok\u00f3j detektywa"},"content":{"rendered":"\n<div class=\"wp-block-cover alignfull has-background-dim\"><img loading=\"lazy\" decoding=\"async\" width=\"1920\" height=\"1080\" sizes=\"auto, (max-width: 799px) 200vw, (max-width: 1920px) 100vw, 1920px\" class=\"wp-block-cover__image-background wp-image-51\" alt src=\"https:\/\/siriuscrime.com\/powrot-anny\/wp-content\/uploads\/sites\/2\/2020\/11\/PA-biuro-detektywa.jpg\" data-object-fit=\"cover\" srcset=\"https:\/\/siriuscrime.com\/powrot-anny\/wp-content\/uploads\/sites\/2\/2020\/11\/PA-biuro-detektywa.jpg 1920w, https:\/\/siriuscrime.com\/powrot-anny\/wp-content\/uploads\/sites\/2\/2020\/11\/PA-biuro-detektywa-300x169.jpg 300w, https:\/\/siriuscrime.com\/powrot-anny\/wp-content\/uploads\/sites\/2\/2020\/11\/PA-biuro-detektywa-1024x576.jpg 1024w, https:\/\/siriuscrime.com\/powrot-anny\/wp-content\/uploads\/sites\/2\/2020\/11\/PA-biuro-detektywa-768x432.jpg 768w, https:\/\/siriuscrime.com\/powrot-anny\/wp-content\/uploads\/sites\/2\/2020\/11\/PA-biuro-detektywa-1536x864.jpg 1536w, https:\/\/siriuscrime.com\/powrot-anny\/wp-content\/uploads\/sites\/2\/2020\/11\/PA-biuro-detektywa-1200x675.jpg 1200w\"><div class=\"wp-block-cover__inner-container is-layout-flow wp-block-cover-is-layout-flow\">\n<h1 class=\"has-text-align-center wp-block-heading\">Pok\u00f3j detektywa<\/h1>\n<\/div><\/div>\n\n\n\n<p>Pok\u00f3j jest nie\u00adwiel\u00adki, ale to M\u00f3j Pok\u00f3j. Trzy\u00admam tu wszyst\u00adkie mate\u00adria\u00ad\u0142y zwi\u0105\u00adza\u00adne ze \u015bledz\u00adtwem. Czy\u00adtam notat\u00adki wywia\u00addow\u00adc\u00f3w, cza\u00adsem prze\u00ads\u0142u\u00adchu\u00adj\u0119 te\u017c \u015bwiadk\u00f3w.&nbsp;<\/p>\n\n\n\n<p>Lubi\u0119 wra\u00adca\u0107 do raz prze\u00adczy\u00adta\u00adnych mate\u00adria\u00ad\u0142\u00f3w. Pra\u00adwie zawsze mam wra\u00ad\u017ce\u00adnie, \u017ce znaj\u00addu\u00adj\u0119 w nich co\u015b nowego.&nbsp;<\/p>\n\n\n\n<p>Podo\u00adba mi si\u0119 ta pra\u00adca. Mam nadzie\u00adj\u0119, \u017ce odnaj\u00add\u0119 oso\u00adb\u0119, kt\u00f3\u00adra zabi\u00ad\u0142a Ber\u00adnar\u00adda Filip\u00adcza\u00adka. Roz\u00adwi\u0105\u00adza\u0107 swo\u00adj\u0105 pierw\u00adsz\u0105 spra\u00adw\u0119 w trzy tygo\u00addnie\u2026 To by by\u0142o&nbsp;co\u015b!<\/p>\n\n\n\n<div class=\"wp-block-buttons is-content-justification-center is-layout-flex wp-block-buttons-is-layout-flex\">\n<div class=\"wp-block-button\"><a class=\"wp-block-button__link\" href=\"https:\/\/siriuscrime.com\/powrot-anny\/pokoj-detektywa\/opowiesc\/\">Opo\u00adwie\u015b\u0107<\/a><\/div>\n<\/div>\n\n\n\n<div class=\"wp-block-buttons is-content-justification-center is-layout-flex wp-block-buttons-is-layout-flex\">\n<div class=\"wp-block-button\"><a class=\"wp-block-button__link\" href=\"https:\/\/siriuscrime.com\/powrot-anny\/pokoj-detektywa\/dzien-1\/\">Dzie\u0144 1<\/a><\/div>\n\n\n\n<div class=\"wp-block-button\"><a class=\"wp-block-button__link\" href=\"https:\/\/siriuscrime.com\/powrot-anny\/pokoj-detektywa\/dzien-2\/\">dzie\u0144 2<\/a><\/div>\n\n\n\n<div class=\"wp-block-button\"><a class=\"wp-block-button__link\" href=\"https:\/\/siriuscrime.com\/powrot-anny\/pokoj-detektywa\/dzien-3\/\">Dzie\u0144 3<\/a><\/div>\n\n\n\n<div class=\"wp-block-button\"><a class=\"wp-block-button__link\" href=\"https:\/\/siriuscrime.com\/powrot-anny\/pokoj-detektywa\/raport-nr-1\/\">Raport NR&nbsp;1<\/a><\/div>\n<\/div>\n\n\n\n<div class=\"wp-block-buttons is-content-justification-center is-layout-flex wp-block-buttons-is-layout-flex\">\n<div class=\"wp-block-button\"><a class=\"wp-block-button__link\" href=\"https:\/\/siriuscrime.com\/powrot-anny\/pokoj-detektywa\/dzien-4\/\">Dzie\u0144 4<\/a><\/div>\n\n\n\n<div class=\"wp-block-button\"><a class=\"wp-block-button__link\" href=\"https:\/\/siriuscrime.com\/powrot-anny\/pokoj-detektywa\/dzien-5\/\">Dzie\u0144 5<\/a><\/div>\n\n\n\n<div class=\"wp-block-button\"><a class=\"wp-block-button__link\" href=\"https:\/\/siriuscrime.com\/powrot-anny\/pokoj-detektywa\/dzien-6\/\">Dzie\u0144 6<\/a><\/div>\n\n\n\n<div class=\"wp-block-button\"><a class=\"wp-block-button__link\" href=\"https:\/\/siriuscrime.com\/powrot-anny\/pokoj-detektywa\/raport-nr-2\/\">Raport Nr&nbsp;2<\/a><\/div>\n<\/div>\n\n\n\n<div class=\"wp-block-buttons is-content-justification-center is-layout-flex wp-block-buttons-is-layout-flex\">\n<div class=\"wp-block-button\"><a class=\"wp-block-button__link\" href=\"https:\/\/siriuscrime.com\/powrot-anny\/pokoj-detektywa\/dzien-7\/\">dzie\u0144 7<\/a><\/div>\n\n\n\n<div class=\"wp-block-button\"><a class=\"wp-block-button__link\" href=\"https:\/\/siriuscrime.com\/powrot-anny\/pokoj-detektywa\/dzien-8\/\">Dzie\u0144 8<\/a><\/div>\n\n\n\n<div class=\"wp-block-button\"><a class=\"wp-block-button__link\" href=\"https:\/\/siriuscrime.com\/powrot-anny\/pokoj-detektywa\/dzien-9\/\">dzie\u0144 9<\/a><\/div>\n\n\n\n<div class=\"wp-block-button\"><a class=\"wp-block-button__link\" href=\"https:\/\/siriuscrime.com\/powrot-anny\/pokoj-detektywa\/raport-nr-3\/\">Raport nr&nbsp;3<\/a><\/div>\n<\/div>\n\n\n\n<div class=\"wp-block-buttons is-content-justification-center is-layout-flex wp-block-buttons-is-layout-flex\">\n<div class=\"wp-block-button\"><a class=\"wp-block-button__link\" href=\"https:\/\/siriuscrime.com\/powrot-anny\/pokoj-detektywa\/dzien-10\/\">Dzie\u0144 10<\/a><\/div>\n\n\n\n<div class=\"wp-block-button\"><a class=\"wp-block-button__link\" href=\"https:\/\/siriuscrime.com\/powrot-anny\/pokoj-detektywa\/dzien-11\/\">Dzie\u0144 11<\/a><\/div>\n\n\n\n<div class=\"wp-block-button\"><a class=\"wp-block-button__link\" href=\"https:\/\/siriuscrime.com\/powrot-anny\/pokoj-detektywa\/dzien-12\/\">Dzie\u0144 12<\/a><\/div>\n\n\n\n<div class=\"wp-block-button\"><a class=\"wp-block-button__link\" href=\"https:\/\/siriuscrime.com\/powrot-anny\/pokoj-detektywa\/raport-nr-4\/\">Raport nr&nbsp;4<\/a><\/div>\n<\/div>\n\n\n\n<div class=\"wp-block-buttons is-content-justification-center is-layout-flex wp-block-buttons-is-layout-flex\">\n<div class=\"wp-block-button\"><a class=\"wp-block-button__link\" href=\"https:\/\/siriuscrime.com\/powrot-anny\/pokoj-detektywa\/dzien-13\/\">Dzie\u0144 13<\/a><\/div>\n\n\n\n<div class=\"wp-block-button\"><a class=\"wp-block-button__link\" href=\"https:\/\/siriuscrime.com\/powrot-anny\/pokoj-detektywa\/dzien-14\/\">dzie\u0144 14<\/a><\/div>\n\n\n\n<div class=\"wp-block-button\"><a class=\"wp-block-button__link\" href=\"https:\/\/siriuscrime.com\/powrot-anny\/pokoj-detektywa\/dzien-15\/\">dzie\u0144 15<\/a><\/div>\n\n\n\n<div class=\"wp-block-button\"><a class=\"wp-block-button__link\" href=\"https:\/\/siriuscrime.com\/powrot-anny\/pokoj-detektywa\/raport-nr-5\/\">Raport Nr&nbsp;5<\/a><\/div>\n<\/div>\n\n\n\n<div class=\"wp-block-buttons is-content-justification-center is-layout-flex wp-block-buttons-is-layout-flex\">\n<div class=\"wp-block-button\"><a class=\"wp-block-button__link\" href=\"https:\/\/siriuscrime.com\/powrot-anny\/pokoj-detektywa\/dzien-16\/\">dzie\u0144 16<\/a><\/div>\n\n\n\n<div class=\"wp-block-button\"><a class=\"wp-block-button__link\" href=\"https:\/\/siriuscrime.com\/powrot-anny\/pokoj-detektywa\/dzien-17\/\">Dzie\u0144 17<\/a><\/div>\n\n\n\n<div class=\"wp-block-button\"><a class=\"wp-block-button__link\" href=\"https:\/\/siriuscrime.com\/powrot-anny\/pokoj-detektywa\/dzien-18\/\">Dzie\u0144 18<\/a><\/div>\n\n\n\n<div class=\"wp-block-button is-style-fill\"><a class=\"wp-block-button__link\" href=\"https:\/\/siriuscrime.com\/powrot-anny\/pokoj-detektywa\/raport-nr-6\/\">Raport Nr&nbsp;6<\/a><\/div>\n<\/div>\n\n\n\n<div class=\"wp-block-buttons is-content-justification-center is-layout-flex wp-block-buttons-is-layout-flex\">\n<div class=\"wp-block-button\"><a class=\"wp-block-button__link\" href=\"https:\/\/siriuscrime.com\/powrot-anny\/pokoj-detektywa\/dzien-19\/\">Dzie\u0144 19<\/a><\/div>\n\n\n\n<div class=\"wp-block-button is-style-fill\"><a class=\"wp-block-button__link\" href=\"https:\/\/siriuscrime.com\/powrot-anny\/pokoj-detektywa\/dzien-20\/\">dzie\u0144 20<\/a><\/div>\n\n\n\n<div class=\"wp-block-button is-style-fill\"><a class=\"wp-block-button__link\" href=\"https:\/\/siriuscrime.com\/powrot-anny\/pokoj-detektywa\/dzien-21\/\">dzie\u0144 21<\/a><\/div>\n\n\n\n<div class=\"wp-block-button is-style-fill\"><a class=\"wp-block-button__link\" href=\"https:\/\/siriuscrime.com\/powrot-anny\/pokoj-detektywa\/raport-nr-7\/\">Raport Nr&nbsp;7<\/a><\/div>\n<\/div>\n\n\n\n<div class=\"wp-block-buttons is-content-justification-center is-layout-flex wp-block-buttons-is-layout-flex\">\n<div class=\"wp-block-button is-style-fill\"><a class=\"wp-block-button__link\" href=\"https:\/\/siriuscrime.com\/powrot-anny\/7-zlotych-pytan\/\">7 Z\u0142o\u00adtych&nbsp;pyta\u0144<\/a><\/div>\n<\/div>\n\n\n\n<h2 class=\"wp-block-heading\">Szablony edytowalne<\/h2>\n\n\n\n<p>Poni\u00ad\u017cej mo\u017cesz pobra\u0107 sza\u00adblon, kt\u00f3\u00adry mo\u017cesz wype\u0142\u00adni\u0107 elek\u00adtro\u00adnicz\u00adnie. Do edy\u00adcji nale\u00ad\u017cy wyko\u00adrzy\u00adsta\u0107 pro\u00adgram Ado\u00adbe Acro\u00adbat Reader.<\/p>\n\n\n\n<div class=\"wp-block-file\"><a href=\"https:\/\/siriuscrime.com\/powrot-anny\/wp-content\/uploads\/sites\/2\/2020\/11\/Protokol-sledczy-edytowalny.pdf\">Pro\u00adto\u00adkol-sled\u00adczy-edy\u00adto\u00adwal\u00adny<\/a><a href=\"https:\/\/siriuscrime.com\/powrot-anny\/wp-content\/uploads\/sites\/2\/2020\/11\/Protokol-sledczy-edytowalny.pdf\" class=\"wp-block-file__button\" download>Pobierz PDF<\/a><\/div>\n\n\n\n<h2 class=\"wp-block-heading\">Szablony do&nbsp;druku<\/h2>\n\n\n\n<div class=\"wp-block-file\"><a href=\"https:\/\/siriuscrime.com\/powrot-anny\/wp-content\/uploads\/sites\/2\/2020\/11\/Protokol-sledczy-do-druku.pdf\">Pro\u00adto\u00adk\u00f3\u0142 \u015bled\u00adczy \u2013 do dru\u00adku<\/a><a href=\"https:\/\/siriuscrime.com\/powrot-anny\/wp-content\/uploads\/sites\/2\/2020\/11\/Protokol-sledczy-do-druku.pdf\" class=\"wp-block-file__button\" download>Pobierz PDF<\/a><\/div>\n\n\n\n<div class=\"wp-block-file\"><a href=\"https:\/\/siriuscrime.com\/powrot-anny\/wp-content\/uploads\/sites\/2\/2020\/11\/Wypelniony-po-czesci-przez-detektywa-protokol-Bernarda.pdf\">Cz\u0119\u00ad\u015bcio\u00adwo wype\u0142\u00adnio\u00adny przez detek\u00adty\u00adwa pro\u00adto\u00adk\u00f3\u0142 Ber\u00adnar\u00adda<\/a><a href=\"https:\/\/siriuscrime.com\/powrot-anny\/wp-content\/uploads\/sites\/2\/2020\/11\/Wypelniony-po-czesci-przez-detektywa-protokol-Bernarda.pdf\" class=\"wp-block-file__button\" download>POBIERZ PDF<\/a><\/div>\n\n\n\n<div class=\"wp-block-file\"><a href=\"https:\/\/siriuscrime.com\/powrot-anny\/wp-content\/uploads\/sites\/2\/2020\/11\/zdjecia-postaci-cz1.pdf\">Zdj\u0119\u00adcia posta\u00adci cz 1<\/a><a href=\"https:\/\/siriuscrime.com\/powrot-anny\/wp-content\/uploads\/sites\/2\/2020\/11\/zdjecia-postaci-cz1.pdf\" class=\"wp-block-file__button\" download>POBIERZ PDF<\/a><\/div>\n\n\n\n<div class=\"wp-block-file\"><a href=\"https:\/\/siriuscrime.com\/powrot-anny\/wp-content\/uploads\/sites\/2\/2020\/11\/zdjecia-postaci-cz2.pdf\">Zdj\u0119\u00adcia posta\u00adci cz 2<\/a><a href=\"https:\/\/siriuscrime.com\/powrot-anny\/wp-content\/uploads\/sites\/2\/2020\/11\/zdjecia-postaci-cz2.pdf\" class=\"wp-block-file__button\" download>POBIERZ PDF<\/a><\/div>\n\n\n\n<div class=\"wp-block-file\"><a href=\"https:\/\/siriuscrime.com\/powrot-anny\/wp-content\/uploads\/sites\/2\/2021\/03\/Protokoly-sledcze-plik-zbiorczy.pdf\">Pro\u00adto\u00adko\u00ad\u0142y \u015bled\u00adcze \u2013 plik zbior\u00adczy<\/a><a href=\"https:\/\/siriuscrime.com\/powrot-anny\/wp-content\/uploads\/sites\/2\/2021\/03\/Protokoly-sledcze-plik-zbiorczy.pdf\" class=\"wp-block-file__button\" download>POBIERZ PDF<\/a><\/div>\n\n\n\n<p><\/p>\n","protected":false},"excerpt":{"rendered":"<p>Pok\u00f3j jest nie\u00adwiel\u00adki, ale to M\u00f3j Pok\u00f3j. Trzy\u00admam tu wszyst\u00adkie mate\u00adria\u00ad\u0142y zwi\u0105\u00adza\u00adne ze \u015bledz\u00adtwem. Czy\u00adtam notat\u00adki wywia\u00addow\u00adc\u00f3w, cza\u00adsem prze\u00ads\u0142u\u00adchu\u00adj\u0119 te\u017c \u015bwiad\u00adk\u00f3w.&nbsp; Lubi\u0119 wra\u00adca\u0107 do raz prze\u00adczy\u00adta\u00adnych mate\u00adria\u00ad\u0142\u00f3w. Pra\u00adwie zawsze mam wra\u00ad\u017ce\u00adnie, \u017ce znaj\u00addu\u00adj\u0119 w nich co\u015b nowe\u00adgo.&nbsp; Podo\u00adba mi si\u0119 ta pra\u00adca. Mam nadzie\u00adj\u0119, \u017ce odnaj\u00add\u0119 oso\u00adb\u0119, kt\u00f3\u00adra zabi\u00ad\u0142a Ber\u00adnar\u00adda Filip\u00adcza\u00adka. Roz\u00adwi\u0105\u00adza\u0107 swo\u00adj\u0105 pierw\u00adsz\u0105 spraw\u0119\u2026<\/p>\n","protected":false},"author":1,"featured_media":51,"parent":0,"menu_order":0,"comment_status":"closed","ping_status":"closed","template":"tw-header-transparent.php","meta":{"wp_typography_post_enhancements_disabled":false,"_uag_custom_page_level_css":"","footnotes":""},"class_list":["post-103","page","type-page","status-publish","has-post-thumbnail","hentry"],"yoast_head":"<!-- This site is optimized with the Yoast SEO plugin v27.2 - https:\/\/yoast.com\/product\/yoast-seo-wordpress\/ -->\n<title>Pok\u00f3j detektywa - Powr\u00f3t Anny<\/title>\n<meta name=\"robots\" content=\"index, follow, max-snippet:-1, max-image-preview:large, max-video-preview:-1\" \/>\n<link rel=\"canonical\" href=\"https:\/\/siriuscrime.com\/powrot-anny\/pokoj-detektywa\/\" \/>\n<meta property=\"og:locale\" content=\"pl_PL\" \/>\n<meta property=\"og:type\" content=\"article\" \/>\n<meta property=\"og:title\" content=\"Pok\u00f3j detektywa - Powr\u00f3t Anny\" \/>\n<meta property=\"og:description\" content=\"Pok\u00f3j jest nie\u00adwiel\u00adki, ale to M\u00f3j Pok\u00f3j. Trzy\u00admam tu wszyst\u00adkie mate\u00adria\u00ad\u0142y zwi\u0105\u00adza\u00adne ze \u015bledz\u00adtwem. Czy\u00adtam notat\u00adki wywia\u00addow\u00adc\u00f3w, cza\u00adsem prze\u00ads\u0142u\u00adchu\u00adj\u0119 te\u017c \u015bwiadk\u00f3w.&nbsp; Lubi\u0119 wra\u00adca\u0107 do raz prze\u00adczy\u00adta\u00adnych mate\u00adria\u00ad\u0142\u00f3w. Pra\u00adwie zawsze mam wra\u00ad\u017ce\u00adnie, \u017ce znaj\u00addu\u00adj\u0119 w nich co\u015b nowego.&nbsp; Podo\u00adba mi si\u0119 ta pra\u00adca. Mam nadzie\u00adj\u0119, \u017ce odnaj\u00add\u0119 oso\u00adb\u0119, kt\u00f3\u00adra zabi\u00ad\u0142a Ber\u00adnar\u00adda Filip\u00adcza\u00adka. Roz\u00adwi\u0105\u00adza\u0107 swo\u00adj\u0105 pierw\u00adsz\u0105 spra\u00adw\u0119&hellip;\" \/>\n<meta property=\"og:url\" content=\"https:\/\/siriuscrime.com\/powrot-anny\/pokoj-detektywa\/\" \/>\n<meta property=\"og:site_name\" content=\"Powr\u00f3t Anny\" \/>\n<meta property=\"article:modified_time\" content=\"2021-03-10T16:45:48+00:00\" \/>\n<meta property=\"og:image\" content=\"https:\/\/siriuscrime.com\/powrot-anny\/wp-content\/uploads\/sites\/2\/2020\/11\/PA-biuro-detektywa.jpg\" \/>\n\t<meta property=\"og:image:width\" content=\"1920\" \/>\n\t<meta property=\"og:image:height\" content=\"1080\" \/>\n\t<meta property=\"og:image:type\" content=\"image\/jpeg\" \/>\n<meta name=\"twitter:card\" content=\"summary_large_image\" \/>\n<meta name=\"twitter:label1\" content=\"Szacowany czas czytania\" \/>\n\t<meta name=\"twitter:data1\" content=\"2 minuty\" \/>\n<script type=\"application\/ld+json\" class=\"yoast-schema-graph\">{\"@context\":\"https:\/\/schema.org\",\"@graph\":[{\"@type\":\"WebPage\",\"@id\":\"https:\/\/siriuscrime.com\/powrot-anny\/pokoj-detektywa\/\",\"url\":\"https:\/\/siriuscrime.com\/powrot-anny\/pokoj-detektywa\/\",\"name\":\"Pok\u00f3j detektywa - Powr\u00f3t Anny\",\"isPartOf\":{\"@id\":\"https:\/\/siriuscrime.com\/powrot-anny\/#website\"},\"primaryImageOfPage\":{\"@id\":\"https:\/\/siriuscrime.com\/powrot-anny\/pokoj-detektywa\/#primaryimage\"},\"image\":{\"@id\":\"https:\/\/siriuscrime.com\/powrot-anny\/pokoj-detektywa\/#primaryimage\"},\"thumbnailUrl\":\"https:\/\/siriuscrime.com\/powrot-anny\/wp-content\/uploads\/sites\/2\/2020\/11\/PA-biuro-detektywa.jpg\",\"datePublished\":\"2020-11-07T12:00:43+00:00\",\"dateModified\":\"2021-03-10T16:45:48+00:00\",\"breadcrumb\":{\"@id\":\"https:\/\/siriuscrime.com\/powrot-anny\/pokoj-detektywa\/#breadcrumb\"},\"inLanguage\":\"pl-PL\",\"potentialAction\":[{\"@type\":\"ReadAction\",\"target\":[\"https:\/\/siriuscrime.com\/powrot-anny\/pokoj-detektywa\/\"]}]},{\"@type\":\"ImageObject\",\"inLanguage\":\"pl-PL\",\"@id\":\"https:\/\/siriuscrime.com\/powrot-anny\/pokoj-detektywa\/#primaryimage\",\"url\":\"https:\/\/siriuscrime.com\/powrot-anny\/wp-content\/uploads\/sites\/2\/2020\/11\/PA-biuro-detektywa.jpg\",\"contentUrl\":\"https:\/\/siriuscrime.com\/powrot-anny\/wp-content\/uploads\/sites\/2\/2020\/11\/PA-biuro-detektywa.jpg\",\"width\":1920,\"height\":1080},{\"@type\":\"BreadcrumbList\",\"@id\":\"https:\/\/siriuscrime.com\/powrot-anny\/pokoj-detektywa\/#breadcrumb\",\"itemListElement\":[{\"@type\":\"ListItem\",\"position\":1,\"name\":\"Strona g\u0142\u00f3wna\",\"item\":\"https:\/\/siriuscrime.com\/powrot-anny\/\"},{\"@type\":\"ListItem\",\"position\":2,\"name\":\"Pok\u00f3j detektywa\"}]},{\"@type\":\"WebSite\",\"@id\":\"https:\/\/siriuscrime.com\/powrot-anny\/#website\",\"url\":\"https:\/\/siriuscrime.com\/powrot-anny\/\",\"name\":\"Powr\u00f3t Anny\",\"description\":\"Gra detektywistyczna\",\"potentialAction\":[{\"@type\":\"SearchAction\",\"target\":{\"@type\":\"EntryPoint\",\"urlTemplate\":\"https:\/\/siriuscrime.com\/powrot-anny\/?s={search_term_string}\"},\"query-input\":{\"@type\":\"PropertyValueSpecification\",\"valueRequired\":true,\"valueName\":\"search_term_string\"}}],\"inLanguage\":\"pl-PL\"}]}<\/script>\n<!-- \/ Yoast SEO plugin. -->","yoast_head_json":{"title":"Pok\u00f3j detektywa - Powr\u00f3t Anny","robots":{"index":"index","follow":"follow","max-snippet":"max-snippet:-1","max-image-preview":"max-image-preview:large","max-video-preview":"max-video-preview:-1"},"canonical":"https:\/\/siriuscrime.com\/powrot-anny\/pokoj-detektywa\/","og_locale":"pl_PL","og_type":"article","og_title":"Pok\u00f3j detektywa - Powr\u00f3t Anny","og_description":"Pok\u00f3j jest nie\u00adwiel\u00adki, ale to M\u00f3j Pok\u00f3j. Trzy\u00admam tu wszyst\u00adkie mate\u00adria\u00ad\u0142y zwi\u0105\u00adza\u00adne ze \u015bledz\u00adtwem. Czy\u00adtam notat\u00adki wywia\u00addow\u00adc\u00f3w, cza\u00adsem prze\u00ads\u0142u\u00adchu\u00adj\u0119 te\u017c \u015bwiadk\u00f3w.&nbsp; Lubi\u0119 wra\u00adca\u0107 do raz prze\u00adczy\u00adta\u00adnych mate\u00adria\u00ad\u0142\u00f3w. Pra\u00adwie zawsze mam wra\u00ad\u017ce\u00adnie, \u017ce znaj\u00addu\u00adj\u0119 w nich co\u015b nowego.&nbsp; Podo\u00adba mi si\u0119 ta pra\u00adca. Mam nadzie\u00adj\u0119, \u017ce odnaj\u00add\u0119 oso\u00adb\u0119, kt\u00f3\u00adra zabi\u00ad\u0142a Ber\u00adnar\u00adda Filip\u00adcza\u00adka. Roz\u00adwi\u0105\u00adza\u0107 swo\u00adj\u0105 pierw\u00adsz\u0105 spra\u00adw\u0119&hellip;","og_url":"https:\/\/siriuscrime.com\/powrot-anny\/pokoj-detektywa\/","og_site_name":"Powr\u00f3t Anny","article_modified_time":"2021-03-10T16:45:48+00:00","og_image":[{"width":1920,"height":1080,"url":"https:\/\/siriuscrime.com\/powrot-anny\/wp-content\/uploads\/sites\/2\/2020\/11\/PA-biuro-detektywa.jpg","type":"image\/jpeg"}],"twitter_card":"summary_large_image","twitter_misc":{"Szacowany czas czytania":"2 minuty"},"schema":{"@context":"https:\/\/schema.org","@graph":[{"@type":"WebPage","@id":"https:\/\/siriuscrime.com\/powrot-anny\/pokoj-detektywa\/","url":"https:\/\/siriuscrime.com\/powrot-anny\/pokoj-detektywa\/","name":"Pok\u00f3j detektywa - Powr\u00f3t Anny","isPartOf":{"@id":"https:\/\/siriuscrime.com\/powrot-anny\/#website"},"primaryImageOfPage":{"@id":"https:\/\/siriuscrime.com\/powrot-anny\/pokoj-detektywa\/#primaryimage"},"image":{"@id":"https:\/\/siriuscrime.com\/powrot-anny\/pokoj-detektywa\/#primaryimage"},"thumbnailUrl":"https:\/\/siriuscrime.com\/powrot-anny\/wp-content\/uploads\/sites\/2\/2020\/11\/PA-biuro-detektywa.jpg","datePublished":"2020-11-07T12:00:43+00:00","dateModified":"2021-03-10T16:45:48+00:00","breadcrumb":{"@id":"https:\/\/siriuscrime.com\/powrot-anny\/pokoj-detektywa\/#breadcrumb"},"inLanguage":"pl-PL","potentialAction":[{"@type":"ReadAction","target":["https:\/\/siriuscrime.com\/powrot-anny\/pokoj-detektywa\/"]}]},{"@type":"ImageObject","inLanguage":"pl-PL","@id":"https:\/\/siriuscrime.com\/powrot-anny\/pokoj-detektywa\/#primaryimage","url":"https:\/\/siriuscrime.com\/powrot-anny\/wp-content\/uploads\/sites\/2\/2020\/11\/PA-biuro-detektywa.jpg","contentUrl":"https:\/\/siriuscrime.com\/powrot-anny\/wp-content\/uploads\/sites\/2\/2020\/11\/PA-biuro-detektywa.jpg","width":1920,"height":1080},{"@type":"BreadcrumbList","@id":"https:\/\/siriuscrime.com\/powrot-anny\/pokoj-detektywa\/#breadcrumb","itemListElement":[{"@type":"ListItem","position":1,"name":"Strona g\u0142\u00f3wna","item":"https:\/\/siriuscrime.com\/powrot-anny\/"},{"@type":"ListItem","position":2,"name":"Pok\u00f3j detektywa"}]},{"@type":"WebSite","@id":"https:\/\/siriuscrime.com\/powrot-anny\/#website","url":"https:\/\/siriuscrime.com\/powrot-anny\/","name":"Powr\u00f3t Anny","description":"Gra detektywistyczna","potentialAction":[{"@type":"SearchAction","target":{"@type":"EntryPoint","urlTemplate":"https:\/\/siriuscrime.com\/powrot-anny\/?s={search_term_string}"},"query-input":{"@type":"PropertyValueSpecification","valueRequired":true,"valueName":"search_term_string"}}],"inLanguage":"pl-PL"}]}},"uagb_featured_image_src":{"full":["https:\/\/siriuscrime.com\/powrot-anny\/wp-content\/uploads\/sites\/2\/2020\/11\/PA-biuro-detektywa.jpg",1920,1080,false],"thumbnail":["https:\/\/siriuscrime.com\/powrot-anny\/wp-content\/uploads\/sites\/2\/2020\/11\/PA-biuro-detektywa-150x150.jpg",150,150,true],"medium":["https:\/\/siriuscrime.com\/powrot-anny\/wp-content\/uploads\/sites\/2\/2020\/11\/PA-biuro-detektywa-300x169.jpg",300,169,true],"medium_large":["https:\/\/siriuscrime.com\/powrot-anny\/wp-content\/uploads\/sites\/2\/2020\/11\/PA-biuro-detektywa-768x432.jpg",768,432,true],"large":["https:\/\/siriuscrime.com\/powrot-anny\/wp-content\/uploads\/sites\/2\/2020\/11\/PA-biuro-detektywa-1024x576.jpg",800,450,true],"1536x1536":["https:\/\/siriuscrime.com\/powrot-anny\/wp-content\/uploads\/sites\/2\/2020\/11\/PA-biuro-detektywa-1536x864.jpg",1536,864,true],"2048x2048":["https:\/\/siriuscrime.com\/powrot-anny\/wp-content\/uploads\/sites\/2\/2020\/11\/PA-biuro-detektywa.jpg",1920,1080,false],"post-thumbnail":["https:\/\/siriuscrime.com\/powrot-anny\/wp-content\/uploads\/sites\/2\/2020\/11\/PA-biuro-detektywa-1200x675.jpg",1200,675,true],"twentytwenty-fullscreen":["https:\/\/siriuscrime.com\/powrot-anny\/wp-content\/uploads\/sites\/2\/2020\/11\/PA-biuro-detektywa.jpg",1920,1080,false]},"uagb_author_info":{"display_name":"Piotr Budzisz","author_link":"https:\/\/siriuscrime.com\/powrot-anny\/blog\/author\/piotr-budzisz\/"},"uagb_comment_info":0,"uagb_excerpt":"Pok\u00f3j jest nie\u00adwiel\u00adki, ale to M\u00f3j Pok\u00f3j. Trzy\u00admam tu wszyst\u00adkie mate\u00adria\u00ad\u0142y zwi\u0105\u00adza\u00adne ze \u015bledz\u00adtwem. Czy\u00adtam notat\u00adki wywia\u00addow\u00adc\u00f3w, cza\u00adsem prze\u00ads\u0142u\u00adchu\u00adj\u0119 te\u017c \u015bwiadk\u00f3w.&nbsp; Lubi\u0119 wra\u00adca\u0107 do raz prze\u00adczy\u00adta\u00adnych mate\u00adria\u00ad\u0142\u00f3w. Pra\u00adwie zawsze mam wra\u00ad\u017ce\u00adnie, \u017ce znaj\u00addu\u00adj\u0119 w nich co\u015b nowego.&nbsp; Podo\u00adba mi si\u0119 ta pra\u00adca. Mam nadzie\u00adj\u0119, \u017ce odnaj\u00add\u0119 oso\u00adb\u0119, kt\u00f3\u00adra zabi\u00ad\u0142a Ber\u00adnar\u00adda Filip\u00adcza\u00adka. Roz\u00adwi\u0105\u00adza\u0107 swo\u00adj\u0105 pierw\u00adsz\u0105 spra\u00adw\u0119&hellip;","jetpack_sharing_enabled":true,"_links":{"self":[{"href":"https:\/\/siriuscrime.com\/powrot-anny\/wp-json\/wp\/v2\/pages\/103","targetHints":{"allow":["GET"]}}],"collection":[{"href":"https:\/\/siriuscrime.com\/powrot-anny\/wp-json\/wp\/v2\/pages"}],"about":[{"href":"https:\/\/siriuscrime.com\/powrot-anny\/wp-json\/wp\/v2\/types\/page"}],"author":[{"embeddable":true,"href":"https:\/\/siriuscrime.com\/powrot-anny\/wp-json\/wp\/v2\/users\/1"}],"replies":[{"embeddable":true,"href":"https:\/\/siriuscrime.com\/powrot-anny\/wp-json\/wp\/v2\/comments?post=103"}],"version-history":[{"count":2,"href":"https:\/\/siriuscrime.com\/powrot-anny\/wp-json\/wp\/v2\/pages\/103\/revisions"}],"predecessor-version":[{"id":1385,"href":"https:\/\/siriuscrime.com\/powrot-anny\/wp-json\/wp\/v2\/pages\/103\/revisions\/1385"}],"wp:featuredmedia":[{"embeddable":true,"href":"https:\/\/siriuscrime.com\/powrot-anny\/wp-json\/wp\/v2\/media\/51"}],"wp:attachment":[{"href":"https:\/\/siriuscrime.com\/powrot-anny\/wp-json\/wp\/v2\/media?parent=103"}],"curies":[{"name":"wp","href":"https:\/\/api.w.org\/{rel}","templated":true}]}}